{"id":4611,"date":"2024-01-17T14:05:00","date_gmt":"2024-01-17T12:05:00","guid":{"rendered":"https:\/\/alquienvasplastic.com\/?post_type=product&#038;p=4611"},"modified":"2024-02-13T16:20:19","modified_gmt":"2024-02-13T14:20:19","slug":"barca-inclusiva-infantil","status":"publish","type":"product","link":"https:\/\/alquienvasplastic.com\/it\/catalogo\/barca-inclusiva-infantil\/","title":{"rendered":"Barca inclusiva per bambini"},"content":{"rendered":"<p>L&#8217;installation r\u00e9cr\u00e9ative composite offre\u00a0:<br \/>\n&#8211; Toboggan en acier inoxydable avec main courante ;<br \/>\n&#8211; Des panneaux sensoriels pour diff\u00e9rentes activit\u00e9s r\u00e9cr\u00e9atives.<br \/>\nLa structure a la forme d&#8217;un bateau pour stimuler la cr\u00e9ativit\u00e9 des enfants.<\/p>","protected":false},"excerpt":{"rendered":"<p>Davanti allo scivolo, realizzato in acciaio inox con altezza 500 mm, \u00e8 presente un piano con supporti per facilitare la discesa.<br \/>\nTutti i pezzi sono uniti tra loro mediante viti in acciaio inox immerse nella struttura.<\/p>\n","protected":false},"featured_media":4614,"template":"","meta":[],"class_list":["post-4611","product","type-product","status-publish","has-post-thumbnail","hentry","product_cat-juegos-infantiles-plastico-reciclado","product_tag-juegos-plastico-reciclado"],"_links":{"self":[{"href":"https:\/\/alquienvasplastic.com\/it\/wp-json\/wp\/v2\/product\/4611"}],"collection":[{"href":"https:\/\/alquienvasplastic.com\/it\/wp-json\/wp\/v2\/product"}],"about":[{"href":"https:\/\/alquienvasplastic.com\/it\/wp-json\/wp\/v2\/types\/product"}],"wp:featuredmedia":[{"embeddable":true,"href":"https:\/\/alquienvasplastic.com\/it\/wp-json\/wp\/v2\/media\/4614"}],"wp:attachment":[{"href":"https:\/\/alquienvasplastic.com\/it\/wp-json\/wp\/v2\/media?parent=4611"}],"curies":[{"name":"wp","href":"https:\/\/api.w.org\/{rel}","templated":true}]}}