{"id":4482,"date":"2023-07-11T07:35:24","date_gmt":"2023-07-11T05:35:24","guid":{"rendered":"https:\/\/alquienvasplastic.com\/?post_type=product&#038;p=4482"},"modified":"2024-10-17T15:20:02","modified_gmt":"2024-10-17T13:20:02","slug":"panel-19-cm-en-plastico-reciclado","status":"publish","type":"product","link":"https:\/\/alquienvasplastic.com\/it\/catalogo\/panel-19-cm-en-plastico-reciclado\/","title":{"rendered":"Pannello tipo truciolare in plastica riciclata"},"content":{"rendered":"<p>Il pannello Board \u00e8 un pannello versatile e robusto con uno strato interno grossolano<br \/>\ne uno strato esterno liscio e sottile. \u00c8 un&#8217;ottima alternativa al legno<br \/>\npannelli e ha propriet\u00e0 eccellenti per l&#8217;uso in tutti i tipi di costruzione<br \/>\napplicazioni.<br \/>\nFacili da maneggiare e con una durata extra lunga, questi pannelli in plastica hanno<br \/>\ndimostrato di essere resistente all&#8217;acqua e all&#8217;umidit\u00e0 pur essendo a prova di scheggia,<br \/>\nesente da manutenzione e imputrescibile.<br \/>\nI pannelli di cartone possono essere lavorati pi\u00f9 o meno allo stesso modo del legno &#8211;<br \/>\nforatura, fresatura e segatura. Possono essere collegati mediante viti<br \/>\ne raccordi di collegamento.<br \/>\nSono disponibili in larghezze di 12 mm e 19 mm, con o senza<br \/>\ntrattamento superficiale antiscivolo, nei colori grigio scuro, verde, blu o rosso.<br \/>\nQuesti pannelli di plastica danno una seconda vita ai rifiuti di plastica. Si adattano perfettamente<br \/>\nnella serie di materiali da costruzione ecologici. Un investimento in<br \/>\nsostenibilit\u00e0 e ambiente.<\/p>","protected":false},"excerpt":{"rendered":"<p>Il pannello Board \u00e8 un pannello versatile e robusto con uno strato interno grossolano e uno strato esterno liscio e sottile. \u00c8 un&#8217;ottima alternativa al legno pannelli e ha propriet\u00e0 eccellenti per l&#8217;uso in tutti i tipi di costruzione applicazioni. Facili da maneggiare e con una durata extra lunga, questi pannelli in plastica hanno dimostrato [&hellip;]<\/p>\n","protected":false},"featured_media":4925,"template":"","meta":[],"class_list":["post-4482","product","type-product","status-publish","has-post-thumbnail","hentry","product_cat-edificacion","product_cat-placas-plastico-reciclado","product_tag-placas-plastico-reciclado"],"_links":{"self":[{"href":"https:\/\/alquienvasplastic.com\/it\/wp-json\/wp\/v2\/product\/4482"}],"collection":[{"href":"https:\/\/alquienvasplastic.com\/it\/wp-json\/wp\/v2\/product"}],"about":[{"href":"https:\/\/alquienvasplastic.com\/it\/wp-json\/wp\/v2\/types\/product"}],"wp:featuredmedia":[{"embeddable":true,"href":"https:\/\/alquienvasplastic.com\/it\/wp-json\/wp\/v2\/media\/4925"}],"wp:attachment":[{"href":"https:\/\/alquienvasplastic.com\/it\/wp-json\/wp\/v2\/media?parent=4482"}],"curies":[{"name":"wp","href":"https:\/\/api.w.org\/{rel}","templated":true}]}}