{"id":4451,"date":"2023-05-30T16:08:56","date_gmt":"2023-05-30T14:08:56","guid":{"rendered":"https:\/\/alquienvasplastic.com\/?post_type=product&#038;p=4451"},"modified":"2023-05-30T16:31:19","modified_gmt":"2023-05-30T14:31:19","slug":"columpio-con-cesto-en-plastico-reciclado","status":"publish","type":"product","link":"https:\/\/alquienvasplastic.com\/it\/catalogo\/columpio-con-cesto-en-plastico-reciclado\/","title":{"rendered":"Altalena con cesto"},"content":{"rendered":"<p>Altalena multiposto, che pu\u00f2 ospitare fino a 3 bambini, dotata di resistente e capiente cesta con doppie spille di sicurezza.<\/p>\n<p>Allegro, sicuro e adatto all&#8217;integrazione di bambini con disabilit\u00e0 e bambini sotto i 3 anni.<\/p>\n<p>Il gioco viene fissato al suolo interrando i piedi di circa 350 mm.<br \/>\nLa seduta \u00e8 costituita da un cesto in corda sospeso alla struttura con doppia catena.<br \/>\nTutti i pezzi sono uniti da viti in acciaio inox annegate nella struttura.<\/p>\n<p>Il gioco non ha parti sporgenti in plastica o altro materiale.<\/p>\n<p>Non necessita di manutenzione, \u00e8 antivandalo, non ingiallisce, \u00e8 resistente agli agenti atmosferici, \u00e8 ignifugo e non necessita di ancoraggio.<\/p>\n<p>* I colori dei materiali, compresi quelli delle foto e della documentazione tecnica, sono puramente indicativi e dipendono dalla disponibilit\u00e0 al momento della produzione.<\/p>","protected":false},"excerpt":{"rendered":"<p>Altalena multiposto, che pu\u00f2 ospitare fino a 3 bambini, dotata di resistente e capiente cesta con doppie spille di sicurezza. Allegro, sicuro e adatto all&#8217;integrazione di bambini con disabilit\u00e0 e bambini sotto i 3 anni. Il gioco viene fissato al suolo interrando i piedi di circa 350 mm. La seduta \u00e8 costituita da un cesto [&hellip;]<\/p>\n","protected":false},"featured_media":4453,"template":"","meta":[],"class_list":["post-4451","product","type-product","status-publish","has-post-thumbnail","hentry","product_cat-parques-infantiles-plastico-reciclado","product_cat-columpios","product_tag-juegos-plastico-reciclado","product_tag-parques-infantiles"],"_links":{"self":[{"href":"https:\/\/alquienvasplastic.com\/it\/wp-json\/wp\/v2\/product\/4451"}],"collection":[{"href":"https:\/\/alquienvasplastic.com\/it\/wp-json\/wp\/v2\/product"}],"about":[{"href":"https:\/\/alquienvasplastic.com\/it\/wp-json\/wp\/v2\/types\/product"}],"wp:featuredmedia":[{"embeddable":true,"href":"https:\/\/alquienvasplastic.com\/it\/wp-json\/wp\/v2\/media\/4453"}],"wp:attachment":[{"href":"https:\/\/alquienvasplastic.com\/it\/wp-json\/wp\/v2\/media?parent=4451"}],"curies":[{"name":"wp","href":"https:\/\/api.w.org\/{rel}","templated":true}]}}