{"id":3116,"date":"2020-04-21T12:51:27","date_gmt":"2020-04-21T10:51:27","guid":{"rendered":"https:\/\/alquienvasplastic.com\/?post_type=product&#038;p=3116"},"modified":"2024-03-05T16:41:40","modified_gmt":"2024-03-05T14:41:40","slug":"banco-urban-de-plastico-reciclado","status":"publish","type":"product","link":"https:\/\/alquienvasplastic.com\/it\/catalogo\/banco-urban-de-plastico-reciclado\/","title":{"rendered":"Banco Urban de pl\u00e1stico reciclado"},"content":{"rendered":"","protected":false},"excerpt":{"rendered":"<p>Banco dise\u00f1ado con 100% de pl\u00e1sticos reciclados postconsumo. Su dise\u00f1o garantiza la funcionalidad y la comodidad para fusionarse en un concepto modular flexible. Su concepto permite la creaci\u00f3n de un banco sin fin, combinando m\u00f3dulos individuales bajos o altos en diferentes colores frente a diferentes lados.Banco dise\u00f1ado con 100% de pl\u00e1sticos reciclados postconsumo. Su dise\u00f1o garantiza la funcionalidad y la comodidad para fusionarse en un concepto modular flexible. Su concepto permite la creaci\u00f3n de un banco sin fin, combinando m\u00f3dulos individuales bajos o altos en diferentes colores frente a diferentes lados.<\/p>\n","protected":false},"featured_media":3117,"template":"","meta":[],"class_list":["post-3116","product","type-product","status-publish","has-post-thumbnail","hentry","product_cat-mobiliario-urbano-plastico-reciclado","product_cat-bancos-plastico-reciclado","product_tag-bancos-plastico-reciclado"],"_links":{"self":[{"href":"https:\/\/alquienvasplastic.com\/it\/wp-json\/wp\/v2\/product\/3116"}],"collection":[{"href":"https:\/\/alquienvasplastic.com\/it\/wp-json\/wp\/v2\/product"}],"about":[{"href":"https:\/\/alquienvasplastic.com\/it\/wp-json\/wp\/v2\/types\/product"}],"wp:featuredmedia":[{"embeddable":true,"href":"https:\/\/alquienvasplastic.com\/it\/wp-json\/wp\/v2\/media\/3117"}],"wp:attachment":[{"href":"https:\/\/alquienvasplastic.com\/it\/wp-json\/wp\/v2\/media?parent=3116"}],"curies":[{"name":"wp","href":"https:\/\/api.w.org\/{rel}","templated":true}]}}