{"id":1878,"date":"2019-08-28T17:05:58","date_gmt":"2019-08-28T15:05:58","guid":{"rendered":"https:\/\/alquienvasplastic.com\/?post_type=product&#038;p=1878"},"modified":"2023-05-10T11:04:16","modified_gmt":"2023-05-10T09:04:16","slug":"vallado-reforzado","status":"publish","type":"product","link":"https:\/\/alquienvasplastic.com\/it\/catalogo\/vallado-reforzado\/","title":{"rendered":"Recinzione Rinforzata"},"content":{"rendered":"<p><\/p>\n<h3>MISURE<\/h3>\n<p>[vc_empty_space height=&#8221;25px&#8221;]<\/p>\n<h4>Suporto angolare<\/h4>\n<div class=\"datagrid\">\n<table>\n<thead>\n<tr>\n<th>Spessore<\/th>\n<th>Larghezza<\/th>\n<th>Lungo<\/th>\n<th>Colore<\/th>\n<th>Peso<\/th>\n<th>Referenza<\/th>\n<\/tr>\n<\/thead>\n<tbody>\n<tr class=\"notfirst\">\n<td>10 cm<\/td>\n<td>11 cm<\/td>\n<td>13 cm<\/td>\n<td>Marrone<\/td>\n<td>0,8 kg aprox.<\/td>\n<td>KEB101111<\/td>\n<\/tr>\n<\/tbody>\n<\/table>\n<\/div>\n<p>&nbsp;<\/p>\n<p>[vc_empty_space height=&#8221;25px&#8221;]<\/p>\n<h4>Palo per 3 barre con rinforzo<\/h4>\n<div class=\"datagrid\">\n<table>\n<thead>\n<tr>\n<th>Spessore<\/th>\n<th>Larghezza<\/th>\n<th>Lungo<\/th>\n<th>Colore<\/th>\n<th>Peso<\/th>\n<th>Referenza<\/th>\n<\/tr>\n<\/thead>\n<tbody>\n<tr class=\"notfirst\">\n<td>11 cm<\/td>\n<td>10 cm<\/td>\n<td>230 cm<\/td>\n<td>Marrone<\/td>\n<td>24,6 kg aprox.<\/td>\n<td>KPBA10112303-LA<\/td>\n<\/tr>\n<\/tbody>\n<\/table>\n<\/div>\n<p>&nbsp;<\/p>\n<p>[vc_empty_space height=&#8221;25px&#8221;]<\/p>\n<h4>Palo per 5 barre con rinforzo<\/h4>\n<div class=\"datagrid\">\n<table>\n<thead>\n<tr>\n<th>Spessore<\/th>\n<th>Larghezza<\/th>\n<th>Lungo<\/th>\n<th>Colore<\/th>\n<th>Peso<\/th>\n<th>Refer\u00e8ncia<\/th>\n<\/tr>\n<\/thead>\n<tbody>\n<tr class=\"notfirst\">\n<td>11 cm<\/td>\n<td>10 cm<\/td>\n<td>230 cm<\/td>\n<td>Marrone<\/td>\n<td>26,3 aprox.<\/td>\n<td>KPBA10112305<\/td>\n<\/tr>\n<\/tbody>\n<\/table>\n<\/div>\n<p>&nbsp;<\/p>\n<p>[vc_empty_space height=&#8221;25px&#8221;]<\/p>\n<h4>Traversa rinforzata<\/h4>\n<div class=\"datagrid\">\n<table>\n<thead>\n<tr>\n<th>Spessore<\/th>\n<th>Larghezza<\/th>\n<th>Lungo<\/th>\n<th>Colore<\/th>\n<th>Peso<\/th>\n<th>Refer\u00e8ncia<\/th>\n<\/tr>\n<\/thead>\n<tbody>\n<tr class=\"notfirst\">\n<td>9 cm<\/td>\n<td>9 cm<\/td>\n<td>240 cm<\/td>\n<td>Marrone<\/td>\n<td>20,6 aprox.<\/td>\n<td>AB090240F<\/td>\n<\/tr>\n<\/tbody>\n<\/table>\n<\/div>\n<p><\/p>","protected":false},"excerpt":{"rendered":"<p>Cos\u00ec conveniente e facile \u00e8 possibile ottenere grande qualit\u00e0 accanto alle classiche ottiche della recinzione di 3 o 5 traverse. Basta inserire le traverse nei fori nei pali e fissarli con una vite. E PRONTO! Inoltre, i pali e le tavole non solo sono realizzati in plastica riciclata durevole e durevole, ma sono anche rinforzati internamente con metallo. L&#8217;eterna recinzione. Gli angoli e i cambi di direzione sono facilmente avviene con il nostro adattatore in plastica riciclata.<\/p>\n<p>Colori disponibili:<\/p>\n<p>[vc_empty_space height=&#8221;40px&#8221;]<\/p>\n<h4 style=\"margin-bottom: 2%;\">Larghezza:<\/h4>\n<table style=\"background-color: white;\" cellspacing=\"2\">\n<tbody>\n<tr>\n<td style=\"vertical-align: top; background-color: #cccccc;\">230 cm<\/td>\n<\/tr>\n<\/tbody>\n<\/table>\n","protected":false},"featured_media":1881,"template":"","meta":[],"class_list":["post-1878","product","type-product","status-publish","has-post-thumbnail","hentry","product_cat-cercados-y-vallas","product_cat-cercados-plastico-reciclado","product_tag-vallas-plastico-recicaldo"],"_links":{"self":[{"href":"https:\/\/alquienvasplastic.com\/it\/wp-json\/wp\/v2\/product\/1878"}],"collection":[{"href":"https:\/\/alquienvasplastic.com\/it\/wp-json\/wp\/v2\/product"}],"about":[{"href":"https:\/\/alquienvasplastic.com\/it\/wp-json\/wp\/v2\/types\/product"}],"wp:featuredmedia":[{"embeddable":true,"href":"https:\/\/alquienvasplastic.com\/it\/wp-json\/wp\/v2\/media\/1881"}],"wp:attachment":[{"href":"https:\/\/alquienvasplastic.com\/it\/wp-json\/wp\/v2\/media?parent=1878"}],"curies":[{"name":"wp","href":"https:\/\/api.w.org\/{rel}","templated":true}]}}