{"id":765,"date":"2017-07-15T17:14:11","date_gmt":"2017-07-15T15:14:11","guid":{"rendered":"https:\/\/alquienvasplastic.com\/?page_id=765"},"modified":"2020-07-28T14:37:00","modified_gmt":"2020-07-28T12:37:00","slug":"aviso-legal","status":"publish","type":"page","link":"https:\/\/alquienvasplastic.com\/it\/aviso-legal\/","title":{"rendered":"Avviso legale"},"content":{"rendered":"<p>[vc_row][vc_column][vc_column_text]<\/p>\n<p style=\"text-align: justify;\">La presente nota legale (d&#8217;ora in poi, la &#8220;Nota legale&#8221;) regola l&#8217;utilizzo del servizio del portale Internet http:\/\/www.alquienvasplastic.com (d&#8217;ora in poi, il &#8220;Web&#8221;) del Gruppo Alquienvas con indirizzo sociale in C \/ Catalunya, 4 25337 Bellcaire d&#8217;Urgell (L\u00e9rida) e CIF: B25335332<\/p>\n<h3 style=\"text-align: justify;\">Legislazione<\/h3>\n<p style=\"text-align: justify;\">A tutti gli effetti, i rapporti tra il Gruppo Alquienvas e gli Utenti dei suoi servizi telematici, presenti sul Web, sono soggetti alla legislazione e giurisdizione spagnole. Le parti rinunciano espressamente alla giurisdizione che pu\u00f2 corrispondere e si sottopongono espressamente ai tribunali di Lleida per risolvere qualsiasi controversia che possa sorgere nell&#8217;interpretazione o esecuzione di queste condizioni contrattuali.<\/p>\n<h3 style=\"text-align: justify;\">Contenuto e utilizzo<\/h3>\n<p style=\"text-align: justify;\">L&#8217;Utente viene informato e accetta che l&#8217;accesso a questo sito Web non implica in alcun modo l&#8217;inizio di una relazione commerciale con Alqui.envas Ambiente Il proprietario del sito Web non si identifica con le opinioni ivi sostenute dal suo collaboratori. La Societ\u00e0 si riserva il diritto di apportare le modifiche che ritiene appropriate sul proprio sito Web senza preavviso, potendo cambiare, eliminare o aggiungere sia i contenuti e i servizi forniti attraverso di essa sia il modo in cui sono presentati o localizzati sui loro server.<\/p>\n<h3>Moduli di contatto<\/h3>\n<p>Il Titolare richiede dati personali, che possono includere: Nome e cognome, indirizzo e-mail, numero di telefono e indirizzo per rispondere alle vostre domande, gestire l&#8217;elenco di abbonamenti, inviare newsletter, promozioni e offerte speciali.<br \/>\nI dati forniti ad Alquienvas saranno archiviati sui server di Alquienvas, domiciliati presso Alquienvas Spagna.<\/p>\n<h3 style=\"text-align: justify;\">Propriet\u00e0 intellettuale e industriale<\/h3>\n<p style=\"text-align: justify;\">I diritti di propriet\u00e0 intellettuale del contenuto delle pagine Web, della loro progettazione grafica e dei codici sono di propriet\u00e0 del Gruppo Alquienvas e, pertanto, la loro riproduzione, distribuzione, comunicazione pubblica, trasformazione o qualsiasi altra attivit\u00e0 che pu\u00f2 essere svolta con i contenuti \u00e8 vietata delle sue pagine web o anche citando fonti, tranne il consenso scritto del proprietario. Tutti i nomi commerciali, marchi o segni diversi di qualsiasi tipo contenuti nelle pagine Web della Societ\u00e0 sono di propriet\u00e0 dei loro padroni e sono protetti dalla legge.<\/p>\n<h3 style=\"text-align: justify;\">Link (<em>links<\/em>)<\/h3>\n<p style=\"text-align: justify;\">La presenza di collegamenti (<em> collegamenti <\/em>) al sito Web sono solo a scopo informativo e in nessun caso implicano un suggerimento, un invito o una raccomandazione su di essi.<\/p>\n<h3 style=\"text-align: justify;\">Politica sui cookie (o <em>cookies<\/em>)<\/h3>\n<p style=\"text-align: justify;\">Il Web utilizza i cookie strettamente necessari ed essenziali perch\u00e9 usi il nostro sito Web e puoi spostarti liberamente, utilizzare aree sicure, opzioni personalizzate, ecc. Inoltre, utilizza i cookie che raccolgono dati relativi all&#8217;analisi dell&#8217;uso del Web. Questi sono usati per aiutare a migliorare e misurare l&#8217;uso e le prestazioni della pagina per ottimizzarla e personalizzarla.<br \/>\nIl nostro posto pu\u00f2 anche avere collegamenti ai social network (come Facebook, YouTube o Linkedin).<br \/>\nAlquienvas Group non controlla i cookie utilizzati da questi siti Web esterni.<br \/>\nPer ulteriori informazioni sui cookie dei social network o di altri siti Web di terze parti, ti consigliamo di rivedere le tue politiche sui cookie.<br \/>\nMaggiori informazioni sui cookie nel <a href=\"http:\/\/www.agpd.es\/portalwebAGPD\/canaldocumentacion\/publicaciones\/common\/Guias\/Guia_Cookies.pdf\" target=\"_blank\" rel=\"noopener noreferrer\">Gu\u00eda sobre lo uso de las cookies<\/a> de la <a href=\"http:\/\/www.agpd.es\/\" target=\"_blank\" rel=\"noopener noreferrer\">Agencia Espa\u00f1ola de Protecci\u00f3n de Datos<\/a>.<\/p>\n<h3 style=\"text-align: justify;\">Dati Fiscali<\/h3>\n<p style=\"text-align: justify;\">Alquienvas, S.L.<br \/>\nCIF: B25335332<br \/>\nC\/ Catalunya,4<br \/>\n25337 Bellcaire d\u2019Urgell<br \/>\nL\u00e9rida<br \/>\nTel\u00e9fono: +34 973 586 067<\/p>\n<p>[\/vc_column_text][\/vc_column][\/vc_row]<\/p>","protected":false},"excerpt":{"rendered":"<p>[vc_row][vc_column][vc_column_text] La presente nota legale (d&#8217;ora in poi, la &#8220;Nota legale&#8221;) regola l&#8217;utilizzo del servizio del portale Internet http:\/\/www.alquienvasplastic.com (d&#8217;ora in poi, il &#8220;Web&#8221;) del Gruppo Alquienvas con indirizzo sociale in C \/ Catalunya, 4 25337 Bellcaire d&#8217;Urgell (L\u00e9rida) e CIF: B25335332 Legislazione A tutti gli effetti, i rapporti tra il Gruppo Alquienvas e gli [&hellip;]<\/p>\n","protected":false},"author":3,"featured_media":0,"parent":0,"menu_order":0,"comment_status":"closed","ping_status":"closed","template":"page-single_footer.php","meta":{"footnotes":""},"class_list":["post-765","page","type-page","status-publish","hentry"],"_links":{"self":[{"href":"https:\/\/alquienvasplastic.com\/it\/wp-json\/wp\/v2\/pages\/765"}],"collection":[{"href":"https:\/\/alquienvasplastic.com\/it\/wp-json\/wp\/v2\/pages"}],"about":[{"href":"https:\/\/alquienvasplastic.com\/it\/wp-json\/wp\/v2\/types\/page"}],"author":[{"embeddable":true,"href":"https:\/\/alquienvasplastic.com\/it\/wp-json\/wp\/v2\/users\/3"}],"replies":[{"embeddable":true,"href":"https:\/\/alquienvasplastic.com\/it\/wp-json\/wp\/v2\/comments?post=765"}],"version-history":[{"count":0,"href":"https:\/\/alquienvasplastic.com\/it\/wp-json\/wp\/v2\/pages\/765\/revisions"}],"wp:attachment":[{"href":"https:\/\/alquienvasplastic.com\/it\/wp-json\/wp\/v2\/media?parent=765"}],"curies":[{"name":"wp","href":"https:\/\/api.w.org\/{rel}","templated":true}]}}