{"id":460,"date":"2017-05-23T18:11:43","date_gmt":"2017-05-23T16:11:43","guid":{"rendered":"https:\/\/alquienvasplastic.com\/?page_id=460"},"modified":"2023-05-26T10:19:49","modified_gmt":"2023-05-26T08:19:49","slug":"certificacion","status":"publish","type":"page","link":"https:\/\/alquienvasplastic.com\/it\/certificacion\/","title":{"rendered":"CERTIFICAZIONE"},"content":{"rendered":"<p>[vc_row css=&#8221;.vc_custom_1497112368221{margin-bottom: 0px !important;border-bottom-width: 0px !important;padding-bottom: 0px !important;}&#8221;][vc_column]    \n    <div class=\"title_subtitle\" style=\"text-align:center\">\n        <h3 style=\"color:#000000 !important; font-size:36px\">Certificati ottenuti<\/h3>\n        <hr class=\"title_subtitle_separator\" style=\"border-bottom-color:#000000\"><\/hr>            <\/div>\n\n\t[vc_row_inner][vc_column_inner width=&#8221;1\/2&#8243;][vc_single_image image=&#8221;557&#8243; img_size=&#8221;220&#215;220&#8243; alignment=&#8221;right&#8221;][\/vc_column_inner][vc_column_inner width=&#8221;1\/2&#8243;][vc_column_text]<\/p>\n<h3 style=\"text-align: justify;\">Der Blaue Engel<\/h3>\n<p style=\"text-align: justify;\">Questo certificato distingue i prodotti a basso impatto ambientale durante il loro ciclo di vita.<br \/>\n\u00c8 concesso a prodotti che soddisfano i propri criteri per ridurre l&#8217;impatto ambientale nelle fasi di fabbricazione e riciclaggio, imballaggio, uso, emissione, raccolta e rifiuto. Oltre ai criteri ambientali, incorpora quelli di qualit\u00e0, sicurezza, consumo di energia e altri. \u00c8 una delle etichette pi\u00f9 prestigiose al mondo.<\/p>\n<p>[\/vc_column_text][\/vc_column_inner][\/vc_row_inner][vc_empty_space][vc_row_inner][vc_column_inner width=&#8221;1\/2&#8243;][vc_single_image image=&#8221;566&#8243; img_size=&#8221;220&#215;220&#8243; alignment=&#8221;right&#8221;][\/vc_column_inner][vc_column_inner width=&#8221;1\/2&#8243;][vc_column_text]<\/p>\n<h3 style=\"text-align: justify;\">DIN EN 131<\/h3>\n<p style=\"text-align: justify;\">Questo \u00e8 un certificato che \u00e8 incluso in un progetto europeo per regolamentare un regolamento generale di sicurezza, requisiti e uso delle scale.<\/p>\n<p>[\/vc_column_text][\/vc_column_inner][\/vc_row_inner][vc_empty_space][vc_row_inner][vc_column_inner width=&#8221;1\/2&#8243;][vc_single_image image=&#8221;565&#8243; img_size=&#8221;220&#215;220&#8243; alignment=&#8221;right&#8221;][\/vc_column_inner][vc_column_inner width=&#8221;1\/2&#8243;][vc_column_text]<\/p>\n<h3 style=\"text-align: justify;\">DIN EN 71\/3<\/h3>\n<p style=\"text-align: justify;\">Il presente certificato si concentra sulle condizioni chimiche dei materiali che fanno parte della commercializzazione dei giocattoli, necessarie per conformarsi alla direttiva comunitaria sulla sicurezza dei giocattoli (2009\/48\/CE).<\/p>\n<p>[\/vc_column_text][\/vc_column_inner][\/vc_row_inner][vc_empty_space][vc_row_inner][vc_column_inner width=&#8221;1\/2&#8243;][vc_single_image image=&#8221;568&#8243; img_size=&#8221;220&#215;220&#8243; alignment=&#8221;right&#8221;][\/vc_column_inner][vc_column_inner width=&#8221;1\/2&#8243;][vc_column_text]<\/p>\n<h3 style=\"text-align: justify;\">Reach<\/h3>\n<p style=\"text-align: justify;\">Questo certificato rilasciato dalla <a href=\"https:\/\/echa.europa.eu\" target=\"_blank\" rel=\"noopener noreferrer\"> Agenzia europea per le sostanze chimiche <\/a> controlla la registrazione, la valutazione, l&#8217;autorizzazione e la limitazione di sostanze e preparati chimici, per garantire la sicurezza dei prodotti che sono stati realizzati con questi.<\/p>\n<p>[\/vc_column_text][\/vc_column_inner][\/vc_row_inner][vc_empty_space][vc_row_inner][vc_column_inner width=&#8221;1\/2&#8243;][vc_single_image image=&#8221;570&#8243; img_size=&#8221;220&#215;220&#8243; alignment=&#8221;right&#8221;][\/vc_column_inner][vc_column_inner width=&#8221;1\/2&#8243;][vc_column_text]<\/p>\n<h3 style=\"text-align: justify;\">ISO 50001<\/h3>\n<p style=\"text-align: justify;\">\u00c8 uno standard internazionale per il mantenimento e il miglioramento del sistema di gestione dell&#8217;energia, compresa l&#8217;efficienza energetica, la sicurezza energetica e l&#8217;uso e il consumo dell&#8217;energia stessa. Questo regolamento promuove che le organizzazioni riducano costantemente il loro consumo di energia, e quindi i loro costi energetici e l&#8217;emissione di gas a effetto serra.<\/p>\n<p>[\/vc_column_text][\/vc_column_inner][\/vc_row_inner][vc_row_inner][vc_column_inner width=&#8221;1\/2&#8243;][vc_single_image image=&#8221;571&#8243; img_size=&#8221;220&#215;220&#8243; alignment=&#8221;right&#8221;][\/vc_column_inner][vc_column_inner width=&#8221;1\/2&#8243;][vc_empty_space][vc_column_text]<\/p>\n<h3 style=\"text-align: justify;\">ISO 14001<\/h3>\n<p style=\"text-align: justify;\">Questa \u00e8 un&#8217;altra norma internazionale standard, che accredita la certificazione di protezione ambientale e supporta i piani ambientali di qualsiasi organizzazione pubblica o privata che garantisca la protezione dell&#8217;ambiente.<\/p>\n<p>[\/vc_column_text][\/vc_column_inner][\/vc_row_inner][vc_row_inner][vc_column_inner width=&#8221;1\/2&#8243;][vc_single_image image=&#8221;574&#8243; img_size=&#8221;220&#215;220&#8243; alignment=&#8221;right&#8221;][\/vc_column_inner][vc_column_inner width=&#8221;1\/2&#8243;][vc_empty_space][vc_column_text]<\/p>\n<h3 style=\"text-align: justify;\">Eucertplast<\/h3>\n<p style=\"text-align: justify;\">\u00c8 una certificazione che segue gli standard europei per essere in grado di valutare il contenuto del materiale riciclato dal riciclaggio della plastica e garantirne la qualit\u00e0. \u00c8 destinato esclusivamente alle aziende che utilizzano plastica riciclata &#8220;post-consumo&#8221;.<\/p>\n<p>[\/vc_column_text][\/vc_column_inner][\/vc_row_inner][\/vc_column][\/vc_row]<\/p>","protected":false},"excerpt":{"rendered":"<p>[vc_row css=&#8221;.vc_custom_1497112368221{margin-bottom: 0px !important;border-bottom-width: 0px !important;padding-bottom: 0px !important;}&#8221;][vc_column][vc_row_inner][vc_column_inner width=&#8221;1\/2&#8243;][vc_single_image image=&#8221;557&#8243; img_size=&#8221;220&#215;220&#8243; alignment=&#8221;right&#8221;][\/vc_column_inner][vc_column_inner width=&#8221;1\/2&#8243;][vc_column_text] Der Blaue Engel Questo certificato distingue i prodotti a basso impatto ambientale durante il loro ciclo di vita. \u00c8 concesso a prodotti che soddisfano i propri criteri per ridurre l&#8217;impatto ambientale nelle fasi di fabbricazione e riciclaggio, imballaggio, uso, emissione, raccolta e [&hellip;]<\/p>\n","protected":false},"author":3,"featured_media":0,"parent":0,"menu_order":0,"comment_status":"closed","ping_status":"closed","template":"","meta":{"footnotes":""},"class_list":["post-460","page","type-page","status-publish","hentry"],"_links":{"self":[{"href":"https:\/\/alquienvasplastic.com\/it\/wp-json\/wp\/v2\/pages\/460"}],"collection":[{"href":"https:\/\/alquienvasplastic.com\/it\/wp-json\/wp\/v2\/pages"}],"about":[{"href":"https:\/\/alquienvasplastic.com\/it\/wp-json\/wp\/v2\/types\/page"}],"author":[{"embeddable":true,"href":"https:\/\/alquienvasplastic.com\/it\/wp-json\/wp\/v2\/users\/3"}],"replies":[{"embeddable":true,"href":"https:\/\/alquienvasplastic.com\/it\/wp-json\/wp\/v2\/comments?post=460"}],"version-history":[{"count":0,"href":"https:\/\/alquienvasplastic.com\/it\/wp-json\/wp\/v2\/pages\/460\/revisions"}],"wp:attachment":[{"href":"https:\/\/alquienvasplastic.com\/it\/wp-json\/wp\/v2\/media?parent=460"}],"curies":[{"name":"wp","href":"https:\/\/api.w.org\/{rel}","templated":true}]}}