{"id":458,"date":"2017-05-23T18:11:29","date_gmt":"2017-05-23T16:11:29","guid":{"rendered":"https:\/\/alquienvasplastic.com\/?page_id=458"},"modified":"2024-04-17T15:36:46","modified_gmt":"2024-04-17T13:36:46","slug":"quien-somos","status":"publish","type":"page","link":"https:\/\/alquienvasplastic.com\/it\/quien-somos\/","title":{"rendered":"CHI SIAMO"},"content":{"rendered":"<p>[vc_row][vc_column][vc_video link=&#8221;https:\/\/www.youtube.com\/watch?v=7SrlpGr0Xrk&#8221;][vc_empty_space][\/vc_column][\/vc_row][vc_row][vc_column css=&#8221;.vc_custom_1497715235735{padding-top: 32px !important;padding-bottom: 32px !important;}&#8221;][vc_column_text]<\/p>\n<p style=\"text-align: justify;\">Il Gruppo Alquienvas offre ai suoi clienti la pi\u00f9 ampia gamma di prodotti fabbricati al 100% con plastica riciclata proveniente dalla raccolta differenziata urbana.<br \/>\nTutti i prodotti presentati in questo catalogo sono il risultato dell&#8217;esperienza pi\u00f9 comprovata, sia nella funzionalit\u00e0 che nella progettazione, dei 25 anni di attivit\u00e0 di Alquienvas in questo settore.<\/p>\n<p>[\/vc_column_text][vc_single_image image=&#8221;4188&#8243; img_size=&#8221;full&#8221; alignment=&#8221;center&#8221; style=&#8221;vc_box_border_circle&#8221;][vc_empty_space][vc_column_text]<\/p>\n<p style=\"text-align: justify;\">Il Gruppo Alquienvas consiglia inoltre i propri clienti nella scelta delle soluzioni ideali per ogni esigenza di raccolta selettiva. Una rapida fornitura e sicurezza optano sempre per la migliore alternativa.<br \/>\nUna vasta selezione di articoli promozionali, ideali per campagne e altre azioni di pubbliche relazioni e comunicazione, \u00e8 anche a vostra disposizione.[\/vc_column_text][\/vc_column][\/vc_row][vc_row][vc_column][vc_cta h2=&#8221;Consulenza + Processo + Materiali + Comunicazione ambientale = SOLUZIONE INTEGRALE&#8221; txt_align=&#8221;center&#8221; style=&#8221;flat&#8221; color=&#8221;green&#8221; add_button=&#8221;bottom&#8221; btn_title=&#8221;Chiedici senza impegno&#8221; btn_align=&#8221;center&#8221; btn_link=&#8221;url:https%3A%2F%2Falquienvasplastic.com%2Fcontacta%2F|||&#8221;]Eseguiamo dalla consulenza all&#8217;esecuzione della soluzione finale del sistema di raccolta, processo di riduzione dei rifiuti, prodotti riciclati e campagne di comunicazione ambientale, ottenendo la massima efficacia ed efficienza per i nostri clienti.[\/vc_cta][\/vc_column][\/vc_row][vc_row][vc_column]    \n    <div class=\"title_subtitle\" style=\"text-align:center\">\n        <h3 style=\"color:#65ad00 !important; font-size:36px\">AZIENDE DEL GRUPPO<\/h3>\n        <hr class=\"title_subtitle_separator\" style=\"border-bottom-color:#65ad00\"><\/hr>            <\/div>\n\n\t[\/vc_column][\/vc_row][vc_row full_width=&#8221;stretch_row_content_no_spaces&#8221;][vc_column width=&#8221;1\/4&#8243;][vc_single_image image=&#8221;4559&#8243; img_size=&#8221;medium&#8221; alignment=&#8221;center&#8221; onclick=&#8221;custom_link&#8221; img_link_target=&#8221;_blank&#8221; link=&#8221;http:\/\/www.alquienvas.com&#8221;][\/vc_column][vc_column width=&#8221;1\/4&#8243;][vc_single_image image=&#8221;4561&#8243; img_size=&#8221;medium&#8221; alignment=&#8221;center&#8221; onclick=&#8221;custom_link&#8221; img_link_target=&#8221;_blank&#8221; link=&#8221;http:\/\/www.greenprojectsolutions.com&#8221;][\/vc_column][vc_column width=&#8221;1\/4&#8243;][vc_single_image image=&#8221;4562&#8243; img_size=&#8221;medium&#8221; alignment=&#8221;center&#8221; onclick=&#8221;custom_link&#8221; img_link_target=&#8221;_blank&#8221; link=&#8221;http:\/\/www.vicentsole.com&#8221;][\/vc_column][vc_column width=&#8221;1\/4&#8243;][vc_single_image image=&#8221;4557&#8243; img_size=&#8221;medium&#8221; alignment=&#8221;center&#8221; onclick=&#8221;custom_link&#8221; img_link_target=&#8221;_blank&#8221; link=&#8221;http:\/\/alquienvas-smart.com&#8221;][\/vc_column][\/vc_row][vc_row full_width=&#8221;stretch_row_content_no_spaces&#8221;][vc_column][vc_empty_space]    \n    <div class=\"title_subtitle\" style=\"text-align:center\">\n        <h3 style=\"color:#65ad00 !important; font-size:36px\">SERVIZI AGGIUNTIVI<\/h3>\n        <hr class=\"title_subtitle_separator\" style=\"border-bottom-color:#65ad00\"><\/hr>            <\/div>\n\n\t[vc_row_inner][vc_column_inner width=&#8221;1\/4&#8243;][vc_icon icon_fontawesome=&#8221;fa fa-codepen&#8221; color=&#8221;green&#8221; align=&#8221;center&#8221; css=&#8221;.vc_custom_1507061441011{margin-bottom: 0px !important;border-bottom-width: 0px !important;padding-bottom: 0px !important;}&#8221;][vc_column_text]<\/p>\n<h3 style=\"text-align: center;\">STOCCAGGIO<\/h3>\n<p>[\/vc_column_text][\/vc_column_inner][vc_column_inner width=&#8221;1\/4&#8243;][vc_icon icon_fontawesome=&#8221;fa fa-truck&#8221; color=&#8221;green&#8221; align=&#8221;center&#8221; css=&#8221;.vc_custom_1497715841579{margin-bottom: 0px !important;border-bottom-width: 0px !important;padding-bottom: 0px !important;}&#8221;][vc_column_text]<\/p>\n<h3 style=\"text-align: center;\">TRANSPORTO<\/h3>\n<p>[\/vc_column_text][\/vc_column_inner][vc_column_inner width=&#8221;1\/4&#8243;][vc_icon icon_fontawesome=&#8221;fa fa-check-square-o&#8221; color=&#8221;green&#8221; align=&#8221;center&#8221; css=&#8221;.vc_custom_1507058697591{margin-bottom: 0px !important;padding-bottom: 0px !important;}&#8221;][vc_column_text]<\/p>\n<h3 style=\"text-align: center;\">DISTRIBUZIONE<\/h3>\n<p>[\/vc_column_text][\/vc_column_inner][vc_column_inner width=&#8221;1\/4&#8243;][vc_icon icon_fontawesome=&#8221;fa fa-wrench&#8221; color=&#8221;green&#8221; align=&#8221;center&#8221; css=&#8221;.vc_custom_1497716260534{margin-bottom: 0px !important;border-bottom-width: 0px !important;padding-bottom: 0px !important;}&#8221;][vc_column_text]<\/p>\n<h3 style=\"text-align: center;\">MONTAGGIO<\/h3>\n<p>[\/vc_column_text][\/vc_column_inner][\/vc_row_inner][vc_row_inner][vc_column_inner width=&#8221;1\/4&#8243;][vc_icon icon_fontawesome=&#8221;fa fa-history&#8221; color=&#8221;green&#8221; align=&#8221;center&#8221; css=&#8221;.vc_custom_1497716217500{margin-bottom: 0px !important;border-bottom-width: 0px !important;padding-bottom: 0px !important;}&#8221;][vc_column_text]<\/p>\n<h3 style=\"text-align: center;\">MANUTENZIONE<\/h3>\n<p>[\/vc_column_text][\/vc_column_inner][vc_column_inner width=&#8221;1\/4&#8243;][vc_icon icon_fontawesome=&#8221;fa fa-envira&#8221; color=&#8221;green&#8221; align=&#8221;center&#8221; css=&#8221;.vc_custom_1497716319540{margin-bottom: 0px !important;border-bottom-width: 0px !important;padding-bottom: 0px !important;}&#8221;][vc_column_text]<\/p>\n<h3 style=\"text-align: center;\">CAMPAGNA DI AWARENESS<\/h3>\n<p>[\/vc_column_text][\/vc_column_inner][vc_column_inner width=&#8221;1\/4&#8243;][vc_icon icon_fontawesome=&#8221;fa fa-tasks&#8221; color=&#8221;green&#8221; align=&#8221;center&#8221; css=&#8221;.vc_custom_1507061704510{margin-bottom: 0px !important;padding-bottom: 0px !important;}&#8221;][vc_column_text]<\/p>\n<h3 style=\"text-align: center;\">CONTROLLO DI GESTIONE<\/h3>\n<p>[\/vc_column_text][\/vc_column_inner][vc_column_inner width=&#8221;1\/4&#8243;][vc_icon icon_fontawesome=&#8221;fa fa-calendar&#8221; color=&#8221;green&#8221; align=&#8221;center&#8221; css=&#8221;.vc_custom_1497716505817{margin-bottom: 0px !important;border-bottom-width: 0px !important;padding-bottom: 0px !important;}&#8221;][vc_column_text]<\/p>\n<h3 style=\"text-align: center;\">FINANZIAMENTO<\/h3>\n<p>[\/vc_column_text][\/vc_column_inner][\/vc_row_inner][vc_empty_space height=&#8221;52px&#8221;][\/vc_column][\/vc_row][vc_row][vc_column width=&#8221;1\/2&#8243;][vc_single_image image=&#8221;4418&#8243; img_size=&#8221;600&#215;300&#8243; alignment=&#8221;center&#8221; style=&#8221;vc_box_border_circle&#8221;][\/vc_column][vc_column width=&#8221;1\/2&#8243;][vc_single_image image=&#8221;4419&#8243; img_size=&#8221;600&#215;300&#8243; alignment=&#8221;center&#8221; style=&#8221;vc_box_border_circle&#8221;][\/vc_column][\/vc_row][vc_row][vc_column][vc_empty_space height=&#8221;52px&#8221;]    \n    <div class=\"title_subtitle\" style=\"text-align:center\">\n        <h3 style=\"color:#65ad00 !important; font-size:36px\">CERTIFICAZIONI<\/h3>\n        <hr class=\"title_subtitle_separator\" style=\"border-bottom-color:#65ad00\"><\/hr>            <\/div>\n\n\t[\/vc_column][\/vc_row][vc_row][vc_column width=&#8221;1\/3&#8243;][vc_single_image image=&#8221;4433&#8243; alignment=&#8221;center&#8221;][\/vc_column][vc_column width=&#8221;1\/3&#8243;][vc_single_image image=&#8221;4432&#8243; alignment=&#8221;center&#8221;][\/vc_column][vc_column width=&#8221;1\/3&#8243;][vc_single_image image=&#8221;4431&#8243; alignment=&#8221;center&#8221;][\/vc_column][\/vc_row]<\/p>","protected":false},"excerpt":{"rendered":"<p>[vc_row][vc_column][vc_video link=&#8221;https:\/\/www.youtube.com\/watch?v=7SrlpGr0Xrk&#8221;][vc_empty_space][\/vc_column][\/vc_row][vc_row][vc_column css=&#8221;.vc_custom_1497715235735{padding-top: 32px !important;padding-bottom: 32px !important;}&#8221;][vc_column_text] Il Gruppo Alquienvas offre ai suoi clienti la pi\u00f9 ampia gamma di prodotti fabbricati al 100% con plastica riciclata proveniente dalla raccolta differenziata urbana. Tutti i prodotti presentati in questo catalogo sono il risultato dell&#8217;esperienza pi\u00f9 comprovata, sia nella funzionalit\u00e0 che nella progettazione, dei 25 anni di attivit\u00e0 [&hellip;]<\/p>\n","protected":false},"author":3,"featured_media":0,"parent":0,"menu_order":0,"comment_status":"closed","ping_status":"closed","template":"","meta":{"footnotes":""},"class_list":["post-458","page","type-page","status-publish","hentry"],"_links":{"self":[{"href":"https:\/\/alquienvasplastic.com\/it\/wp-json\/wp\/v2\/pages\/458"}],"collection":[{"href":"https:\/\/alquienvasplastic.com\/it\/wp-json\/wp\/v2\/pages"}],"about":[{"href":"https:\/\/alquienvasplastic.com\/it\/wp-json\/wp\/v2\/types\/page"}],"author":[{"embeddable":true,"href":"https:\/\/alquienvasplastic.com\/it\/wp-json\/wp\/v2\/users\/3"}],"replies":[{"embeddable":true,"href":"https:\/\/alquienvasplastic.com\/it\/wp-json\/wp\/v2\/comments?post=458"}],"version-history":[{"count":42,"href":"https:\/\/alquienvasplastic.com\/it\/wp-json\/wp\/v2\/pages\/458\/revisions"}],"predecessor-version":[{"id":4704,"href":"https:\/\/alquienvasplastic.com\/it\/wp-json\/wp\/v2\/pages\/458\/revisions\/4704"}],"wp:attachment":[{"href":"https:\/\/alquienvasplastic.com\/it\/wp-json\/wp\/v2\/media?parent=458"}],"curies":[{"name":"wp","href":"https:\/\/api.w.org\/{rel}","templated":true}]}}