{"id":130,"date":"2015-09-30T09:49:11","date_gmt":"2015-09-30T07:49:11","guid":{"rendered":"http:\/\/import.getbowtied.com\/the-retailer-v1.1\/?page_id=130"},"modified":"2020-07-28T16:15:50","modified_gmt":"2020-07-28T14:15:50","slug":"faqs","status":"publish","type":"page","link":"https:\/\/alquienvasplastic.com\/it\/faqs\/","title":{"rendered":"Faqs"},"content":{"rendered":"<p>[vc_row css=&#8221;.vc_custom_1498415176708{padding-top: 4% !important;padding-bottom: 4% !important;background-color: #315e94 !important;background-position: center !important;background-repeat: no-repeat !important;background-size: cover !important;}&#8221; background_style=&#8221;normal&#8221; font_color=&#8221;#ffffff&#8221;][vc_column 0=&#8221;&#8221;][vc_row_inner type=&#8221;boxed&#8221;][vc_column_inner 0=&#8221;&#8221;]    \n    <div class=\"title_subtitle\" style=\"text-align:center\">\n        <h3 style=\"color:#ffffff !important; font-size:40px\">FAQS - Preguntas frequentes<\/h3>\n        <hr class=\"title_subtitle_separator\" style=\"border-bottom-color:#ffffff\"><\/hr>        <h4 style=\"color:#ffffff !important; font-size:15px\">En esta p\u00e1gina damos respuesta a todas sus posibles dudas. Si no encuentra la soluci\u00f3n que esta buscando puede ponerse en contacto con nosotros<\/h4>    <\/div>\n\n\t[\/vc_column_inner][\/vc_row_inner][\/vc_column][\/vc_row][vc_row type=&#8221;boxed&#8221; background_style=&#8221;normal&#8221; css=&#8221;.vc_custom_1404742475971{margin-top: 75px !important;}&#8221;][vc_column width=&#8221;1\/4&#8243;]    \n    <div class=\"title_subtitle\" style=\"text-align:left\">\n        <h3 style=\"color:#315e94 !important; font-size:24px\">Material<\/h3>\n        <hr class=\"title_subtitle_separator\" style=\"border-bottom-color:#315e94\"><\/hr>            <\/div>\n\n\t[\/vc_column][vc_column width=&#8221;3\/4&#8243;][vc_tta_accordion shape=&#8221;square&#8221; color=&#8221;white&#8221; c_icon=&#8221;chevron&#8221; active_section=&#8221;1&#8243; no_fill=&#8221;true&#8221;][vc_tta_section title=&#8221;\u00bfQue es el pl\u00e1stico reciclado?&#8221; tab_id=&#8221;1435912969194-860fc9af-a813&#8243;][vc_column_text 0=&#8221;&#8221;]<\/p>\n<p style=\"text-align: justify;\">El <b>pl\u00e1stico reciclado<\/b> es un material formado por <b>pl\u00e1stico 100% reciclado<\/b> que tiene numerosas ventajas sobre la madera natural. En Espa\u00f1a tambi\u00e9n se utiliza la denominaci\u00f3n <b>madera pl\u00e1stica<\/b> para referirse a un material de menor calidad.<\/p>\n<p>[\/vc_column_text][\/vc_tta_section][vc_tta_section title=&#8221;\u00bfPuedo comprar los productos de Alqui-Envas?&#8221; tab_id=&#8221;1435912969710-460c83b5-290b&#8221;][vc_column_text 0=&#8221;&#8221;]<\/p>\n<p style=\"text-align: justify;\">Por supuesto, puede hacernos un pedido por tel\u00e9fono al 973 58 60 67, o mediante correo electr\u00f3nico a la direcci\u00f3n: plastic@alquienvas.com<\/p>\n<p>[\/vc_column_text][\/vc_tta_section][\/vc_tta_accordion][\/vc_column][\/vc_row][vc_row css=&#8221;.vc_custom_1404801462081{margin-top: 75px !important;}&#8221; background_style=&#8221;normal&#8221;][vc_column 0=&#8221;&#8221;][vc_separator 0=&#8221;&#8221;][\/vc_column][\/vc_row][vc_row type=&#8221;boxed&#8221; background_style=&#8221;normal&#8221; css=&#8221;.vc_custom_1404742510204{margin-top: 75px !important;}&#8221;][vc_column width=&#8221;1\/4&#8243;]    \n    <div class=\"title_subtitle\" style=\"text-align:left\">\n        <h3 style=\"color:#315e94 !important; font-size:24px\">Aplicaciones<\/h3>\n        <hr class=\"title_subtitle_separator\" style=\"border-bottom-color:#315e94\"><\/hr>            <\/div>\n\n\t[\/vc_column][vc_column width=&#8221;3\/4&#8243;][vc_tta_accordion shape=&#8221;square&#8221; color=&#8221;white&#8221; c_icon=&#8221;chevron&#8221; active_section=&#8221;1&#8243; no_fill=&#8221;true&#8221;][vc_tta_section title=&#8221;\u00bfCu\u00e1les son las ventajas del mobiliario de pl\u00e1stico 100% reciclado\u201d?&#8221; tab_id=&#8221;1435913705259-76210349-7fde&#8221;][vc_column_text 0=&#8221;&#8221;]<\/p>\n<p style=\"text-align: justify;\">Las ventajas del mobiliario de pl\u00e1stico 100% reciclado son muchas, las principales son:<\/p>\n<ul>\n<li>ECOLOGICOS<\/li>\n<li>ECONOMICOS<\/li>\n<li>PRACTICOS<\/li>\n<\/ul>\n<p>[\/vc_column_text][\/vc_tta_section][\/vc_tta_accordion][\/vc_column][\/vc_row][vc_row css=&#8221;.vc_custom_1404801462081{margin-top: 75px !important;}&#8221; background_style=&#8221;normal&#8221;][vc_column 0=&#8221;&#8221;][vc_separator 0=&#8221;&#8221;][\/vc_column][\/vc_row][vc_row type=&#8221;boxed&#8221; background_style=&#8221;normal&#8221; css=&#8221;.vc_custom_1404742510204{margin-top: 75px !important;}&#8221;][vc_column width=&#8221;1\/4&#8243;]    \n    <div class=\"title_subtitle\" style=\"text-align:left\">\n        <h3 style=\"color:#315e94 !important; font-size:24px\">Productos<\/h3>\n        <hr class=\"title_subtitle_separator\" style=\"border-bottom-color:#315e94\"><\/hr>            <\/div>\n\n\t[\/vc_column][vc_column width=&#8221;3\/4&#8243;][vc_tta_accordion shape=&#8221;square&#8221; color=&#8221;white&#8221; c_icon=&#8221;chevron&#8221; active_section=&#8221;1&#8243; no_fill=&#8221;true&#8221;][vc_tta_section title=&#8221;\u00bfQu\u00e9 medidas tienen los postes de plastimadera?&#8221; tab_id=&#8221;1498415083721-6a017a0b-ccbc&#8221;][vc_column_text 0=&#8221;&#8221;]<\/p>\n<p style=\"text-align: justify;\">Los <b>postes de plastimadera<\/b> o <b>de pl\u00e1stico 100% reciclado<\/b>, pueden tener distintas medidas tanto de grosor como de longitud. En Alquienvas Group disponemos de una amplia gamma de <b>postes en pl\u00e1stio reciclado.<\/b><\/p>\n<p>[\/vc_column_text][\/vc_tta_section][\/vc_tta_accordion][\/vc_column][\/vc_row][vc_row css=&#8221;.vc_custom_1497717830532{margin-top: 75px !important;padding-top: 25px !important;padding-bottom: 25px !important;background-color: #315e94 !important;}&#8221; background_style=&#8221;normal&#8221;][vc_column 0=&#8221;&#8221;]    \n    <div class=\"title_subtitle\" style=\"text-align:center\">\n        <h3 style=\"color:#ffffff !important; font-size:24px\">\u00bfTiene alguna otra pregunta?<\/h3>\n                    <\/div>\n\n\t[vc_btn title=&#8221;Contacte con nosotros&#8221; style=&#8221;flat&#8221; shape=&#8221;square&#8221; size=&#8221;lg&#8221; align=&#8221;center&#8221; link=&#8221;url:https%3A%2F%2Falquienvasplastic.com%2Fcontacta%2F|||&#8221;][\/vc_column][\/vc_row]<\/p>","protected":false},"excerpt":{"rendered":"<p>[vc_row css=&#8221;.vc_custom_1498415176708{padding-top: 4% !important;padding-bottom: 4% !important;background-color: #315e94 !important;background-position: center !important;background-repeat: no-repeat !important;background-size: cover !important;}&#8221; background_style=&#8221;normal&#8221; font_color=&#8221;#ffffff&#8221;][vc_column 0=&#8221;&#8221;][vc_row_inner type=&#8221;boxed&#8221;][vc_column_inner 0=&#8221;&#8221;][\/vc_column_inner][\/vc_row_inner][\/vc_column][\/vc_row][vc_row type=&#8221;boxed&#8221; background_style=&#8221;normal&#8221; css=&#8221;.vc_custom_1404742475971{margin-top: 75px !important;}&#8221;][vc_column width=&#8221;1\/4&#8243;][\/vc_column][vc_column width=&#8221;3\/4&#8243;][vc_tta_accordion shape=&#8221;square&#8221; color=&#8221;white&#8221; c_icon=&#8221;chevron&#8221; active_section=&#8221;1&#8243; no_fill=&#8221;true&#8221;][vc_tta_section title=&#8221;\u00bfQue es el pl\u00e1stico reciclado?&#8221; tab_id=&#8221;1435912969194-860fc9af-a813&#8243;][vc_column_text 0=&#8221;&#8221;] El pl\u00e1stico reciclado es un material formado por pl\u00e1stico 100% reciclado que tiene numerosas ventajas sobre la [&hellip;]<\/p>\n","protected":false},"author":3,"featured_media":0,"parent":0,"menu_order":0,"comment_status":"closed","ping_status":"closed","template":"page-full_single_footer.php","meta":{"footnotes":""},"class_list":["post-130","page","type-page","status-publish","hentry"],"_links":{"self":[{"href":"https:\/\/alquienvasplastic.com\/it\/wp-json\/wp\/v2\/pages\/130"}],"collection":[{"href":"https:\/\/alquienvasplastic.com\/it\/wp-json\/wp\/v2\/pages"}],"about":[{"href":"https:\/\/alquienvasplastic.com\/it\/wp-json\/wp\/v2\/types\/page"}],"author":[{"embeddable":true,"href":"https:\/\/alquienvasplastic.com\/it\/wp-json\/wp\/v2\/users\/3"}],"replies":[{"embeddable":true,"href":"https:\/\/alquienvasplastic.com\/it\/wp-json\/wp\/v2\/comments?post=130"}],"version-history":[{"count":0,"href":"https:\/\/alquienvasplastic.com\/it\/wp-json\/wp\/v2\/pages\/130\/revisions"}],"wp:attachment":[{"href":"https:\/\/alquienvasplastic.com\/it\/wp-json\/wp\/v2\/media?parent=130"}],"curies":[{"name":"wp","href":"https:\/\/api.w.org\/{rel}","templated":true}]}}