{"id":985,"date":"2017-08-28T16:12:38","date_gmt":"2017-08-28T14:12:38","guid":{"rendered":"https:\/\/alquienvasplastic.com\/?post_type=product&#038;p=985"},"modified":"2023-05-15T13:58:18","modified_gmt":"2023-05-15T11:58:18","slug":"mastil-cuadrado-reforzado","status":"publish","type":"product","link":"https:\/\/alquienvasplastic.com\/fr\/catalogo\/mastil-cuadrado-reforzado\/","title":{"rendered":"M\u00e2t carr\u00e9 renforc\u00e9e"},"content":{"rendered":"<p><\/p>\n<h3>MEASURES<\/h3>\n<p>[vc_empty_space height=&#8221;25px&#8221;]<\/p>\n<h3>9 x 9 cm<\/h3>\n<div class=\"datagrid\">\n<table>\n<thead>\n<tr>\n<th>Longueur<\/th>\n<th>Couleur<\/th>\n<th>Poids<\/th>\n<th>R\u00e9f\u00e9rence<\/th>\n<th>Unit\u00e9s par palette<\/th>\n<\/tr>\n<\/thead>\n<tbody>\n<tr class=\"notfirst\">\n<td>200 cm<\/td>\n<td> gris<\/td>\n<td>15,8  kg env.<\/td>\n<td>AG090200<\/td>\n<td> 90<\/td>\n<\/tr>\n<tr class=\"notfirst\">\n<td> 225 cm<\/td>\n<td>gris<\/td>\n<td> 17,9 kg env.<\/td>\n<td> AG090225<\/td>\n<td> 90<\/td>\n<\/tr>\n<tr class=\"notfirst\">\n<td> 250 cm<\/td>\n<td> gris<\/td>\n<td> 20 kg env.<\/td>\n<td> AG090250<\/td>\n<td> 90<\/td>\n<\/tr>\n<tr class=\"notfirst\">\n<td> 275 cm<\/td>\n<td> gris<\/td>\n<td> 22,1 kg env.<\/td>\n<td> AG090275<\/td>\n<td> 90<\/td>\n<\/tr>\n<tr class=\"notfirst\">\n<td> 290 cm<\/td>\n<td> gris<\/td>\n<td> 23,9 kg arpox.<\/td>\n<td> AG090290<\/td>\n<td> 90<\/td>\n<\/tr>\n<tr class=\"notfirst\">\n<td> 200 cm<\/td>\n<td> marron<\/td>\n<td> 15,8  kg env.<\/td>\n<td> AB090200<\/td>\n<td> 90<\/td>\n<\/tr>\n<tr class=\"notfirst\">\n<td> 225 cm<\/td>\n<td> marron<\/td>\n<td>  17,9 kg env.<\/td>\n<td>  AB090225<\/td>\n<td> 90<\/td>\n<\/tr>\n<tr class=\"notfirst\">\n<td> 250 cm<\/td>\n<td>marron<\/td>\n<td> 20 kg env.<\/td>\n<td>  AB090250<\/td>\n<td> 90<\/td>\n<\/tr>\n<tr class=\"notfirst\">\n<td>275  cm<\/td>\n<td> marron<\/td>\n<td> 22,1 kg env.<\/td>\n<td>  AB090275<\/td>\n<td> 90<\/td>\n<\/tr>\n<tr class=\"notfirst\">\n<td> 290 cm<\/td>\n<td> marron<\/td>\n<td>  23,9 kg arpox.<\/td>\n<td>  AB090290<\/td>\n<td> 90<\/td>\n<\/tr>\n<\/tbody>\n<\/table>\n<\/div>\n<p>&nbsp;<\/p>\n<p>[vc_empty_space height=&#8221;25px&#8221;]<\/p>","protected":false},"excerpt":{"rendered":"<p>Couleurs disponibles:<\/p>\n<table>\n<tbody>\n<tr>\n<td style=\"vertical-align: top; background-color: #6a5951; height: 40px; width: 40px;\"><\/td>\n<td style=\"vertical-align: top; background-color: #717173; height: 40px; width: 40px;\"><\/td>\n<\/tr>\n<\/tbody>\n<\/table>\n<p>[vc_empty_space height=&#8221;40px&#8221;]<\/p>\n<h4 style=\"margin-bottom: 2%;\">MESURES (Largeur x Epaisseur):<\/h4>\n<table style=\"background-color: white;\" cellspacing=\"2px\">\n<tbody>\n<tr>\n<td style=\"vertical-align: top; background-color: #cccccc;\">9 x 9 cm<\/td>\n<\/tr>\n<\/tbody>\n<\/table>\n","protected":false},"featured_media":986,"template":"","meta":[],"class_list":["post-985","product","type-product","status-publish","has-post-thumbnail","hentry","product_cat-edificacion","product_cat-perfiles-plastico-reciclado","product_tag-perfiles-plastico-reciclado","product_tag-postes-con-punta","product_tag-vallas-plastico-recicaldo"],"_links":{"self":[{"href":"https:\/\/alquienvasplastic.com\/fr\/wp-json\/wp\/v2\/product\/985"}],"collection":[{"href":"https:\/\/alquienvasplastic.com\/fr\/wp-json\/wp\/v2\/product"}],"about":[{"href":"https:\/\/alquienvasplastic.com\/fr\/wp-json\/wp\/v2\/types\/product"}],"wp:featuredmedia":[{"embeddable":true,"href":"https:\/\/alquienvasplastic.com\/fr\/wp-json\/wp\/v2\/media\/986"}],"wp:attachment":[{"href":"https:\/\/alquienvasplastic.com\/fr\/wp-json\/wp\/v2\/media?parent=985"}],"curies":[{"name":"wp","href":"https:\/\/api.w.org\/{rel}","templated":true}]}}