{"id":955,"date":"2017-08-06T12:30:23","date_gmt":"2017-08-06T10:30:23","guid":{"rendered":"https:\/\/alquienvasplastic.com\/?post_type=product&#038;p=955"},"modified":"2020-12-28T19:38:36","modified_gmt":"2020-12-28T17:38:36","slug":"palet","status":"publish","type":"product","link":"https:\/\/alquienvasplastic.com\/fr\/catalogo\/palet\/","title":{"rendered":"Palet"},"content":{"rendered":"<p>Pour la logistique et les activit\u00e9s de transport, cette palette est l&#8217;avenir: r\u00e9siste, n&#8217;est pas endommag\u00e9 et peut \u00eatre r\u00e9utilis\u00e9.<\/p>\n<p>Ou ils pourrissent ou voler en \u00e9clats. Ils peuvent \u00eatre personalitzar pour des besoins sp\u00e9cifiques.<\/p>","protected":false},"excerpt":{"rendered":"<p><strong>Imperm\u00e9able<\/strong><\/p>\n","protected":false},"featured_media":956,"template":"","meta":[],"class_list":["post-955","product","type-product","status-publish","has-post-thumbnail","hentry","product_cat-edificacion","product_cat-industria"],"_links":{"self":[{"href":"https:\/\/alquienvasplastic.com\/fr\/wp-json\/wp\/v2\/product\/955"}],"collection":[{"href":"https:\/\/alquienvasplastic.com\/fr\/wp-json\/wp\/v2\/product"}],"about":[{"href":"https:\/\/alquienvasplastic.com\/fr\/wp-json\/wp\/v2\/types\/product"}],"wp:featuredmedia":[{"embeddable":true,"href":"https:\/\/alquienvasplastic.com\/fr\/wp-json\/wp\/v2\/media\/956"}],"wp:attachment":[{"href":"https:\/\/alquienvasplastic.com\/fr\/wp-json\/wp\/v2\/media?parent=955"}],"curies":[{"name":"wp","href":"https:\/\/api.w.org\/{rel}","templated":true}]}}