{"id":953,"date":"2017-08-06T12:26:27","date_gmt":"2017-08-06T10:26:27","guid":{"rendered":"https:\/\/alquienvasplastic.com\/?post_type=product&#038;p=953"},"modified":"2020-12-28T19:38:36","modified_gmt":"2020-12-28T17:38:36","slug":"plato-guarda-neumaticos","status":"publish","type":"product","link":"https:\/\/alquienvasplastic.com\/fr\/catalogo\/plato-guarda-neumaticos\/","title":{"rendered":"Pneus vestiaire plaque"},"content":{"rendered":"<p>Ces plats sont la solution professionnelle pour l&#8217;entreposage des pneus tout au long de l&#8217;ann\u00e9e, en \u00e9t\u00e9 et en hiver. Ils ont une surface de contact lisse prot\u00e8ge le pneu pour tout dommage. Id\u00e9al pour les revendeurs, les agences et l&#8217;industrie automobile.<\/p>\n<p>Les pi\u00e8ces sont l\u00e9gers et tr\u00e8s utiles pour le transport de pneus et les roues, les prot\u00e9geant toujours les chocs et les rayures.<\/p>","protected":false},"excerpt":{"rendered":"<p><strong>\u00c9conomie pile et l&#8217;espace de stockage<\/strong><\/p>\n","protected":false},"featured_media":954,"template":"","meta":[],"class_list":["post-953","product","type-product","status-publish","has-post-thumbnail","hentry","product_cat-edificacion","product_cat-industria"],"_links":{"self":[{"href":"https:\/\/alquienvasplastic.com\/fr\/wp-json\/wp\/v2\/product\/953"}],"collection":[{"href":"https:\/\/alquienvasplastic.com\/fr\/wp-json\/wp\/v2\/product"}],"about":[{"href":"https:\/\/alquienvasplastic.com\/fr\/wp-json\/wp\/v2\/types\/product"}],"wp:featuredmedia":[{"embeddable":true,"href":"https:\/\/alquienvasplastic.com\/fr\/wp-json\/wp\/v2\/media\/954"}],"wp:attachment":[{"href":"https:\/\/alquienvasplastic.com\/fr\/wp-json\/wp\/v2\/media?parent=953"}],"curies":[{"name":"wp","href":"https:\/\/api.w.org\/{rel}","templated":true}]}}