{"id":947,"date":"2017-08-06T12:21:40","date_gmt":"2017-08-06T10:21:40","guid":{"rendered":"https:\/\/alquienvasplastic.com\/?post_type=product&#038;p=947"},"modified":"2020-12-28T19:38:36","modified_gmt":"2020-12-28T17:38:36","slug":"bloques-de-apoyo","status":"publish","type":"product","link":"https:\/\/alquienvasplastic.com\/fr\/catalogo\/bloques-de-apoyo\/","title":{"rendered":"Soutien des blogs"},"content":{"rendered":"<p>De colonnes axe de forage ces milieux fournissent une s\u00e9curit\u00e9 optimale pour ses produits, id\u00e9al pour le transport et le stockage de marchandises cylindrique.<\/p>\n<p>Usinable ne sont pas voler en \u00e9clats et son format peut \u00eatre une demande variable.<\/p>","protected":false},"excerpt":{"rendered":"<p><strong>Solutions sp\u00e9ciales pour l&#039;industrie du b\u00e9ton<\/strong><\/p>\n","protected":false},"featured_media":948,"template":"","meta":[],"class_list":["post-947","product","type-product","status-publish","has-post-thumbnail","hentry","product_cat-edificacion","product_cat-industria"],"_links":{"self":[{"href":"https:\/\/alquienvasplastic.com\/fr\/wp-json\/wp\/v2\/product\/947"}],"collection":[{"href":"https:\/\/alquienvasplastic.com\/fr\/wp-json\/wp\/v2\/product"}],"about":[{"href":"https:\/\/alquienvasplastic.com\/fr\/wp-json\/wp\/v2\/types\/product"}],"wp:featuredmedia":[{"embeddable":true,"href":"https:\/\/alquienvasplastic.com\/fr\/wp-json\/wp\/v2\/media\/948"}],"wp:attachment":[{"href":"https:\/\/alquienvasplastic.com\/fr\/wp-json\/wp\/v2\/media?parent=947"}],"curies":[{"name":"wp","href":"https:\/\/api.w.org\/{rel}","templated":true}]}}