{"id":943,"date":"2017-08-06T12:06:58","date_gmt":"2017-08-06T10:06:58","guid":{"rendered":"https:\/\/alquienvasplastic.com\/?post_type=product&#038;p=943"},"modified":"2020-12-28T19:38:36","modified_gmt":"2020-12-28T17:38:36","slug":"tacos-de-apoyo","status":"publish","type":"product","link":"https:\/\/alquienvasplastic.com\/fr\/catalogo\/tacos-de-apoyo\/","title":{"rendered":"Soutien tacos"},"content":{"rendered":"<p>De colonnes axe de forage ces supports offrent une s\u00e9curit\u00e9 optimale pour ses produits, parfait pour le transport et le stockage des marchandises cil\u00edndriques.S\u00f3n usinable fragmentent pas et son format peut \u00eatre une demande variable.<br \/>\n[vc_empty_space height=&#8221;25px&#8221;]<br \/>\n<img loading=\"lazy\" decoding=\"async\" src=\"https:\/\/alquienvasplastic.com\/wp-content\/uploads\/2017\/08\/fakten_1920x1920.jpg\" alt=\"\" width=\"500\" height=\"183\" class=\"aligncenter size-full wp-image-945\" srcset=\"https:\/\/alquienvasplastic.com\/wp-content\/uploads\/2017\/08\/fakten_1920x1920.jpg 900w, https:\/\/alquienvasplastic.com\/wp-content\/uploads\/2017\/08\/fakten_1920x1920-510x187.jpg 510w, https:\/\/alquienvasplastic.com\/wp-content\/uploads\/2017\/08\/fakten_1920x1920-150x55.jpg 150w, https:\/\/alquienvasplastic.com\/wp-content\/uploads\/2017\/08\/fakten_1920x1920-300x110.jpg 300w, https:\/\/alquienvasplastic.com\/wp-content\/uploads\/2017\/08\/fakten_1920x1920-768x282.jpg 768w\" sizes=\"(max-width: 500px) 100vw, 500px\" \/><\/p>","protected":false},"excerpt":{"rendered":"<p><strong>Pour les produits cylindriques<\/strong><\/p>\n","protected":false},"featured_media":944,"template":"","meta":[],"class_list":["post-943","product","type-product","status-publish","has-post-thumbnail","hentry","product_cat-edificacion","product_cat-industria"],"_links":{"self":[{"href":"https:\/\/alquienvasplastic.com\/fr\/wp-json\/wp\/v2\/product\/943"}],"collection":[{"href":"https:\/\/alquienvasplastic.com\/fr\/wp-json\/wp\/v2\/product"}],"about":[{"href":"https:\/\/alquienvasplastic.com\/fr\/wp-json\/wp\/v2\/types\/product"}],"wp:featuredmedia":[{"embeddable":true,"href":"https:\/\/alquienvasplastic.com\/fr\/wp-json\/wp\/v2\/media\/944"}],"wp:attachment":[{"href":"https:\/\/alquienvasplastic.com\/fr\/wp-json\/wp\/v2\/media?parent=943"}],"curies":[{"name":"wp","href":"https:\/\/api.w.org\/{rel}","templated":true}]}}