{"id":940,"date":"2017-08-06T11:59:19","date_gmt":"2017-08-06T09:59:19","guid":{"rendered":"https:\/\/alquienvasplastic.com\/?post_type=product&#038;p=940"},"modified":"2020-12-28T19:38:36","modified_gmt":"2020-12-28T17:38:36","slug":"perfil-triangular","status":"publish","type":"product","link":"https:\/\/alquienvasplastic.com\/fr\/catalogo\/perfil-triangular\/","title":{"rendered":"Profil triangulaire"},"content":{"rendered":"<p>La forme du profil peut \u00eatre personnalis\u00e9 en fonction de vos besoins.<br \/>\n<img loading=\"lazy\" decoding=\"async\" src=\"https:\/\/alquienvasplastic.com\/wp-content\/uploads\/2017\/08\/per_trian_2.jpg\" alt=\"\" width=\"223\" height=\"300\" class=\"aligncenter size-full wp-image-941\" srcset=\"https:\/\/alquienvasplastic.com\/wp-content\/uploads\/2017\/08\/per_trian_2.jpg 223w, https:\/\/alquienvasplastic.com\/wp-content\/uploads\/2017\/08\/per_trian_2-112x150.jpg 112w\" sizes=\"(max-width: 223px) 100vw, 223px\" \/><\/p>","protected":false},"excerpt":{"rendered":"<p><strong>Des variables fortes et robustes.<\/strong><br \/>\nIl assure les magasins de marchandises ou profils triangulaires. Ils sont r\u00e9utilisables, et contrairement au bois ne pourrit pas, car l&#8217;humidit\u00e9 rebut\u00e9.<\/p>\n<p>La forme du profil peut \u00eatre personnalis\u00e9 en fonction de vos besoins.<\/p>\n","protected":false},"featured_media":939,"template":"","meta":[],"class_list":["post-940","product","type-product","status-publish","has-post-thumbnail","hentry","product_cat-edificacion","product_cat-industria"],"_links":{"self":[{"href":"https:\/\/alquienvasplastic.com\/fr\/wp-json\/wp\/v2\/product\/940"}],"collection":[{"href":"https:\/\/alquienvasplastic.com\/fr\/wp-json\/wp\/v2\/product"}],"about":[{"href":"https:\/\/alquienvasplastic.com\/fr\/wp-json\/wp\/v2\/types\/product"}],"wp:featuredmedia":[{"embeddable":true,"href":"https:\/\/alquienvasplastic.com\/fr\/wp-json\/wp\/v2\/media\/939"}],"wp:attachment":[{"href":"https:\/\/alquienvasplastic.com\/fr\/wp-json\/wp\/v2\/media?parent=940"}],"curies":[{"name":"wp","href":"https:\/\/api.w.org\/{rel}","templated":true}]}}