{"id":932,"date":"2017-08-06T11:39:14","date_gmt":"2017-08-06T09:39:14","guid":{"rendered":"https:\/\/alquienvasplastic.com\/?post_type=product&#038;p=932"},"modified":"2020-12-28T19:38:37","modified_gmt":"2020-12-28T17:38:37","slug":"canaleta-de-ventilacion","status":"publish","type":"product","link":"https:\/\/alquienvasplastic.com\/fr\/catalogo\/canaleta-de-ventilacion\/","title":{"rendered":"Conduit de ventilation"},"content":{"rendered":"<p><strong>Robuste et \u00e9conomique.<\/strong><br \/>\nUn canal facilement int\u00e9gr\u00e9 dans de nombreux syst\u00e8mes et proc\u00e9d\u00e9s techniques, pourrait \u00eatre aussi les installations de compostage, les syst\u00e8mes de ventilation, etc. Ils sont r\u00e9sistants aux acides et alcalis, et neutre aux effets de l&#8217;eau et de l&#8217;humidit\u00e9.<\/p>\n<p>Usinage facile avec des outils conventionnels avec une interconnexion efficace du syst\u00e8me.<\/p>\n<p>Il est disponible en versions pour le raccordement des tuyaux et des bornes de rechange.<\/p>","protected":false},"excerpt":{"rendered":"<h4 style=\"margin-bottom: 2%;\">MESURES (longueur x largeur x hauteur)<\/h4>\n<table style=\"background-color: white;\" cellspacing=\"2px\">\n<tbody>\n<tr>\n<td style=\"vertical-align: top; background-color: rgb(204, 204, 204);\">100 x 37,3 x 20,5<\/td>\n<\/tr>\n<\/tbody>\n<\/table>\n","protected":false},"featured_media":933,"template":"","meta":[],"class_list":["post-932","product","type-product","status-publish","has-post-thumbnail","hentry","product_cat-edificacion","product_cat-industria"],"_links":{"self":[{"href":"https:\/\/alquienvasplastic.com\/fr\/wp-json\/wp\/v2\/product\/932"}],"collection":[{"href":"https:\/\/alquienvasplastic.com\/fr\/wp-json\/wp\/v2\/product"}],"about":[{"href":"https:\/\/alquienvasplastic.com\/fr\/wp-json\/wp\/v2\/types\/product"}],"wp:featuredmedia":[{"embeddable":true,"href":"https:\/\/alquienvasplastic.com\/fr\/wp-json\/wp\/v2\/media\/933"}],"wp:attachment":[{"href":"https:\/\/alquienvasplastic.com\/fr\/wp-json\/wp\/v2\/media?parent=932"}],"curies":[{"name":"wp","href":"https:\/\/api.w.org\/{rel}","templated":true}]}}