{"id":930,"date":"2017-08-06T11:30:59","date_gmt":"2017-08-06T09:30:59","guid":{"rendered":"https:\/\/alquienvasplastic.com\/?post_type=product&#038;p=930"},"modified":"2020-12-28T19:38:37","modified_gmt":"2020-12-28T17:38:37","slug":"canaleta-multiusos","status":"publish","type":"product","link":"https:\/\/alquienvasplastic.com\/fr\/catalogo\/canaleta-multiusos\/","title":{"rendered":"Multi-usages Canaleta"},"content":{"rendered":"<p><strong> Robuste et enoc\u00f2mica. <\/strong><\/p>\n<p>Ce conduit peut \u00eatre utilis\u00e9 \u00e0 la fois pour prot\u00e9ger les c\u00e2bles et tuyaux, des canaux ou des fournitures. Sert \u00e0 la fois la surface et les installations souterraines.<\/p>\n<p>Usinage facile avec des outils classiques, coupl\u00e9s facilement.<\/p>","protected":false},"excerpt":{"rendered":"<h4 style=\"margin-bottom: 2%;\">MESURES (longueur x largeur x hauteur)<\/h4>\n<table style=\"background-color: white;\" cellspacing=\"2px\">\n<tbody>\n<tr>\n<td style=\"vertical-align: top; background-color: rgb(204, 204, 204);\">100 x 37,3 x 20,5<\/td>\n<\/tr>\n<\/tbody>\n<\/table>\n","protected":false},"featured_media":931,"template":"","meta":[],"class_list":["post-930","product","type-product","status-publish","has-post-thumbnail","hentry","product_cat-edificacion","product_cat-industria"],"_links":{"self":[{"href":"https:\/\/alquienvasplastic.com\/fr\/wp-json\/wp\/v2\/product\/930"}],"collection":[{"href":"https:\/\/alquienvasplastic.com\/fr\/wp-json\/wp\/v2\/product"}],"about":[{"href":"https:\/\/alquienvasplastic.com\/fr\/wp-json\/wp\/v2\/types\/product"}],"wp:featuredmedia":[{"embeddable":true,"href":"https:\/\/alquienvasplastic.com\/fr\/wp-json\/wp\/v2\/media\/931"}],"wp:attachment":[{"href":"https:\/\/alquienvasplastic.com\/fr\/wp-json\/wp\/v2\/media?parent=930"}],"curies":[{"name":"wp","href":"https:\/\/api.w.org\/{rel}","templated":true}]}}