{"id":819,"date":"2017-07-18T22:44:22","date_gmt":"2017-07-18T20:44:22","guid":{"rendered":"https:\/\/alquienvasplastic.com\/?post_type=product&#038;p=819"},"modified":"2020-12-28T19:39:05","modified_gmt":"2020-12-28T17:39:05","slug":"viga-protectora","status":"publish","type":"product","link":"https:\/\/alquienvasplastic.com\/fr\/catalogo\/viga-protectora\/","title":{"rendered":"Poutres de protection"},"content":{"rendered":"","protected":false},"excerpt":{"rendered":"<p>S\u00fbr et pas cher<br \/>\nCes faisceaux sont utilis\u00e9s pour prot\u00e9ger les murs d&#8217;un cargo normale sont tr\u00e8s r\u00e9sistants et s\u00e9curis\u00e9.<\/p>\n<p>Une demande peut \u00eatre faite pour la taille du trou de montage, et la capacit\u00e9 de les faire dans diff\u00e9rentes tailles.<\/p>\n","protected":false},"featured_media":824,"template":"","meta":[],"class_list":["post-819","product","type-product","status-publish","has-post-thumbnail","hentry","product_cat-edificacion","product_cat-industria"],"_links":{"self":[{"href":"https:\/\/alquienvasplastic.com\/fr\/wp-json\/wp\/v2\/product\/819"}],"collection":[{"href":"https:\/\/alquienvasplastic.com\/fr\/wp-json\/wp\/v2\/product"}],"about":[{"href":"https:\/\/alquienvasplastic.com\/fr\/wp-json\/wp\/v2\/types\/product"}],"wp:featuredmedia":[{"embeddable":true,"href":"https:\/\/alquienvasplastic.com\/fr\/wp-json\/wp\/v2\/media\/824"}],"wp:attachment":[{"href":"https:\/\/alquienvasplastic.com\/fr\/wp-json\/wp\/v2\/media?parent=819"}],"curies":[{"name":"wp","href":"https:\/\/api.w.org\/{rel}","templated":true}]}}