{"id":4654,"date":"2024-03-05T17:02:42","date_gmt":"2024-03-05T15:02:42","guid":{"rendered":"https:\/\/alquienvasplastic.com\/?post_type=product&#038;p=4654"},"modified":"2024-07-16T09:34:16","modified_gmt":"2024-07-16T07:34:16","slug":"banco-smart-modular-con-plastico-reciclado","status":"publish","type":"product","link":"https:\/\/alquienvasplastic.com\/fr\/catalogo\/banco-smart-modular-con-plastico-reciclado\/","title":{"rendered":"Banc Smart M en plastique recycl\u00e9"},"content":{"rendered":"<p>CARACT\u00c9RISTIQUES TECHNIQUES :<\/p>\n<p>Module photovolta\u00efque : Monocristallin d&#8217;une puissance de 110 W.<br \/>\nBatteries : Type AGM \/ Capacit\u00e9 : jusqu&#8217;\u00e0 0,72 kWh.<br \/>\nSyst\u00e8me de refroidissement : D\u00e9bit d&#8217;air : 170 m3\/h, Temp\u00e9rature de prise de vue : 38C.<br \/>\nChargement USB : 2 ports 5W et 2,2W.<br \/>\nChargement sans fil : Puissance 20W \/ Efficacit\u00e9 sup\u00e9rieure \u00e0 80%.<\/p>","protected":false},"excerpt":{"rendered":"<p>Banque pour charger des appareils \u00e0 l&#8217;\u00e9nergie solaire :<\/p>\n<p>Si\u00e8ge de 1,4 m<br \/>\navec recharge intelligente \u00e0 l&#8217;\u00e9nergie solaire<br \/>\npr\u00e9par\u00e9 pour IOT 1,75 m SANS FIL<br \/>\nChargement d&#8217;appareils sans fil et USB<br \/>\n\u00c9clairage LED<\/p>\n","protected":false},"featured_media":4659,"template":"","meta":[],"class_list":["post-4654","product","type-product","status-publish","has-post-thumbnail","hentry","product_cat-mobiliario-urbano-plastico-reciclado","product_cat-bancos-plastico-reciclado","product_tag-bancos-plastico-reciclado","product_tag-mobiliario-urbano"],"_links":{"self":[{"href":"https:\/\/alquienvasplastic.com\/fr\/wp-json\/wp\/v2\/product\/4654"}],"collection":[{"href":"https:\/\/alquienvasplastic.com\/fr\/wp-json\/wp\/v2\/product"}],"about":[{"href":"https:\/\/alquienvasplastic.com\/fr\/wp-json\/wp\/v2\/types\/product"}],"wp:featuredmedia":[{"embeddable":true,"href":"https:\/\/alquienvasplastic.com\/fr\/wp-json\/wp\/v2\/media\/4659"}],"wp:attachment":[{"href":"https:\/\/alquienvasplastic.com\/fr\/wp-json\/wp\/v2\/media?parent=4654"}],"curies":[{"name":"wp","href":"https:\/\/api.w.org\/{rel}","templated":true}]}}