{"id":4632,"date":"2017-08-07T16:21:22","date_gmt":"2017-08-07T14:21:22","guid":{"rendered":"https:\/\/alquienvasplastic.com\/?post_type=product&#038;p=4632"},"modified":"2024-03-08T16:54:30","modified_gmt":"2024-03-08T14:54:30","slug":"tablon-machihembrado-de-colores-en-plastico-reciclado","status":"publish","type":"product","link":"https:\/\/alquienvasplastic.com\/fr\/catalogo\/tablon-machihembrado-de-colores-en-plastico-reciclado\/","title":{"rendered":"Planche \u00e0 rainure et languette color\u00e9e en plastique recycl\u00e9"},"content":{"rendered":"","protected":false},"excerpt":{"rendered":"","protected":false},"featured_media":4636,"template":"","meta":[],"class_list":["post-4632","product","type-product","status-publish","has-post-thumbnail","hentry","product_cat-edificacion","product_cat-tablones-y-travesanos-plastico-reciclado","product_cat-pavimentos","product_cat-tablones-estriados-plastico-reciclado","product_tag-tablones-plastico-reciclado","product_tag-tarimas-plastico-reciclado"],"_links":{"self":[{"href":"https:\/\/alquienvasplastic.com\/fr\/wp-json\/wp\/v2\/product\/4632"}],"collection":[{"href":"https:\/\/alquienvasplastic.com\/fr\/wp-json\/wp\/v2\/product"}],"about":[{"href":"https:\/\/alquienvasplastic.com\/fr\/wp-json\/wp\/v2\/types\/product"}],"wp:featuredmedia":[{"embeddable":true,"href":"https:\/\/alquienvasplastic.com\/fr\/wp-json\/wp\/v2\/media\/4636"}],"wp:attachment":[{"href":"https:\/\/alquienvasplastic.com\/fr\/wp-json\/wp\/v2\/media?parent=4632"}],"curies":[{"name":"wp","href":"https:\/\/api.w.org\/{rel}","templated":true}]}}