{"id":4615,"date":"2024-01-17T14:14:31","date_gmt":"2024-01-17T12:14:31","guid":{"rendered":"https:\/\/alquienvasplastic.com\/?post_type=product&#038;p=4615"},"modified":"2024-01-17T14:21:40","modified_gmt":"2024-01-17T12:21:40","slug":"caseta-inclusiva-infantil","status":"publish","type":"product","link":"https:\/\/alquienvasplastic.com\/fr\/catalogo\/caseta-inclusiva-infantil\/","title":{"rendered":"Maison inclusive pour enfants"},"content":{"rendered":"<p>Structure compos\u00e9e de doubles c\u00f4t\u00e9s, si\u00e8ge interne et tubes transversaux pour reposer les mains et les pieds.<br \/>\nToutes les pi\u00e8ces sont assembl\u00e9es \u00e0 l\u2019aide de vis en acier inoxydable immerg\u00e9es dans la structure.<\/p>","protected":false},"excerpt":{"rendered":"<p>Les enfants peuvent y acc\u00e9der via une rampe avec pente de s\u00e9curit\u00e9, regarder par la fen\u00eatre, simuler des activit\u00e9s d&#8217;achat et de vente (\u00e0 l&#8217;aide de la table et du panneau) et s&#8217;amuser ensemble.<\/p>\n","protected":false},"featured_media":4618,"template":"","meta":[],"class_list":["post-4615","product","type-product","status-publish","has-post-thumbnail","hentry","product_cat-juegos-infantiles-plastico-reciclado","product_tag-juegos-plastico-reciclado"],"_links":{"self":[{"href":"https:\/\/alquienvasplastic.com\/fr\/wp-json\/wp\/v2\/product\/4615"}],"collection":[{"href":"https:\/\/alquienvasplastic.com\/fr\/wp-json\/wp\/v2\/product"}],"about":[{"href":"https:\/\/alquienvasplastic.com\/fr\/wp-json\/wp\/v2\/types\/product"}],"wp:featuredmedia":[{"embeddable":true,"href":"https:\/\/alquienvasplastic.com\/fr\/wp-json\/wp\/v2\/media\/4618"}],"wp:attachment":[{"href":"https:\/\/alquienvasplastic.com\/fr\/wp-json\/wp\/v2\/media?parent=4615"}],"curies":[{"name":"wp","href":"https:\/\/api.w.org\/{rel}","templated":true}]}}