{"id":4607,"date":"2024-01-17T13:51:50","date_gmt":"2024-01-17T11:51:50","guid":{"rendered":"https:\/\/alquienvasplastic.com\/?post_type=product&#038;p=4607"},"modified":"2024-01-17T14:06:17","modified_gmt":"2024-01-17T12:06:17","slug":"castillo-inclusivo-infantil","status":"publish","type":"product","link":"https:\/\/alquienvasplastic.com\/fr\/catalogo\/castillo-inclusivo-infantil\/","title":{"rendered":"Ch\u00e2teau inclusif pour les enfants"},"content":{"rendered":"","protected":false},"excerpt":{"rendered":"<p>Structure ludique compos\u00e9e d&#8217;une tour accessible avec de grandes pentes, d&#8217;un \u00e9tage avec 4 positions de jeux sensoriels et d&#8217;une rampe d&#8217;acc\u00e8s avec une pente de 3%, adapt\u00e9e \u00e0 l&#8217;entr\u00e9e en fauteuil roulant.<\/p>\n","protected":false},"featured_media":4610,"template":"","meta":[],"class_list":["post-4607","product","type-product","status-publish","has-post-thumbnail","hentry","product_cat-juegos-infantiles-plastico-reciclado","product_tag-juegos-plastico-reciclado"],"_links":{"self":[{"href":"https:\/\/alquienvasplastic.com\/fr\/wp-json\/wp\/v2\/product\/4607"}],"collection":[{"href":"https:\/\/alquienvasplastic.com\/fr\/wp-json\/wp\/v2\/product"}],"about":[{"href":"https:\/\/alquienvasplastic.com\/fr\/wp-json\/wp\/v2\/types\/product"}],"wp:featuredmedia":[{"embeddable":true,"href":"https:\/\/alquienvasplastic.com\/fr\/wp-json\/wp\/v2\/media\/4610"}],"wp:attachment":[{"href":"https:\/\/alquienvasplastic.com\/fr\/wp-json\/wp\/v2\/media?parent=4607"}],"curies":[{"name":"wp","href":"https:\/\/api.w.org\/{rel}","templated":true}]}}