{"id":4603,"date":"2024-01-17T13:48:09","date_gmt":"2024-01-17T11:48:09","guid":{"rendered":"https:\/\/alquienvasplastic.com\/?post_type=product&#038;p=4603"},"modified":"2024-02-13T16:20:14","modified_gmt":"2024-02-13T14:20:14","slug":"juego-inclusivo-infantil","status":"publish","type":"product","link":"https:\/\/alquienvasplastic.com\/fr\/catalogo\/juego-inclusivo-infantil\/","title":{"rendered":"Jeu inclusif"},"content":{"rendered":"","protected":false},"excerpt":{"rendered":"<p>Un jeu adapt\u00e9 \u00e0 tous les enfants et compos\u00e9 d&#8217;une tour accessible par de grandes marches, d&#8217;un \u00e9tage avec 6 postes de jeux sensoriels et d&#8217;une rampe d&#8217;acc\u00e8s avec une inclinaison de 3%, adapt\u00e9e \u00e0 l&#8217;acc\u00e8s en fauteuil roulant.<\/p>\n","protected":false},"featured_media":4605,"template":"","meta":[],"class_list":["post-4603","product","type-product","status-publish","has-post-thumbnail","hentry","product_cat-juegos-infantiles-plastico-reciclado","product_tag-juegos-plastico-reciclado"],"_links":{"self":[{"href":"https:\/\/alquienvasplastic.com\/fr\/wp-json\/wp\/v2\/product\/4603"}],"collection":[{"href":"https:\/\/alquienvasplastic.com\/fr\/wp-json\/wp\/v2\/product"}],"about":[{"href":"https:\/\/alquienvasplastic.com\/fr\/wp-json\/wp\/v2\/types\/product"}],"wp:featuredmedia":[{"embeddable":true,"href":"https:\/\/alquienvasplastic.com\/fr\/wp-json\/wp\/v2\/media\/4605"}],"wp:attachment":[{"href":"https:\/\/alquienvasplastic.com\/fr\/wp-json\/wp\/v2\/media?parent=4603"}],"curies":[{"name":"wp","href":"https:\/\/api.w.org\/{rel}","templated":true}]}}