{"id":4482,"date":"2023-07-11T07:35:24","date_gmt":"2023-07-11T05:35:24","guid":{"rendered":"https:\/\/alquienvasplastic.com\/?post_type=product&#038;p=4482"},"modified":"2024-10-17T15:20:02","modified_gmt":"2024-10-17T13:20:02","slug":"panel-19-cm-en-plastico-reciclado","status":"publish","type":"product","link":"https:\/\/alquienvasplastic.com\/fr\/catalogo\/panel-19-cm-en-plastico-reciclado\/","title":{"rendered":"Panneau de type agglom\u00e9r\u00e9 en plastique recycl\u00e9"},"content":{"rendered":"<p>Le panneau Board est un panneau polyvalent et robuste avec une couche int\u00e9rieure grossi\u00e8re<br \/>\net une couche externe lisse et fine. C&#8217;est une excellente alternative au bois<br \/>\npanneaux et poss\u00e8de d&#8217;excellentes propri\u00e9t\u00e9s pour une utilisation dans tous les types de construction<br \/>\napplications.<br \/>\nFaciles \u00e0 manipuler et avec une dur\u00e9e de vie extra longue, ces panneaux en plastique ont<br \/>\ns&#8217;est av\u00e9r\u00e9 r\u00e9sistant \u00e0 l&#8217;eau et \u00e0 l&#8217;humidit\u00e9 tout en \u00e9tant r\u00e9sistant aux \u00e9clats,<br \/>\nsans entretien et imputrescible.<br \/>\nLes panneaux de planche peuvent \u00eatre trait\u00e9s de la m\u00eame mani\u00e8re que le bois &#8211;<br \/>\nper\u00e7age, fraisage et sciage. Ils peuvent \u00eatre connect\u00e9s au moyen de vis<br \/>\net raccords de connexion.<br \/>\nIls sont disponibles en largeurs de 12 mm et 19 mm, avec ou sans<br \/>\ntraitement de surface antid\u00e9rapant, en gris fonc\u00e9, vert, bleu ou rouge.<br \/>\nCes panneaux en plastique donnent une seconde vie aux d\u00e9chets plastiques. Ils s&#8217;adaptent parfaitement<br \/>\ndans la s\u00e9rie des mat\u00e9riaux de construction \u00e9cologiques. Un investissement dans<br \/>\nla durabilit\u00e9 et l&#8217;environnement.<\/p>","protected":false},"excerpt":{"rendered":"<p>Le panneau Board est un panneau polyvalent et robuste avec une couche int\u00e9rieure grossi\u00e8re et une couche externe lisse et fine. C&#8217;est une excellente alternative au bois panneaux et poss\u00e8de d&#8217;excellentes propri\u00e9t\u00e9s pour une utilisation dans tous les types de construction applications. Faciles \u00e0 manipuler et avec une dur\u00e9e de vie extra longue, ces panneaux [&hellip;]<\/p>\n","protected":false},"featured_media":4925,"template":"","meta":[],"class_list":["post-4482","product","type-product","status-publish","has-post-thumbnail","hentry","product_cat-edificacion","product_cat-placas-plastico-reciclado","product_tag-placas-plastico-reciclado"],"_links":{"self":[{"href":"https:\/\/alquienvasplastic.com\/fr\/wp-json\/wp\/v2\/product\/4482"}],"collection":[{"href":"https:\/\/alquienvasplastic.com\/fr\/wp-json\/wp\/v2\/product"}],"about":[{"href":"https:\/\/alquienvasplastic.com\/fr\/wp-json\/wp\/v2\/types\/product"}],"wp:featuredmedia":[{"embeddable":true,"href":"https:\/\/alquienvasplastic.com\/fr\/wp-json\/wp\/v2\/media\/4925"}],"wp:attachment":[{"href":"https:\/\/alquienvasplastic.com\/fr\/wp-json\/wp\/v2\/media?parent=4482"}],"curies":[{"name":"wp","href":"https:\/\/api.w.org\/{rel}","templated":true}]}}