{"id":4459,"date":"2023-05-30T16:43:09","date_gmt":"2023-05-30T14:43:09","guid":{"rendered":"https:\/\/alquienvasplastic.com\/?post_type=product&#038;p=4459"},"modified":"2023-05-30T16:48:45","modified_gmt":"2023-05-30T14:48:45","slug":"columpio-para-minusvalidos-en-plastico-reciclado","status":"publish","type":"product","link":"https:\/\/alquienvasplastic.com\/fr\/catalogo\/columpio-para-minusvalidos-en-plastico-reciclado\/","title":{"rendered":"Balan\u00e7oire pour handicap\u00e9s"},"content":{"rendered":"<p>Balan\u00e7oire double construite avec des profils renforc\u00e9s \u00e0 l&#8217;int\u00e9rieur par un caisson en fer qui garantit sa solidit\u00e9. Le jeu est fix\u00e9 au sol en enfouissant les pieds d&#8217;environ 350 mm.<br \/>\nLa balan\u00e7oire a deux si\u00e8ges b\u00e9b\u00e9.<br \/>\nLa poutre de support de la balan\u00e7oire est en acier.<br \/>\nToutes les pi\u00e8ces sont reli\u00e9es par des vis en acier inoxydable immerg\u00e9es dans la structure.<br \/>\nLe jeu n&#8217;a pas de parties saillantes en plastique ou autre mat\u00e9riau.<br \/>\nIl ne n\u00e9cessite aucun entretien, il est r\u00e9sistant au vandalisme, il ne jaunit pas, il est r\u00e9sistant aux intemp\u00e9ries et ignifuge.<\/p>\n<p>* Les couleurs des mat\u00e9riaux, y compris celles des photos et de la documentation technique, sont purement indicatives et d\u00e9pendent de la disponibilit\u00e9 au moment de la production.<\/p>","protected":false},"excerpt":{"rendered":"<p>Balan\u00e7oire double construite avec des profils renforc\u00e9s \u00e0 l&#8217;int\u00e9rieur par un caisson en fer qui garantit sa solidit\u00e9. Le jeu est fix\u00e9 au sol en enfouissant les pieds d&#8217;environ 350 mm. La balan\u00e7oire a deux si\u00e8ges b\u00e9b\u00e9. La poutre de support de la balan\u00e7oire est en acier. Toutes les pi\u00e8ces sont reli\u00e9es par des vis [&hellip;]<\/p>\n","protected":false},"featured_media":4461,"template":"","meta":[],"class_list":["post-4459","product","type-product","status-publish","has-post-thumbnail","hentry","product_cat-parques-infantiles-plastico-reciclado","product_cat-columpios","product_tag-juegos-plastico-reciclado","product_tag-parques-infantiles"],"_links":{"self":[{"href":"https:\/\/alquienvasplastic.com\/fr\/wp-json\/wp\/v2\/product\/4459"}],"collection":[{"href":"https:\/\/alquienvasplastic.com\/fr\/wp-json\/wp\/v2\/product"}],"about":[{"href":"https:\/\/alquienvasplastic.com\/fr\/wp-json\/wp\/v2\/types\/product"}],"wp:featuredmedia":[{"embeddable":true,"href":"https:\/\/alquienvasplastic.com\/fr\/wp-json\/wp\/v2\/media\/4461"}],"wp:attachment":[{"href":"https:\/\/alquienvasplastic.com\/fr\/wp-json\/wp\/v2\/media?parent=4459"}],"curies":[{"name":"wp","href":"https:\/\/api.w.org\/{rel}","templated":true}]}}