{"id":4451,"date":"2023-05-30T16:08:56","date_gmt":"2023-05-30T14:08:56","guid":{"rendered":"https:\/\/alquienvasplastic.com\/?post_type=product&#038;p=4451"},"modified":"2023-05-30T16:31:19","modified_gmt":"2023-05-30T14:31:19","slug":"columpio-con-cesto-en-plastico-reciclado","status":"publish","type":"product","link":"https:\/\/alquienvasplastic.com\/fr\/catalogo\/columpio-con-cesto-en-plastico-reciclado\/","title":{"rendered":"Balan\u00e7oire cas de panier"},"content":{"rendered":"<p>Balan\u00e7oire multi-places, pouvant accueillir jusqu&#8217;\u00e0 3 enfants, \u00e9quip\u00e9e d&#8217;un panier r\u00e9sistant et spacieux avec double goupilles de s\u00e9curit\u00e9.<\/p>\n<p>Gai, s\u00fbr et adapt\u00e9 \u00e0 l&#8217;int\u00e9gration des enfants handicap\u00e9s et des enfants de moins de 3 ans.<\/p>\n<p>Le jeu est fix\u00e9 au sol en enfouissant les pieds d&#8217;environ 350 mm.<br \/>\nLe si\u00e8ge est constitu\u00e9 d&#8217;un panier en corde suspendu \u00e0 la structure par une double cha\u00eene.<br \/>\nToutes les pi\u00e8ces sont reli\u00e9es par des vis en acier inoxydable immerg\u00e9es dans la structure.<\/p>\n<p>Le jeu n&#8217;a pas de parties saillantes en plastique ou autre mat\u00e9riau.<\/p>\n<p>Il ne n\u00e9cessite pas d&#8217;entretien, il est anti-vandalisme, il ne jaunit pas, il r\u00e9siste aux intemp\u00e9ries, il est ignifuge et ne n\u00e9cessite pas d&#8217;ancrage.<\/p>\n<p>* Les couleurs des mat\u00e9riaux, y compris celles des photos et de la documentation technique, sont purement indicatives et d\u00e9pendent de la disponibilit\u00e9 au moment de la production.<\/p>","protected":false},"excerpt":{"rendered":"<p>Balan\u00e7oire multi-places, pouvant accueillir jusqu&#8217;\u00e0 3 enfants, \u00e9quip\u00e9e d&#8217;un panier r\u00e9sistant et spacieux avec double goupilles de s\u00e9curit\u00e9. Gai, s\u00fbr et adapt\u00e9 \u00e0 l&#8217;int\u00e9gration des enfants handicap\u00e9s et des enfants de moins de 3 ans. Le jeu est fix\u00e9 au sol en enfouissant les pieds d&#8217;environ 350 mm. Le si\u00e8ge est constitu\u00e9 d&#8217;un panier en [&hellip;]<\/p>\n","protected":false},"featured_media":4453,"template":"","meta":[],"class_list":["post-4451","product","type-product","status-publish","has-post-thumbnail","hentry","product_cat-parques-infantiles-plastico-reciclado","product_cat-columpios","product_tag-juegos-plastico-reciclado","product_tag-parques-infantiles"],"_links":{"self":[{"href":"https:\/\/alquienvasplastic.com\/fr\/wp-json\/wp\/v2\/product\/4451"}],"collection":[{"href":"https:\/\/alquienvasplastic.com\/fr\/wp-json\/wp\/v2\/product"}],"about":[{"href":"https:\/\/alquienvasplastic.com\/fr\/wp-json\/wp\/v2\/types\/product"}],"wp:featuredmedia":[{"embeddable":true,"href":"https:\/\/alquienvasplastic.com\/fr\/wp-json\/wp\/v2\/media\/4453"}],"wp:attachment":[{"href":"https:\/\/alquienvasplastic.com\/fr\/wp-json\/wp\/v2\/media?parent=4451"}],"curies":[{"name":"wp","href":"https:\/\/api.w.org\/{rel}","templated":true}]}}