{"id":4444,"date":"2023-05-26T15:50:24","date_gmt":"2023-05-26T13:50:24","guid":{"rendered":"https:\/\/alquienvasplastic.com\/?post_type=product&#038;p=4444"},"modified":"2023-05-30T16:54:30","modified_gmt":"2023-05-30T14:54:30","slug":"columpio-2-puestos-mixtos-en-plastico-reciclado","status":"publish","type":"product","link":"https:\/\/alquienvasplastic.com\/fr\/catalogo\/columpio-2-puestos-mixtos-en-plastico-reciclado\/","title":{"rendered":"Balan\u00e7oire 2 places mixtes"},"content":{"rendered":"","protected":false},"excerpt":{"rendered":"<p>Fabriqu\u00e9 avec du plastique 100% recycl\u00e9, ils sont l&#8217;option la plus durable et la plus \u00e9conomique.<br \/>\nLes produits en plastique recycl\u00e9 r\u00e9sistent aux intemp\u00e9ries, \u00e0 l&#8217;eau, aux rayons du soleil &#8230; mais le meilleur est qu&#8217;ils n&#8217;ont pas besoin d&#8217;entretien!<br \/>\nAvec le certificat europ\u00e9en DIN EN 71\/3, ils sont en plastique sans risque pour les enfants.<\/p>\n<p>Nous avons des sets pour les plus petits.<\/p>\n","protected":false},"featured_media":4377,"template":"","meta":[],"class_list":["post-4444","product","type-product","status-publish","has-post-thumbnail","hentry","product_cat-parques-infantiles-plastico-reciclado","product_cat-columpios","product_tag-juegos-plastico-reciclado","product_tag-parques-infantiles"],"_links":{"self":[{"href":"https:\/\/alquienvasplastic.com\/fr\/wp-json\/wp\/v2\/product\/4444"}],"collection":[{"href":"https:\/\/alquienvasplastic.com\/fr\/wp-json\/wp\/v2\/product"}],"about":[{"href":"https:\/\/alquienvasplastic.com\/fr\/wp-json\/wp\/v2\/types\/product"}],"wp:featuredmedia":[{"embeddable":true,"href":"https:\/\/alquienvasplastic.com\/fr\/wp-json\/wp\/v2\/media\/4377"}],"wp:attachment":[{"href":"https:\/\/alquienvasplastic.com\/fr\/wp-json\/wp\/v2\/media?parent=4444"}],"curies":[{"name":"wp","href":"https:\/\/api.w.org\/{rel}","templated":true}]}}