{"id":4183,"date":"2022-03-04T14:03:03","date_gmt":"2022-03-04T12:03:03","guid":{"rendered":"https:\/\/alquienvasplastic.com\/?post_type=product&#038;p=4183"},"modified":"2025-02-07T15:07:02","modified_gmt":"2025-02-07T13:07:02","slug":"banco-smart-viva-sin-respaldo","status":"publish","type":"product","link":"https:\/\/alquienvasplastic.com\/fr\/catalogo\/banco-smart-viva-sin-respaldo\/","title":{"rendered":"Banc Smart V sans dossier"},"content":{"rendered":"","protected":false},"excerpt":{"rendered":"<p>Banc intelligent VIVA avec recharge Solar Energy Smart pr\u00eat pour l&#8217;IOT, si\u00e8ge et dossier en plastique recycl\u00e9 2,1 mt recharge les appareils USB SANS FIL \u00e9clairage LED, INTERNET HOTSPOT.<\/p>\n","protected":false},"featured_media":4185,"template":"","meta":[],"class_list":["post-4183","product","type-product","status-publish","has-post-thumbnail","hentry","product_cat-mobiliario-urbano-plastico-reciclado","product_cat-bancos-plastico-reciclado","product_tag-bancos-plastico-reciclado","product_tag-mobiliario-urbano"],"_links":{"self":[{"href":"https:\/\/alquienvasplastic.com\/fr\/wp-json\/wp\/v2\/product\/4183"}],"collection":[{"href":"https:\/\/alquienvasplastic.com\/fr\/wp-json\/wp\/v2\/product"}],"about":[{"href":"https:\/\/alquienvasplastic.com\/fr\/wp-json\/wp\/v2\/types\/product"}],"wp:featuredmedia":[{"embeddable":true,"href":"https:\/\/alquienvasplastic.com\/fr\/wp-json\/wp\/v2\/media\/4185"}],"wp:attachment":[{"href":"https:\/\/alquienvasplastic.com\/fr\/wp-json\/wp\/v2\/media?parent=4183"}],"curies":[{"name":"wp","href":"https:\/\/api.w.org\/{rel}","templated":true}]}}