{"id":403,"date":"2017-05-15T17:27:42","date_gmt":"2017-05-15T15:27:42","guid":{"rendered":"https:\/\/alquienvasplastic.com\/?post_type=product&#038;p=403"},"modified":"2024-07-16T09:25:57","modified_gmt":"2024-07-16T07:25:57","slug":"pared-proteccion-visual","status":"publish","type":"product","link":"https:\/\/alquienvasplastic.com\/fr\/catalogo\/pared-proteccion-visual\/","title":{"rendered":"Protection des yeux mur"},"content":{"rendered":"<p><\/p>\n<h3>MEASURES<\/h3>\n<p>[vc_empty_space height=&#8221;25px&#8221;]<\/p>\n<h4>B\u00e2tonnets de section:<\/h4>\n<div class=\"datagrid\">\n<table>\n<thead>\n<tr>\n<th>\u00c9paisseur<\/th>\n<th>Largeur<\/th>\n<th>Longueur<\/th>\n<th>Couleur<\/th>\n<th>Poids<\/th>\n<th>R\u00e9f\u00e9rence<\/th>\n<\/tr>\n<\/thead>\n<tbody>\n<tr class=\"notfirst\">\n<td>12 cm<\/td>\n<td>16 cm<\/td>\n<td>250 cm<\/td>\n<td>brunn<\/td>\n<td>42,5 kg env.<\/td>\n<td>SPA1612250<\/td>\n<\/tr>\n<\/tbody>\n<\/table>\n<\/div>\n<p>&nbsp;<\/p>\n<p>[vc_empty_space height=&#8221;25px&#8221;]<\/p>\n<h4>B\u00e2tons de cantoners<\/h4>\n<div class=\"datagrid\">\n<table>\n<thead>\n<tr>\n<th>\u00c9paisseur<\/th>\n<th>Largeur<\/th>\n<th>Longueur<\/th>\n<th>Couleur<\/th>\n<th>Poids<\/th>\n<th>R\u00e9f\u00e9rence<\/th>\n<\/tr>\n<\/thead>\n<tbody>\n<tr class=\"notfirst\">\n<td>12 cm<\/td>\n<td>16 cm<\/td>\n<td>250 cm<\/td>\n<td>brunn<\/td>\n<td>42 kg env.<\/td>\n<td>SPB1612250<\/td>\n<\/tr>\n<\/tbody>\n<\/table>\n<\/div>\n<p>&nbsp;<\/p>\n<p>[vc_empty_space height=&#8221;25px&#8221;]<\/p>\n<h4>Bornes de Pals<\/h4>\n<div class=\"datagrid\">\n<table>\n<thead>\n<tr>\n<th>\u00c9paisseur<\/th>\n<th>Largeur<\/th>\n<th>Longueur<\/th>\n<th>Couleur<\/th>\n<th>Poids<\/th>\n<th>R\u00e9f\u00e9rence<\/th>\n<\/tr>\n<\/thead>\n<tbody>\n<tr class=\"notfirst\">\n<td>12 cm<\/td>\n<td>16 cm<\/td>\n<td>250 cm<\/td>\n<td>brunn<\/td>\n<td>48 kg env.<\/td>\n<td>SPC1612250<\/td>\n<\/tr>\n<\/tbody>\n<\/table>\n<\/div>\n<p>&nbsp;<\/p>\n<p>[vc_empty_space height=&#8221;25px&#8221;]<\/p>\n<h4>Et table de Groove<\/h4>\n<div class=\"datagrid\">\n<table>\n<thead>\n<tr>\n<th>\u00c9paisseur<\/th>\n<th>Largeur<\/th>\n<th>Longueur<\/th>\n<th>Couleur<\/th>\n<th>Poids<\/th>\n<th>R\u00e9f\u00e9rence<\/th>\n<\/tr>\n<\/thead>\n<tbody>\n<tr class=\"notfirst\">\n<td>3,8 cm<\/td>\n<td>13 cm<\/td>\n<td>190 cm<\/td>\n<td>brun<\/td>\n<td>8,7 env.<\/td>\n<td>NG3813190<\/td>\n<\/tr>\n<tr class=\"notfirst\">\n<td>3,8 cm<\/td>\n<td>13 cm<\/td>\n<td>190 cm<\/td>\n<td>brun<\/td>\n<td>8,7 env.<\/td>\n<td>NB3813190<\/td>\n<\/tr>\n<tr class=\"notfirst\">\n<td>3,8 cm<\/td>\n<td>13 cm<\/td>\n<td>190 cm<\/td>\n<td>brun<\/td>\n<td>8,7 env.<\/td>\n<td>NM3813190<\/td>\n<\/tr>\n<\/tbody>\n<\/table>\n<\/div>\n<p>&nbsp;<\/p>\n<p>[vc_empty_space height=&#8221;25px&#8221;]<\/p>\n<h4>Centraux d\u2019appui<\/h4>\n<div class=\"datagrid\">\n<table>\n<thead>\n<tr>\n<th>\u00d8<\/th>\n<th>Longueur<\/th>\n<th>Couleur<\/th>\n<th>Poids<\/th>\n<th>R\u00e9f\u00e9rence<\/th>\n<\/tr>\n<\/thead>\n<tbody>\n<tr class=\"notfirst\">\n<td>10 cm<\/td>\n<td>50 cm<\/td>\n<td>brun<\/td>\n<td>3,7 kg env.<\/td>\n<td>MB100050<\/td>\n<\/tr>\n<\/tbody>\n<\/table>\n<\/div>\n<p>&nbsp;<\/p>","protected":false},"excerpt":{"rendered":"<p>Jardin id\u00e9al pour la s\u00e9paration visuelle des conteneurs de d\u00e9chets municipaux.<\/p>\n<p>L&#039;\u00e9pine dorsale de notre syst\u00e8me de protection visuelle est form\u00e9e par des poteaux en mati\u00e8re plastique recycl\u00e9 renforc\u00e9 servant de section de p\u00f4les, et des bornes de coin avec un capuchon de protection. Dans cette structure stable panneaux G sont ins\u00e9r\u00e9s. Le dernier tableau est renforc\u00e9e par un support central pour fournir une plus grande stabilit\u00e9.<\/p>\n<p>Couleurs disponibles:<\/p>\n<table>\n<tbody>\n<tr>\n<td style=\"vertical-align: top; background-color: #cbcacf; height: 40px; width: 40px;\"><\/td>\n<td style=\"vertical-align: top; background-color: #a25c5e; height: 40px; width: 40px;\"><\/td>\n<td style=\"vertical-align: top; background-color: #8fb395; height: 40px; width: 40px;\"><\/td>\n<\/tr>\n<\/tbody>\n<\/table>\n","protected":false},"featured_media":639,"template":"","meta":[],"class_list":["post-403","product","type-product","status-publish","has-post-thumbnail","hentry","product_cat-cercados-y-vallas","product_cat-proteccion-visual-plastico-reciclado","product_tag-vallas-plastico-recicaldo"],"_links":{"self":[{"href":"https:\/\/alquienvasplastic.com\/fr\/wp-json\/wp\/v2\/product\/403"}],"collection":[{"href":"https:\/\/alquienvasplastic.com\/fr\/wp-json\/wp\/v2\/product"}],"about":[{"href":"https:\/\/alquienvasplastic.com\/fr\/wp-json\/wp\/v2\/types\/product"}],"wp:featuredmedia":[{"embeddable":true,"href":"https:\/\/alquienvasplastic.com\/fr\/wp-json\/wp\/v2\/media\/639"}],"wp:attachment":[{"href":"https:\/\/alquienvasplastic.com\/fr\/wp-json\/wp\/v2\/media?parent=403"}],"curies":[{"name":"wp","href":"https:\/\/api.w.org\/{rel}","templated":true}]}}