{"id":3863,"date":"2020-04-21T13:00:07","date_gmt":"2020-04-21T11:00:07","guid":{"rendered":"https:\/\/alquienvasplastic.com\/?post_type=product&#038;p=3863"},"modified":"2024-03-05T16:41:30","modified_gmt":"2024-03-05T14:41:30","slug":"banco-urban-sin-respaldo-de-plastico-reciclado","status":"publish","type":"product","link":"https:\/\/alquienvasplastic.com\/fr\/catalogo\/banco-urban-sin-respaldo-de-plastico-reciclado\/","title":{"rendered":"Banque Urban sans suport"},"content":{"rendered":"","protected":false},"excerpt":{"rendered":"<p>Banc con\u00e7u en plastique post-consommation 100% recycl\u00e9. Sa conception garantit la fonctionnalit\u00e9 et le confort pour se fondre dans un concept modulaire flexible. Son concept permet la cr\u00e9ation d&#8217;un banc sans fin, combinant des modules individuels bas ou hauts de diff\u00e9rentes couleurs face \u00e0 diff\u00e9rents c\u00f4t\u00e9s.Banc con\u00e7u en plastique post-consommation 100% recycl\u00e9. Sa conception garantit la fonctionnalit\u00e9 et le confort pour se fondre dans un concept modulaire flexible. Son concept permet la cr\u00e9ation d&#8217;un banc sans fin, combinant des modules individuels bas ou hauts de diff\u00e9rentes couleurs face \u00e0 diff\u00e9rents c\u00f4t\u00e9s.<\/p>\n","protected":false},"featured_media":3128,"template":"","meta":[],"class_list":["post-3863","product","type-product","status-publish","has-post-thumbnail","hentry","product_cat-mobiliario-urbano-plastico-reciclado","product_cat-bancos-plastico-reciclado","product_tag-bancos-plastico-reciclado"],"_links":{"self":[{"href":"https:\/\/alquienvasplastic.com\/fr\/wp-json\/wp\/v2\/product\/3863"}],"collection":[{"href":"https:\/\/alquienvasplastic.com\/fr\/wp-json\/wp\/v2\/product"}],"about":[{"href":"https:\/\/alquienvasplastic.com\/fr\/wp-json\/wp\/v2\/types\/product"}],"wp:featuredmedia":[{"embeddable":true,"href":"https:\/\/alquienvasplastic.com\/fr\/wp-json\/wp\/v2\/media\/3128"}],"wp:attachment":[{"href":"https:\/\/alquienvasplastic.com\/fr\/wp-json\/wp\/v2\/media?parent=3863"}],"curies":[{"name":"wp","href":"https:\/\/api.w.org\/{rel}","templated":true}]}}