{"id":3405,"date":"2020-10-28T21:13:07","date_gmt":"2020-10-28T19:13:07","guid":{"rendered":"https:\/\/alquienvasplastic.com\/?post_type=product&#038;p=3405"},"modified":"2024-04-29T14:01:01","modified_gmt":"2024-04-29T12:01:01","slug":"tablon-con-textura-madera","status":"publish","type":"product","link":"https:\/\/alquienvasplastic.com\/fr\/catalogo\/tablon-con-textura-madera\/","title":{"rendered":"Planche rainur\u00e9e effet bois en plastique recycl\u00e9"},"content":{"rendered":"","protected":false},"excerpt":{"rendered":"<p>Points forts des nouvelles planches 100% plastique imitation bois :<\/p>\n<p>z\u00e9ro entretien : z\u00e9ro besoin de traitements de protection ;<br \/>\nfacile \u00e0 nettoyer;<br \/>\nimperm\u00e9able aux liquides;<br \/>\nR\u00e9sistant aux UV\u00a0;<br \/>\nFabriqu\u00e9 \u00e0 partir de mat\u00e9riaux de fabrication non toxiques respectueux de l&#8217;environnement.<\/p>\n","protected":false},"featured_media":3427,"template":"","meta":[],"class_list":["post-3405","product","type-product","status-publish","has-post-thumbnail","hentry","product_cat-pavimentos","product_cat-tablones-estriados-plastico-reciclado"],"_links":{"self":[{"href":"https:\/\/alquienvasplastic.com\/fr\/wp-json\/wp\/v2\/product\/3405"}],"collection":[{"href":"https:\/\/alquienvasplastic.com\/fr\/wp-json\/wp\/v2\/product"}],"about":[{"href":"https:\/\/alquienvasplastic.com\/fr\/wp-json\/wp\/v2\/types\/product"}],"wp:featuredmedia":[{"embeddable":true,"href":"https:\/\/alquienvasplastic.com\/fr\/wp-json\/wp\/v2\/media\/3427"}],"wp:attachment":[{"href":"https:\/\/alquienvasplastic.com\/fr\/wp-json\/wp\/v2\/media?parent=3405"}],"curies":[{"name":"wp","href":"https:\/\/api.w.org\/{rel}","templated":true}]}}