{"id":3251,"date":"2020-05-20T11:28:06","date_gmt":"2020-05-20T09:28:06","guid":{"rendered":"https:\/\/alquienvasplastic.com\/?post_type=product&#038;p=3251"},"modified":"2024-07-08T15:16:26","modified_gmt":"2024-07-08T13:16:26","slug":"mesa-bosque-de-plastico-reciclado","status":"publish","type":"product","link":"https:\/\/alquienvasplastic.com\/fr\/catalogo\/mesa-bosque-de-plastico-reciclado\/","title":{"rendered":"Table de for\u00eat"},"content":{"rendered":"","protected":false},"excerpt":{"rendered":"<p>Comme les arbres dans la for\u00eat, les bancs peuvent r\u00e9sister \u00e0 toutes les conditions m\u00e9t\u00e9orologiques. Pluie, neige, vent, chaleur et rayons UV du soleil, rien ne peut endommager ces berges. De plus, il ne n\u00e9cessite aucun entretien; ils sont imputrescibles; Enfin et surtout, ils sont 100% s\u00fbrs pour l&#8217;environnement.<\/p>\n","protected":false},"featured_media":3252,"template":"","meta":[],"class_list":["post-3251","product","type-product","status-publish","has-post-thumbnail","hentry","product_cat-mobiliario-urbano-plastico-reciclado","product_tag-mesas-plastico-reciclado"],"_links":{"self":[{"href":"https:\/\/alquienvasplastic.com\/fr\/wp-json\/wp\/v2\/product\/3251"}],"collection":[{"href":"https:\/\/alquienvasplastic.com\/fr\/wp-json\/wp\/v2\/product"}],"about":[{"href":"https:\/\/alquienvasplastic.com\/fr\/wp-json\/wp\/v2\/types\/product"}],"wp:featuredmedia":[{"embeddable":true,"href":"https:\/\/alquienvasplastic.com\/fr\/wp-json\/wp\/v2\/media\/3252"}],"wp:attachment":[{"href":"https:\/\/alquienvasplastic.com\/fr\/wp-json\/wp\/v2\/media?parent=3251"}],"curies":[{"name":"wp","href":"https:\/\/api.w.org\/{rel}","templated":true}]}}