{"id":3202,"date":"2020-04-24T18:09:00","date_gmt":"2020-04-24T16:09:00","guid":{"rendered":"https:\/\/alquienvasplastic.com\/?post_type=product&#038;p=3202"},"modified":"2020-12-28T19:27:45","modified_gmt":"2020-12-28T17:27:45","slug":"rejillas-para-suelos-en-plastico-reciclado","status":"publish","type":"product","link":"https:\/\/alquienvasplastic.com\/fr\/catalogo\/rejillas-para-suelos-en-plastico-reciclado\/","title":{"rendered":"Grilles de sol en plastique recycl\u00e9"},"content":{"rendered":"<p><\/p>\n<h3>MESURES<\/h3>\n<h4>Placa<\/h4>\n<div class=\"datagrid\">\n<table>\n<thead>\n<tr>\n<th>Color<\/th>\n<th>Largo<\/th>\n<th>Ancho<\/th>\n<th>Grosor<\/th>\n<\/tr>\n<\/thead>\n<tbody>\n<tr class=\"notfirst\">\n<td>gris<\/td>\n<td>100 cm<\/td>\n<td>50 cm<\/td>\n<td>8 cm<\/td>\n<\/tr>\n<\/tbody>\n<\/table>\n<\/div>\n<p>&nbsp;<\/p>\n<h4>Soporte<\/h4>\n<div class=\"datagrid\">\n<table>\n<thead>\n<tr>\n<th>Color<\/th>\n<th>Largo<\/th>\n<th>Ancho<\/th>\n<th>Grosor<\/th>\n<\/tr>\n<\/thead>\n<tbody>\n<tr class=\"notfirst\">\n<td>gris<\/td>\n<td>30 cm<\/td>\n<td>15 cm<\/td>\n<td>15 cm<\/td>\n<\/tr>\n<\/thead>\n<tbody>\n<tr class=\"notfirst\">\n<td>gris<\/td>\n<td>100 cm<\/td>\n<td>15 cm<\/td>\n<td>15 cm<\/td>\n<\/tr>\n<\/tbody>\n<\/table>\n<\/div>\n<p>&nbsp;<\/p>\n<p>[vc_empty_space height=&#8221;25px&#8221;]<\/p>","protected":false},"excerpt":{"rendered":"<p>Les nervures longitudinales et transversales au bas de la grille ont les m\u00eames dimensions et peuvent ainsi supporter des charges dans les deux sens. La taille des ouvertures en maille (25 x 25 mm) a \u00e9t\u00e9 d\u00e9lib\u00e9r\u00e9ment choisie pour:<\/p>\n<p>&#8211; Emp\u00eacher la chute de petits morceaux (par exemple le remplissage du Biofiltre)<br \/>\n&#8211; Donner au sol une large zone de ventilation, assurant ainsi une perm\u00e9abilit\u00e9 \u00e0 l&#8217;air \u00e9lev\u00e9e.<\/p>\n<p>Ce syst\u00e8me se compose de: grilles de 100 x 50 x 8 cm (L xlx H) avec une capacit\u00e9 de charge \u00e9lev\u00e9e, et les supports correspondants dans des longueurs allant de 30 \u00e0 100 cm, avec un diam\u00e8tre de 15 cm.<\/p>\n","protected":false},"featured_media":3206,"template":"","meta":[],"class_list":["post-3202","product","type-product","status-publish","has-post-thumbnail","hentry","product_cat-edificacion","product_cat-industria"],"_links":{"self":[{"href":"https:\/\/alquienvasplastic.com\/fr\/wp-json\/wp\/v2\/product\/3202"}],"collection":[{"href":"https:\/\/alquienvasplastic.com\/fr\/wp-json\/wp\/v2\/product"}],"about":[{"href":"https:\/\/alquienvasplastic.com\/fr\/wp-json\/wp\/v2\/types\/product"}],"wp:featuredmedia":[{"embeddable":true,"href":"https:\/\/alquienvasplastic.com\/fr\/wp-json\/wp\/v2\/media\/3206"}],"wp:attachment":[{"href":"https:\/\/alquienvasplastic.com\/fr\/wp-json\/wp\/v2\/media?parent=3202"}],"curies":[{"name":"wp","href":"https:\/\/api.w.org\/{rel}","templated":true}]}}