{"id":3094,"date":"2020-04-18T18:20:24","date_gmt":"2020-04-18T16:20:24","guid":{"rendered":"https:\/\/alquienvasplastic.com\/?post_type=product&#038;p=3094"},"modified":"2021-11-27T14:12:30","modified_gmt":"2021-11-27T12:12:30","slug":"huerto-familiar-plastico-reciclado","status":"publish","type":"product","link":"https:\/\/alquienvasplastic.com\/fr\/catalogo\/huerto-familiar-plastico-reciclado\/","title":{"rendered":"Jardin familial en plastique recycl\u00e9"},"content":{"rendered":"","protected":false},"excerpt":{"rendered":"<p>Jardin \u00e0 faire chez soi, urbain et familial. Le plastique recycl\u00e9 a des caract\u00e9ristiques parfaites pour cet utilitaire, il ne pourrit pas ni ne se fendille, il n&#8217;affecte pas l&#8217;eau et l&#8217;humidit\u00e9.<br \/>\nIl peut \u00eatre facilement assembl\u00e9 et d\u00e9mont\u00e9 pour l&#8217;installer dans n&#8217;importe quel endroit dont vous avez besoin.<\/p>\n<p>Couleurs disponibles:<\/p>\n<table>\n<tbody>\n<tr>\n<td style=\"vertical-align: top; background-color: #cccccc; height: 40px; width: 40px;\"><\/td>\n<\/tr>\n<\/tbody>\n<\/table>\n","protected":false},"featured_media":3095,"template":"","meta":[],"class_list":["post-3094","product","type-product","status-publish","has-post-thumbnail","hentry","product_cat-mobiliario-urbano-plastico-reciclado","product_cat-jardineras-plastico-reciclado","product_tag-huerto-urbano-de-plastico-reciclado","product_tag-jardineras-plastico-reciclado"],"_links":{"self":[{"href":"https:\/\/alquienvasplastic.com\/fr\/wp-json\/wp\/v2\/product\/3094"}],"collection":[{"href":"https:\/\/alquienvasplastic.com\/fr\/wp-json\/wp\/v2\/product"}],"about":[{"href":"https:\/\/alquienvasplastic.com\/fr\/wp-json\/wp\/v2\/types\/product"}],"wp:featuredmedia":[{"embeddable":true,"href":"https:\/\/alquienvasplastic.com\/fr\/wp-json\/wp\/v2\/media\/3095"}],"wp:attachment":[{"href":"https:\/\/alquienvasplastic.com\/fr\/wp-json\/wp\/v2\/media?parent=3094"}],"curies":[{"name":"wp","href":"https:\/\/api.w.org\/{rel}","templated":true}]}}