{"id":2697,"date":"2020-03-17T16:02:48","date_gmt":"2020-03-17T14:02:48","guid":{"rendered":"https:\/\/alquienvasplastic.com\/?post_type=product&#038;p=2697"},"modified":"2021-05-17T16:51:46","modified_gmt":"2021-05-17T14:51:46","slug":"pasarela-encajable-ona-plastico-reciclado","status":"publish","type":"product","link":"https:\/\/alquienvasplastic.com\/fr\/catalogo\/pasarela-encajable-ona-plastico-reciclado\/","title":{"rendered":"Passerelle embo\u00eetable Ona"},"content":{"rendered":"<p><\/p>\n<h3>MEDIDAS<\/h3>\n<p>[vc_empty_space height=&#8221;25px&#8221;]<\/p>\n<div class=\"datagrid\">\n<table>\n<thead>\n<tr>\n<th>Colour<\/th>\n<th>Largeur<\/th>\n<th>Long<\/th>\n<th>Poids<\/th>\n<th>R\u00e9f\u00e9rence<\/th>\n<\/tr>\n<\/thead>\n<tbody>\n<tr class=\"notfirst\">\n<td>Gris<\/td>\n<td>50 cm<\/td>\n<td>100 cm<\/td>\n<td>20 kg aprox.<\/td>\n<td>ona<\/td>\n<\/tr>\n<\/table>\n<\/tbody>\n<\/div>\n<p>&nbsp;<br \/>\n[vc_empty_space height=&#8221;25px&#8221;]<\/p>","protected":false},"excerpt":{"rendered":"<p>Passerelle de plage modulaire en plastique recycl\u00e9 de collection s\u00e9lective urbaine. Nous proposons la solution int\u00e9grale d&#8217;une \u00e9conomie circulaire du plastique au km 0, nous transformons les d\u00e9chets plastiques des citoyens eux-m\u00eames avec des meubles pour leurs plages ou urbains.<\/p>\n<p>Couleurs disponibles:<\/p>\n<table>\n<tbody>\n<tr>\n<td style=\"vertical-align: top; background-color: #cccccc; height: 40px; width: 40px;\"><\/td>\n<\/tr>\n<\/tbody>\n<\/table>\n<p>[vc_empty_space height=&#8221;40px&#8221;]<\/p>\n<table style=\"background-color: white;\" cellspacing=\"2px\">\n<tbody>\n<tr>\n<td style=\"vertical-align: top; background-color: #cccccc;\">100 x 50 cm<\/td>\n<\/tr>\n<\/tbody>\n<\/table>\n","protected":false},"featured_media":3630,"template":"","meta":[],"class_list":["post-2697","product","type-product","status-publish","has-post-thumbnail","hentry","product_cat-pavimentos","product_cat-pasarelas-plastico-reciclado","product_tag-pasarelas-de-plastico-reciclado"],"_links":{"self":[{"href":"https:\/\/alquienvasplastic.com\/fr\/wp-json\/wp\/v2\/product\/2697"}],"collection":[{"href":"https:\/\/alquienvasplastic.com\/fr\/wp-json\/wp\/v2\/product"}],"about":[{"href":"https:\/\/alquienvasplastic.com\/fr\/wp-json\/wp\/v2\/types\/product"}],"wp:featuredmedia":[{"embeddable":true,"href":"https:\/\/alquienvasplastic.com\/fr\/wp-json\/wp\/v2\/media\/3630"}],"wp:attachment":[{"href":"https:\/\/alquienvasplastic.com\/fr\/wp-json\/wp\/v2\/media?parent=2697"}],"curies":[{"name":"wp","href":"https:\/\/api.w.org\/{rel}","templated":true}]}}