{"id":2690,"date":"2020-03-16T18:59:32","date_gmt":"2020-03-16T16:59:32","guid":{"rendered":"https:\/\/alquienvasplastic.com\/?post_type=product&#038;p=2690"},"modified":"2020-12-28T19:27:46","modified_gmt":"2020-12-28T17:27:46","slug":"caseta-infantile","status":"publish","type":"product","link":"https:\/\/alquienvasplastic.com\/fr\/catalogo\/caseta-infantile\/","title":{"rendered":"Maison d&#8217;enfants"},"content":{"rendered":"<p>contactez-nous pour plus d&#8217;informations<\/p>\n<p><\/p>","protected":false},"excerpt":{"rendered":"<p>Fabriqu\u00e9 avec du plastique 100% recycl\u00e9, ils sont l&#8217;option la plus durable et la plus \u00e9conomique.<br \/>\nLes produits en plastique recycl\u00e9 r\u00e9sistent aux intemp\u00e9ries, \u00e0 l&#8217;eau, aux rayons du soleil &#8230; mais le meilleur est qu&#8217;ils n&#8217;ont pas besoin d&#8217;entretien!<br \/>\nAvec le certificat europ\u00e9en DIN EN 71\/3, ils sont en plastique sans risque pour les enfants.<\/p>\n<p>Nous avons des sets pour les plus petits.<\/p>\n","protected":false},"featured_media":2693,"template":"","meta":[],"class_list":["post-2690","product","type-product","status-publish","has-post-thumbnail","hentry","product_cat-parques-infantiles-plastico-reciclado","product_cat-juegos-infantiles-plastico-reciclado","product_tag-juegos-de-plastico-reciclado","product_tag-parques-infantiles"],"_links":{"self":[{"href":"https:\/\/alquienvasplastic.com\/fr\/wp-json\/wp\/v2\/product\/2690"}],"collection":[{"href":"https:\/\/alquienvasplastic.com\/fr\/wp-json\/wp\/v2\/product"}],"about":[{"href":"https:\/\/alquienvasplastic.com\/fr\/wp-json\/wp\/v2\/types\/product"}],"wp:featuredmedia":[{"embeddable":true,"href":"https:\/\/alquienvasplastic.com\/fr\/wp-json\/wp\/v2\/media\/2693"}],"wp:attachment":[{"href":"https:\/\/alquienvasplastic.com\/fr\/wp-json\/wp\/v2\/media?parent=2690"}],"curies":[{"name":"wp","href":"https:\/\/api.w.org\/{rel}","templated":true}]}}