{"id":2679,"date":"2020-03-16T18:46:23","date_gmt":"2020-03-16T16:46:23","guid":{"rendered":"https:\/\/alquienvasplastic.com\/?post_type=product&#038;p=2679"},"modified":"2023-05-30T16:41:42","modified_gmt":"2023-05-30T14:41:42","slug":"columpio","status":"publish","type":"product","link":"https:\/\/alquienvasplastic.com\/fr\/catalogo\/columpio\/","title":{"rendered":"Balancer"},"content":{"rendered":"<p>Balan\u00e7oire simple ou double construite avec des profils renforc\u00e9s \u00e0 l&#8217;int\u00e9rieur par un caisson en fer qui garantit sa solidit\u00e9.<\/p>\n<p>Le jeu est fix\u00e9 au sol en enfouissant les pieds d&#8217;environ 350 mm.<\/p>\n<p>Les si\u00e8ges sont \u00e9galement disponibles avec dossier et cha\u00eene ou si\u00e8ge b\u00e9b\u00e9.<\/p>\n<p>Toutes les pi\u00e8ces sont reli\u00e9es par des vis en acier inoxydable immerg\u00e9es dans la structure.<\/p>\n<p>Le jeu n&#8217;a pas de parties saillantes en plastique ou autre mat\u00e9riau.<\/p>\n<p>Il ne n\u00e9cessite aucun entretien, il est r\u00e9sistant au vandalisme, il ne jaunit pas, il est r\u00e9sistant aux intemp\u00e9ries et ignifuge.<\/p>\n<p>* Les couleurs des mat\u00e9riaux, y compris celles des photos et de la documentation technique, sont purement indicatives et d\u00e9pendent de la disponibilit\u00e9 au moment de la production.<\/p>","protected":false},"excerpt":{"rendered":"<p>Balan\u00e7oire simple ou double construite avec des profils renforc\u00e9s \u00e0 l&#8217;int\u00e9rieur par un caisson en fer qui garantit sa solidit\u00e9. Le jeu est fix\u00e9 au sol en enfouissant les pieds d&#8217;environ 350 mm. Les si\u00e8ges sont \u00e9galement disponibles avec dossier et cha\u00eene ou si\u00e8ge b\u00e9b\u00e9. Toutes les pi\u00e8ces sont reli\u00e9es par des vis en acier [&hellip;]<\/p>\n","protected":false},"featured_media":4455,"template":"","meta":[],"class_list":["post-2679","product","type-product","status-publish","has-post-thumbnail","hentry","product_cat-parques-infantiles-plastico-reciclado","product_cat-columpios","product_tag-juegos-plastico-reciclado","product_tag-parques-infantiles"],"_links":{"self":[{"href":"https:\/\/alquienvasplastic.com\/fr\/wp-json\/wp\/v2\/product\/2679"}],"collection":[{"href":"https:\/\/alquienvasplastic.com\/fr\/wp-json\/wp\/v2\/product"}],"about":[{"href":"https:\/\/alquienvasplastic.com\/fr\/wp-json\/wp\/v2\/types\/product"}],"wp:featuredmedia":[{"embeddable":true,"href":"https:\/\/alquienvasplastic.com\/fr\/wp-json\/wp\/v2\/media\/4455"}],"wp:attachment":[{"href":"https:\/\/alquienvasplastic.com\/fr\/wp-json\/wp\/v2\/media?parent=2679"}],"curies":[{"name":"wp","href":"https:\/\/api.w.org\/{rel}","templated":true}]}}