{"id":2651,"date":"2020-03-16T17:59:04","date_gmt":"2020-03-16T15:59:04","guid":{"rendered":"https:\/\/alquienvasplastic.com\/?post_type=product&#038;p=2651"},"modified":"2020-12-28T19:32:38","modified_gmt":"2020-12-28T17:32:38","slug":"banco-calero-infantil","status":"publish","type":"product","link":"https:\/\/alquienvasplastic.com\/fr\/catalogo\/banco-calero-infantil\/","title":{"rendered":"Banquetta Calero enfant"},"content":{"rendered":"<p><\/p>\n<h3>MEASURES<\/h3>\n<p>[vc_empty_space height=&#8221;25px&#8221;]<\/p>\n<h6>150 cm<\/h6>\n<div class=\"datagrid\">\n<table>\n<thead>\n<tr>\n<th>Couleur<\/th>\n<th>Dimensions<\/th>\n<th>Poids<\/th>\n<th>R\u00e9f\u00e9rence<\/th>\n<\/tr>\n<\/thead>\n<tbody>\n<tr class=\"notfirst\">\n<td>gris<\/td>\n<td>150 x 28 x 34 cm<\/td>\n<td>51 kg aprox.<\/td>\n<td>BK2GB150<\/td>\n<\/tr>\n<\/tbody>\n<\/table>\n<\/div>\n<p>&nbsp;<\/p>\n<p>[vc_empty_space height=&#8221;25px&#8221;]<\/p>","protected":false},"excerpt":{"rendered":"<p>Banc pour enfants en plastique recycl\u00e9 avec bords arrondis, ne se fendille pas et avec de la hauteur pour les enfants, il est id\u00e9al pour les patios scolaires, les cr\u00e8ches ou les paqrues pour enfants. Il a des certifications DIN adapt\u00e9es \u00e0 l&#8217;usage des enfants.<\/p>\n<p>Couleurs disponibles:<\/p>\n<table>\n<tbody>\n<tr>\n<td style=\"vertical-align: top; background-color: #708ba9; height: 40px; width: 40px;\"><\/td>\n<td style=\"vertical-align: top; background-color: #769c8d; height: 40px; width: 40px;\"><\/td>\n<td style=\"vertical-align: top; background-color: #d56d60; height: 40px; width: 40px;\"><\/td>\n<td style=\"vertical-align: top; background-color: #8c8383; height: 40px; width: 40px;\"><\/td>\n<\/tr>\n<\/tbody>\n<\/table>\n<p>[vc_empty_space height=&#8221;40px&#8221;]<\/p>\n<h4 style=\"margin-bottom: 2%;\">Largeur:<\/h4>\n<table style=\"background-color: white;\" cellspacing=\"2px\">\n<tbody>\n<tr>\n<td style=\"vertical-align: top; background-color: #cccccc;\"> 150 cm <\/td>\n<\/tr>\n<\/tbody>\n<\/table>\n","protected":false},"featured_media":2652,"template":"","meta":[],"class_list":["post-2651","product","type-product","status-publish","has-post-thumbnail","hentry","product_cat-parques-infantiles-plastico-reciclado","product_cat-bancos-infantiles-plastico-reciclado","product_tag-bancos-de-plastico-reiclado","product_tag-juegos-de-plastico-reciclado","product_tag-parques-infantiles"],"_links":{"self":[{"href":"https:\/\/alquienvasplastic.com\/fr\/wp-json\/wp\/v2\/product\/2651"}],"collection":[{"href":"https:\/\/alquienvasplastic.com\/fr\/wp-json\/wp\/v2\/product"}],"about":[{"href":"https:\/\/alquienvasplastic.com\/fr\/wp-json\/wp\/v2\/types\/product"}],"wp:featuredmedia":[{"embeddable":true,"href":"https:\/\/alquienvasplastic.com\/fr\/wp-json\/wp\/v2\/media\/2652"}],"wp:attachment":[{"href":"https:\/\/alquienvasplastic.com\/fr\/wp-json\/wp\/v2\/media?parent=2651"}],"curies":[{"name":"wp","href":"https:\/\/api.w.org\/{rel}","templated":true}]}}