{"id":2225,"date":"2019-11-22T12:23:31","date_gmt":"2019-11-22T10:23:31","guid":{"rendered":"https:\/\/alquienvasplastic.com\/?post_type=product&#038;p=2225"},"modified":"2024-11-20T09:28:25","modified_gmt":"2024-11-20T07:28:25","slug":"pipican","status":"publish","type":"product","link":"https:\/\/alquienvasplastic.com\/fr\/catalogo\/pipican\/","title":{"rendered":"Pipican du plastique recycl\u00e9"},"content":{"rendered":"<p>CONCEPTION PERSONNALIS\u00c9E<\/p>\n<p>Demander plus d&#8217;informations.<\/p>","protected":false},"excerpt":{"rendered":"<p>Une zone pour chiens pour toujours. Fabriqu\u00e9 en plastique recycl\u00e9 sans entretien et inalt\u00e9rable aux conditions atmosph\u00e9riques.<\/p>\n","protected":false},"featured_media":2230,"template":"","meta":[],"class_list":["post-2225","product","type-product","status-publish","has-post-thumbnail","hentry","product_cat-cercados-y-vallas","product_cat-cercados-plastico-reciclado","product_cat-vallas-plastico-reciclado","product_tag-vallas-plastico-recicaldo"],"_links":{"self":[{"href":"https:\/\/alquienvasplastic.com\/fr\/wp-json\/wp\/v2\/product\/2225"}],"collection":[{"href":"https:\/\/alquienvasplastic.com\/fr\/wp-json\/wp\/v2\/product"}],"about":[{"href":"https:\/\/alquienvasplastic.com\/fr\/wp-json\/wp\/v2\/types\/product"}],"wp:featuredmedia":[{"embeddable":true,"href":"https:\/\/alquienvasplastic.com\/fr\/wp-json\/wp\/v2\/media\/2230"}],"wp:attachment":[{"href":"https:\/\/alquienvasplastic.com\/fr\/wp-json\/wp\/v2\/media?parent=2225"}],"curies":[{"name":"wp","href":"https:\/\/api.w.org\/{rel}","templated":true}]}}