{"id":2213,"date":"2019-11-21T18:50:30","date_gmt":"2019-11-21T16:50:30","guid":{"rendered":"https:\/\/alquienvasplastic.com\/?post_type=product&#038;p=2213"},"modified":"2024-07-18T17:10:41","modified_gmt":"2024-07-18T15:10:41","slug":"percha-puerta-a-puerta","status":"publish","type":"product","link":"https:\/\/alquienvasplastic.com\/fr\/catalogo\/percha-puerta-a-puerta\/","title":{"rendered":"Cintre porte \u00e0 porte"},"content":{"rendered":"<p>Cintre pour seaux s\u00e9lectifs entre 7 et 20 litres du syst\u00e8me de collecte porte-\u00e0-porte, en plastique 100% recycl\u00e9, id\u00e9al pour organiser les d\u00e9chets devant votre maison.<br \/>\n[vc_empty_space height=&#8221;25px&#8221;]<\/p>","protected":false},"excerpt":{"rendered":"<p>Fabriqu\u00e9 sur mesure selon les sp\u00e9cifications du client.<\/p>\n<p>Couleurs disponibles:<\/p>\n<table>\n<tbody>\n<tr>\n<td style=\"vertical-align: top; background-color: #473a32; height: 40px; width: 40px;\"><\/td>\n<\/tr>\n<\/tbody>\n<\/table>\n","protected":false},"featured_media":2215,"template":"","meta":[],"class_list":["post-2213","product","type-product","status-publish","has-post-thumbnail","hentry","product_cat-ecopuntos-plastico-reciclado","product_cat-papeleras-selectivas-plastico-reciclado","product_cat-mobiliario-urbano-plastico-reciclado","product_cat-accesorios-plastico-reciclado","product_tag-ecopuntos-plastico-reciclado","product_tag-mobiliario-urbano"],"_links":{"self":[{"href":"https:\/\/alquienvasplastic.com\/fr\/wp-json\/wp\/v2\/product\/2213"}],"collection":[{"href":"https:\/\/alquienvasplastic.com\/fr\/wp-json\/wp\/v2\/product"}],"about":[{"href":"https:\/\/alquienvasplastic.com\/fr\/wp-json\/wp\/v2\/types\/product"}],"wp:featuredmedia":[{"embeddable":true,"href":"https:\/\/alquienvasplastic.com\/fr\/wp-json\/wp\/v2\/media\/2215"}],"wp:attachment":[{"href":"https:\/\/alquienvasplastic.com\/fr\/wp-json\/wp\/v2\/media?parent=2213"}],"curies":[{"name":"wp","href":"https:\/\/api.w.org\/{rel}","templated":true}]}}