{"id":2128,"date":"2019-11-12T20:58:19","date_gmt":"2019-11-12T18:58:19","guid":{"rendered":"https:\/\/alquienvasplastic.com\/?post_type=product&#038;p=2128"},"modified":"2024-12-16T18:28:23","modified_gmt":"2024-12-16T16:28:23","slug":"ecopunto-baleares","status":"publish","type":"product","link":"https:\/\/alquienvasplastic.com\/fr\/catalogo\/ecopunto-baleares\/","title":{"rendered":"Baleares Ecopoint"},"content":{"rendered":"<p>MESURES:<\/p>\n<p>Couvercle de conteneur pour 240L<\/p>\n<p>L290 x L89 x H135 cm.<\/p>\n<p>Couvercle de conteneur pour 360L<\/p>\n<p>L320 x L120 x H160 cm<\/p>\n<p>REF: BALEARS<\/p>","protected":false},"excerpt":{"rendered":"<p>L&#8217;Ecopunto des Bal\u00e9ares est compos\u00e9 d&#8217;une structure en plastique recycl\u00e9 \u00e0 100%, con\u00e7ue pour accueillir des conteneurs en PVC de 240 o 360 litres avec roues \u00e0 l&#8217;int\u00e9rieur. Il est fabriqu\u00e9 avec des profil\u00e9s pour la structure, des lattes horizontales qui permettent de masquer visuellement les conteneurs des 4 points de contribution, une couverture les prot\u00e9geant des conditions atmosph\u00e9riques et des portes d\u2019acc\u00e8s int\u00e9rieures offrant un syst\u00e8me simple et rapide collecte des d\u00e9chets.<\/p>\n","protected":false},"featured_media":4938,"template":"","meta":[],"class_list":["post-2128","product","type-product","status-publish","has-post-thumbnail","hentry","product_cat-ecopuntos-plastico-reciclado","product_cat-cubre-contenedores-plastico-reciclado","product_cat-papeleras-selectivas-plastico-reciclado","product_cat-mobiliario-urbano-plastico-reciclado","product_cat-papeleras-de-plastico-reciclado","product_tag-ecopuntos-plastico-reciclado","product_tag-papeleras-plastico-reciclado"],"_links":{"self":[{"href":"https:\/\/alquienvasplastic.com\/fr\/wp-json\/wp\/v2\/product\/2128"}],"collection":[{"href":"https:\/\/alquienvasplastic.com\/fr\/wp-json\/wp\/v2\/product"}],"about":[{"href":"https:\/\/alquienvasplastic.com\/fr\/wp-json\/wp\/v2\/types\/product"}],"wp:featuredmedia":[{"embeddable":true,"href":"https:\/\/alquienvasplastic.com\/fr\/wp-json\/wp\/v2\/media\/4938"}],"wp:attachment":[{"href":"https:\/\/alquienvasplastic.com\/fr\/wp-json\/wp\/v2\/media?parent=2128"}],"curies":[{"name":"wp","href":"https:\/\/api.w.org\/{rel}","templated":true}]}}