{"id":1878,"date":"2019-08-28T17:05:58","date_gmt":"2019-08-28T15:05:58","guid":{"rendered":"https:\/\/alquienvasplastic.com\/?post_type=product&#038;p=1878"},"modified":"2023-05-10T11:04:16","modified_gmt":"2023-05-10T09:04:16","slug":"vallado-reforzado","status":"publish","type":"product","link":"https:\/\/alquienvasplastic.com\/fr\/catalogo\/vallado-reforzado\/","title":{"rendered":"Cl\u00f4tur\u00e9 Renforc\u00e9e"},"content":{"rendered":"<p><\/p>\n<h3>MESURES<\/h3>\n<p>[vc_empty_space height=&#8221;25px&#8221;]<\/p>\n<h4>Support d&#8217;angle<\/h4>\n<div class=\"datagrid\">\n<table>\n<thead>\n<tr>\n<th>Grosseur<\/th>\n<th>Large<\/th>\n<th>Long<\/th>\n<th>Couleur<\/th>\n<th>Poids<\/th>\n<th>R\u00e9f\u00e9rence<\/th>\n<\/tr>\n<\/thead>\n<tbody>\n<tr class=\"notfirst\">\n<td>10 cm<\/td>\n<td>11 cm<\/td>\n<td>13 cm<\/td>\n<td>Marron<\/td>\n<td>0,8 kg aprox.<\/td>\n<td>KEB101111<\/td>\n<\/tr>\n<\/tbody>\n<\/table>\n<\/div>\n<p>&nbsp;<\/p>\n<p>[vc_empty_space height=&#8221;25px&#8221;]<\/p>\n<h4>Poteau pour 3 barres avec renfort<\/h4>\n<div class=\"datagrid\">\n<table>\n<thead>\n<tr>\n<th>Grosseur<\/th>\n<th>Large<\/th>\n<th>Long<\/th>\n<th>Couleur<\/th>\n<th>Poids<\/th>\n<th>R\u00e9f\u00e9rence<\/th>\n<\/tr>\n<\/thead>\n<tbody>\n<tr class=\"notfirst\">\n<td>11 cm<\/td>\n<td>10 cm<\/td>\n<td>230 cm<\/td>\n<td>Marron<\/td>\n<td>24,6 kg aprox.<\/td>\n<td>KPBA10112303-LA<\/td>\n<\/tr>\n<\/tbody>\n<\/table>\n<\/div>\n<p>&nbsp;<\/p>\n<p>[vc_empty_space height=&#8221;25px&#8221;]<\/p>\n<h4>Poteau pour 5 barres avec renfort<\/h4>\n<div class=\"datagrid\">\n<table>\n<thead>\n<tr>\n<th>Grosseur<\/th>\n<th>Large<\/th>\n<th>Long<\/th>\n<th>Couleur<\/th>\n<th>Poids<\/th>\n<th>Refer\u00e8ncia<\/th>\n<\/tr>\n<\/thead>\n<tbody>\n<tr class=\"notfirst\">\n<td>11 cm<\/td>\n<td>10 cm<\/td>\n<td>230 cm<\/td>\n<td>Marron<\/td>\n<td>26,3 aprox.<\/td>\n<td>KPBA10112305<\/td>\n<\/tr>\n<\/tbody>\n<\/table>\n<\/div>\n<p>&nbsp;<\/p>\n<p>[vc_empty_space height=&#8221;25px&#8221;]<\/p>\n<h4>Barre transversale renforc\u00e9e<\/h4>\n<div class=\"datagrid\">\n<table>\n<thead>\n<tr>\n<th>Grosseur<\/th>\n<th>Large<\/th>\n<th>Long<\/th>\n<th>Couleur<\/th>\n<th>Poids<\/th>\n<th>Refer\u00e8ncia<\/th>\n<\/tr>\n<\/thead>\n<tbody>\n<tr class=\"notfirst\">\n<tr class=\"notfirst\">\n<td>9 cm<\/td>\n<td>9 cm<\/td>\n<td>240 cm<\/td>\n<td>Marron<\/td>\n<td>20,6 aprox.<\/td>\n<td>AB090240F<\/td>\n<\/tr>\n<\/tbody>\n<\/table>\n<\/div>\n<p><\/p>","protected":false},"excerpt":{"rendered":"<p>Si pratique et facile, vous pouvez obtenir une grande qualit\u00e9 \u00e0 c\u00f4t\u00e9 de l&#8217;optique classique de la cl\u00f4ture de 3 ou 5 barres transversales. Il suffit d&#8217;ins\u00e9rer les barres transversales dans les trous dans les poteaux et les attacher avec une vis. ET PR\u00caT! En outre, les poteaux et les planches ne sont pas seulement faits de plastique recycl\u00e9 durable et durable, mais sont \u00e9galement renforc\u00e9s \u00e0 l&#8217;interne avec du m\u00e9tal. L&#8217;escrime est \u00e9ternelle. Les coins et les changements de direction sont facilement effectu\u00e9s avec notre adaptateur en plastique recycl\u00e9.<\/p>\n<p>Couleurs disponibles:<\/p>\n<p>[vc_empty_space height=&#8221;40px&#8221;]<\/p>\n<h4 style=\"margin-bottom: 2%;\">Largeur:<\/h4>\n<table style=\"background-color: white;\" cellspacing=\"2\">\n<tbody>\n<tr>\n<td style=\"vertical-align: top; background-color: #cccccc;\">230 cm<\/td>\n<\/tr>\n<\/tbody>\n<\/table>\n","protected":false},"featured_media":1881,"template":"","meta":[],"class_list":["post-1878","product","type-product","status-publish","has-post-thumbnail","hentry","product_cat-cercados-y-vallas","product_cat-cercados-plastico-reciclado","product_tag-vallas-plastico-recicaldo"],"_links":{"self":[{"href":"https:\/\/alquienvasplastic.com\/fr\/wp-json\/wp\/v2\/product\/1878"}],"collection":[{"href":"https:\/\/alquienvasplastic.com\/fr\/wp-json\/wp\/v2\/product"}],"about":[{"href":"https:\/\/alquienvasplastic.com\/fr\/wp-json\/wp\/v2\/types\/product"}],"wp:featuredmedia":[{"embeddable":true,"href":"https:\/\/alquienvasplastic.com\/fr\/wp-json\/wp\/v2\/media\/1881"}],"wp:attachment":[{"href":"https:\/\/alquienvasplastic.com\/fr\/wp-json\/wp\/v2\/media?parent=1878"}],"curies":[{"name":"wp","href":"https:\/\/api.w.org\/{rel}","templated":true}]}}