{"id":1868,"date":"2019-08-28T16:22:04","date_gmt":"2019-08-28T14:22:04","guid":{"rendered":"https:\/\/alquienvasplastic.com\/?post_type=product&#038;p=1868"},"modified":"2021-11-27T23:22:39","modified_gmt":"2021-11-27T21:22:39","slug":"tablon-reforzado","status":"publish","type":"product","link":"https:\/\/alquienvasplastic.com\/fr\/catalogo\/tablon-reforzado\/","title":{"rendered":"Profil renforc\u00e9"},"content":{"rendered":"","protected":false},"excerpt":{"rendered":"<p>Le profil parfait pour votre projet de construction de cl\u00f4ture. Qu&#8217;il s&#8217;agisse d&#8217;une cl\u00f4ture de p\u00e2turage, d&#8217;un sentier ou d&#8217;une balustrade, les conditions climatiques ne sont plus un probl\u00e8me. Il n&#8217;y a \u00e9galement aucun risque de mastication par les animaux, de blessures dues aux \u00e9clats de bois ou de risques pour la sant\u00e9 dus aux mat\u00e9riaux trait\u00e9s chimiquement. Les planches sont solides, r\u00e9sistantes \u00e0 la pourriture, \u00e0 la rupture et extr\u00eamement durables.<\/p>\n","protected":false},"featured_media":1869,"template":"","meta":[],"class_list":["post-1868","product","type-product","status-publish","has-post-thumbnail","hentry","product_cat-edificacion","product_cat-tablones-y-travesanos-plastico-reciclado","product_cat-mobiliario-urbano-plastico-reciclado","product_cat-tablones-para-bancos-plastico-reciclado","product_tag-tablones-plastico-reciclado","product_tag-vallas-plastico-recicaldo"],"_links":{"self":[{"href":"https:\/\/alquienvasplastic.com\/fr\/wp-json\/wp\/v2\/product\/1868"}],"collection":[{"href":"https:\/\/alquienvasplastic.com\/fr\/wp-json\/wp\/v2\/product"}],"about":[{"href":"https:\/\/alquienvasplastic.com\/fr\/wp-json\/wp\/v2\/types\/product"}],"wp:featuredmedia":[{"embeddable":true,"href":"https:\/\/alquienvasplastic.com\/fr\/wp-json\/wp\/v2\/media\/1869"}],"wp:attachment":[{"href":"https:\/\/alquienvasplastic.com\/fr\/wp-json\/wp\/v2\/media?parent=1868"}],"curies":[{"name":"wp","href":"https:\/\/api.w.org\/{rel}","templated":true}]}}