{"id":1850,"date":"2019-08-14T09:14:27","date_gmt":"2019-08-14T07:14:27","guid":{"rendered":"https:\/\/alquienvasplastic.com\/?post_type=product&#038;p=1850"},"modified":"2024-02-13T16:21:15","modified_gmt":"2024-02-13T14:21:15","slug":"celosias","status":"publish","type":"product","link":"https:\/\/alquienvasplastic.com\/fr\/catalogo\/celosias\/","title":{"rendered":"Treillis"},"content":{"rendered":"<p><\/p>\n<h3>MESURES<\/h3>\n<p>[vc_empty_space height=&#8221;25px&#8221;]<\/p>\n<h4>Element &#8220;HAZEL&#8221;<\/h4>\n<div class=\"datagrid\">\n<table>\n<thead>\n<tr>\n<th>Grosseur<\/th>\n<th>Large<\/th>\n<th>Long<\/th>\n<th>Couleur<\/th>\n<th>Poids<\/th>\n<th>R\u00e9f\u00e9rence<\/th>\n<\/tr>\n<\/thead>\n<tbody>\n<tr class=\"notfirst\">\n<td>9 cm<\/td>\n<td>150 cm<\/td>\n<td>180 cm<\/td>\n<td>Marron<\/td>\n<td>32 kg aprox.<\/td>\n<td>SSH150180<\/td>\n<\/tr>\n<\/tbody>\n<\/table>\n<\/div>\n<p>&nbsp;<\/p>\n<p>[vc_empty_space height=&#8221;25px&#8221;]<\/p>\n<h4>Element &#8220;RIBBON&#8221;<\/h4>\n<div class=\"datagrid\">\n<table>\n<thead>\n<tr>\n<th>Grosseur<\/th>\n<th>Large<\/th>\n<th>Long<\/th>\n<th>Couleur<\/th>\n<th>Poids<\/th>\n<th>R\u00e9f\u00e9rence<\/th>\n<\/tr>\n<\/thead>\n<tbody>\n<tr class=\"notfirst\">\n<td>9 cm<\/td>\n<td>150 cm<\/td>\n<td>180 cm<\/td>\n<td>Marron<\/td>\n<td>30 kg aprox.<\/td>\n<td>SPB1612250<\/td>\n<\/tr>\n<\/tbody>\n<\/table>\n<\/div>\n<p>&nbsp;<\/p>\n<p>[vc_empty_space height=&#8221;25px&#8221;]<\/p>\n<h4>Poteaux renforc\u00e9 et frais\u00e9<\/h4>\n<div class=\"datagrid\">\n<table>\n<thead>\n<tr>\n<th>Grosseur<\/th>\n<th>Large<\/th>\n<th>Long<\/th>\n<th>Couleur<\/th>\n<th>Poids<\/th>\n<th>Refer\u00e8ncia<\/th>\n<\/tr>\n<\/thead>\n<tbody>\n<tr class=\"notfirst\">\n<td>9 cm<\/td>\n<td>9 cm<\/td>\n<td>190 cm<\/td>\n<td>Marron<\/td>\n<td>16,2 aprox.<\/td>\n<td>AB090190F<\/td>\n<\/tr>\n<tr class=\"notfirst\">\n<td>9 cm<\/td>\n<td>9 cm<\/td>\n<td>240 cm<\/td>\n<td>Marron<\/td>\n<td>20,6 aprox.<\/td>\n<td>AB090240F<\/td>\n<\/tr>\n<\/tbody>\n<\/table>\n<\/div>\n<p>&nbsp;<\/p>\n<p>[vc_empty_space height=&#8221;25px&#8221;]<\/p>\n<h4>Support Central<\/h4>\n<div class=\"datagrid\">\n<table>\n<thead>\n<tr>\n<th>\u00d8<\/th>\n<th>Long<\/th>\n<th>Couleur<\/th>\n<th>Poids<\/th>\n<th>R\u00e9f\u00e9rence<\/th>\n<\/tr>\n<\/thead>\n<tbody>\n<tr class=\"notfirst\">\n<td>4 cm<\/td>\n<td>45 cm<\/td>\n<td>Marron<\/td>\n<td>0,7 kg aprox.<\/td>\n<td>VB040045<\/td>\n<\/tr>\n<\/tbody>\n<\/table>\n<\/div>\n<p><\/p>","protected":false},"excerpt":{"rendered":"<p>Am\u00e9liorez votre qualit\u00e9 de vie en augmentant votre vie priv\u00e9e et en vous prot\u00e9geant des regards indiscrets. Embellissez votre environnement en cachant des choses que vous ne voulez pas voir, comme des poubelles ou de l&#8217;\u00e9quipement de jardinage. Notre syst\u00e8me moderne de Celosias &#8211; Panneaux de dissimulation &#8211; Alquienvas nous rappelle l&#8217;ancien treillis en bois, mais sans les grands inconv\u00e9nients d&#8217;entre eux, tels que la pourriture, des niveaux \u00e9lev\u00e9s d&#8217;entretien, des contaminants de peinture ou de vernis et risque de blessures par \u00e9clats. Les panneaux de confidentialit\u00e9 Alquienvas sont robustes, respectueux de l&#8217;environnement et sans entretien, aimant rapidement leur apparence attrayante. Ils sont disponibles en deux versions: Tubular celosa, avec une tracede de barre ronde ou un violoncelle plat, avec une tracede ruban.<\/p>\n<p>Couleurs disponibles:<\/p>\n<table>\n<tbody>\n<tr>\n<td style=\"vertical-align: top; background-color: #a25c5e; height: 40px; width: 40px;\"><\/td>\n<\/tr>\n<\/tbody>\n<\/table>\n","protected":false},"featured_media":1851,"template":"","meta":[],"class_list":["post-1850","product","type-product","status-publish","has-post-thumbnail","hentry","product_cat-cercados-y-vallas","product_tag-vallas-plastico-recicaldo"],"_links":{"self":[{"href":"https:\/\/alquienvasplastic.com\/fr\/wp-json\/wp\/v2\/product\/1850"}],"collection":[{"href":"https:\/\/alquienvasplastic.com\/fr\/wp-json\/wp\/v2\/product"}],"about":[{"href":"https:\/\/alquienvasplastic.com\/fr\/wp-json\/wp\/v2\/types\/product"}],"wp:featuredmedia":[{"embeddable":true,"href":"https:\/\/alquienvasplastic.com\/fr\/wp-json\/wp\/v2\/media\/1851"}],"wp:attachment":[{"href":"https:\/\/alquienvasplastic.com\/fr\/wp-json\/wp\/v2\/media?parent=1850"}],"curies":[{"name":"wp","href":"https:\/\/api.w.org\/{rel}","templated":true}]}}