{"id":1500,"date":"2017-09-27T15:55:17","date_gmt":"2017-09-27T13:55:17","guid":{"rendered":"https:\/\/alquienvasplastic.com\/?post_type=product&#038;p=1500"},"modified":"2022-05-16T16:37:31","modified_gmt":"2022-05-16T14:37:31","slug":"tablones-asientos-ensamblados","status":"publish","type":"product","link":"https:\/\/alquienvasplastic.com\/fr\/catalogo\/tablones-asientos-ensamblados\/","title":{"rendered":"Tables pour si\u00e8ges pr\u00e9-assembl\u00e9s"},"content":{"rendered":"<p><\/p>\n<h3>MESURES<\/h3>\n<h6>Type Klassik, long 150 cm<\/h6>\n<div class=\"datagrid\">\n<table>\n<thead>\n<tr>\n<th>Tablones<\/th>\n<th>Largeur<\/th>\n<th>\u00c9paisseur<\/th>\n<th>Poids<\/th>\n<th>R\u00e9f\u00e9rence<\/th>\n<\/tr>\n<tr class=\"notfirst\">\n<td>2 morceaux<\/td>\n<td>18,5 cm<\/td>\n<td>6 cm<\/td>\n<td>12 kg env.<\/td>\n<td>SEB2K185150<\/td>\n<td><\/td>\n<\/tr>\n<tr class=\"notfirst\">\n<td>3 morceaux<\/td>\n<td>29 cm<\/td>\n<td>6 cm<\/td>\n<td>18 kg env.<\/td>\n<td>SEB3K90150<\/td>\n<td><\/td>\n<\/tr>\n<tr class=\"notfirst\">\n<td>4 morceaux<\/td>\n<td>39,5 cm<\/td>\n<td>6 cm<\/td>\n<td>24 kg env.<\/td>\n<td>SEB4K395150<\/td>\n<td><\/td>\n<\/tr>\n<tr class=\"notfirst\">\n<td>5 morceaux<\/td>\n<td>50 cm<\/td>\n<td>6 cm<\/td>\n<td>30 kg env.<\/td>\n<td>SEB5K500150<\/td>\n<td><\/td>\n<\/tr>\n<tr class=\"notfirst\">\n<td>2 morceaux<\/td>\n<td>22,5 cm<\/td>\n<td>6 cm<\/td>\n<td>14 kg env.<\/td>\n<td>SEB2K225150<\/td>\n<td><\/td>\n<\/tr>\n<tr class=\"notfirst\">\n<td>3 morceaux<\/td>\n<td>35 cm<\/td>\n<td>6 cm<\/td>\n<td>21 kg env.<\/td>\n<td>SEB3K350150<\/td>\n<td><\/td>\n<\/tr>\n<tr class=\"notfirst\">\n<td>4 morceaux<\/td>\n<td>47,5 cm<\/td>\n<td>6 cm<\/td>\n<td>28 kg env.<\/td>\n<td>SEB4K475150<\/td>\n<td><\/td>\n<\/tr>\n<tr class=\"notfirst\">\n<td>5 morceaux<\/td>\n<td>60 cm<\/td>\n<td>6 cm<\/td>\n<td>35 kg env.<\/td>\n<td>SEB5K600150<\/td>\n<td><\/td>\n<\/tr>\n<tr class=\"notfirst\">\n<td>2 morceaux<\/td>\n<td>26,5 cm<\/td>\n<td>6 cm<\/td>\n<td>16 kg env.<\/td>\n<td>SEB2K265150<\/td>\n<td><\/td>\n<\/tr>\n<tr class=\"notfirst\">\n<td>3 morceaux<\/td>\n<td>41 cm<\/td>\n<td>6 cm<\/td>\n<td>24 kg env.<\/td>\n<td>SEB3K410150<\/td>\n<td><\/td>\n<\/tr>\n<tr class=\"notfirst\">\n<td>4 morceaux<\/td>\n<td>55,5 cm<\/td>\n<td>6 cm<\/td>\n<td>32 kg env.<\/td>\n<td>SEB4K555150<\/td>\n<td><\/td>\n<\/tr>\n<tr class=\"notfirst\">\n<td>5 morceaux<\/td>\n<td>70 cm<\/td>\n<td>6 cm<\/td>\n<td>40 kg env.<\/td>\n<td>SEB5K700150<\/td>\n<td><\/td>\n<\/tr>\n<\/thead>\n<\/table>\n<\/div>\n<p>&nbsp;<\/p>\n<p>[vc_empty_space height=&#8221;25px&#8221;]<\/p>\n<h6>Type Klassik, long 200 cm<\/h6>\n<div class=\"datagrid\">\n<table>\n<thead>\n<tr>\n<th>Tablones<\/th>\n<th>Largeur<\/th>\n<th>\u00c9paisseur<\/th>\n<th>Poids<\/th>\n<th>R\u00e9f\u00e9rence<\/th>\n<\/tr>\n<tr class=\"notfirst\">\n<td>2 morceaux<\/td>\n<td>18,5 cm<\/td>\n<td>6 cm<\/td>\n<td>16kg env.<\/td>\n<td>SEB2K185200<\/td>\n<td><\/td>\n<\/tr>\n<tr class=\"notfirst\">\n<td>3 morceaux<\/td>\n<td>29 cm<\/td>\n<td>6 cm<\/td>\n<td>24kg env.<\/td>\n<td>SEB3K290200<\/td>\n<td><\/td>\n<\/tr>\n<tr class=\"notfirst\">\n<td>4 morceaux<\/td>\n<td>39,5 cm<\/td>\n<td>6 cm<\/td>\n<td>32kg env.<\/td>\n<td>SEB4K395200<\/td>\n<td><\/td>\n<\/tr>\n<tr class=\"notfirst\">\n<td>5 morceaux<\/td>\n<td>50 cm<\/td>\n<td>6 cm<\/td>\n<td>40kg env.<\/td>\n<td>SEB5K500200<\/td>\n<td><\/td>\n<\/tr>\n<tr class=\"notfirst\">\n<td>2 morceaux<\/td>\n<td>22,5 cm<\/td>\n<td>6 cm<\/td>\n<td>19kg env.<\/td>\n<td>SEB2K225200<\/td>\n<td><\/td>\n<\/tr>\n<tr class=\"notfirst\">\n<td>3 morceaux<\/td>\n<td>35 cm<\/td>\n<td>6 cm<\/td>\n<td>28,5kg env.<\/td>\n<td>SEB3K350200<\/td>\n<td><\/td>\n<\/tr>\n<tr class=\"notfirst\">\n<td>4 morceaux<\/td>\n<td>47,5 cm<\/td>\n<td>6 cm<\/td>\n<td>38kg env.<\/td>\n<td>SEB4K475200<\/td>\n<td><\/td>\n<\/tr>\n<tr class=\"notfirst\">\n<td>5 morceaux<\/td>\n<td>60 cm<\/td>\n<td>6 cm<\/td>\n<td>47,5kg env.<\/td>\n<td>SEB5K600200<\/td>\n<td><\/td>\n<\/tr>\n<tr class=\"notfirst\">\n<td>2 morceaux<\/td>\n<td>26,5 cm<\/td>\n<td>6 cm<\/td>\n<td>22kg env.<\/td>\n<td>SEB2K265200<\/td>\n<td><\/td>\n<\/tr>\n<tr class=\"notfirst\">\n<td>3 morceaux<\/td>\n<td>41 cm<\/td>\n<td>6 cm<\/td>\n<td>33kg env.<\/td>\n<td>SEB3K410200<\/td>\n<td><\/td>\n<\/tr>\n<tr class=\"notfirst\">\n<td>4 morceaux<\/td>\n<td>55,5 cm<\/td>\n<td>6 cm<\/td>\n<td>44kg env.<\/td>\n<td>SEB4K555200<\/td>\n<td><\/td>\n<\/tr>\n<tr class=\"notfirst\">\n<td>5 morceaux<\/td>\n<td>70 cm<\/td>\n<td>6 cm<\/td>\n<td>55kg env.<\/td>\n<td>SEB5K700200<\/td>\n<td><\/td>\n<\/tr>\n<\/thead>\n<\/table>\n<\/div>\n<p>&nbsp;<\/p>\n<p>[vc_empty_space height=&#8221;25px&#8221;]<\/p>\n<h6>Type Premium, long 150 cm<\/h6>\n<div class=\"datagrid\">\n<table>\n<thead>\n<tr>\n<th>Tablones<\/th>\n<th>Largeur<\/th>\n<th>\u00c9paisseur<\/th>\n<th>Poids<\/th>\n<th>R\u00e9f\u00e9rence<\/th>\n<\/tr>\n<tr class=\"notfirst\">\n<td>2 morceaux<\/td>\n<td>18,5 cm<\/td>\n<td>6,7 cm<\/td>\n<td>14kg env.<\/td>\n<td>SEB2P185150<\/td>\n<td><\/td>\n<\/tr>\n<tr class=\"notfirst\">\n<td>3 morceaux<\/td>\n<td>29 cm<\/td>\n<td>6,7 cm<\/td>\n<td>21kg env.<\/td>\n<td>SEB3P290150<\/td>\n<td><\/td>\n<\/tr>\n<tr class=\"notfirst\">\n<td>4 morceaux<\/td>\n<td>39,5 cm<\/td>\n<td>6,7 cm<\/td>\n<td>28kg env.<\/td>\n<td>SEB4P395150<\/td>\n<td><\/td>\n<\/tr>\n<tr class=\"notfirst\">\n<td>5 morceaux<\/td>\n<td>50 cm<\/td>\n<td>6,7 cm<\/td>\n<td>35kg env.<\/td>\n<td>SEB5P500150<\/td>\n<td><\/td>\n<\/tr>\n<tr class=\"notfirst\">\n<td>2 morceaux<\/td>\n<td>22,5 cm<\/td>\n<td>6,7 cm<\/td>\n<td>16kg env.<\/td>\n<td>SEB2P225150<\/td>\n<td><\/td>\n<\/tr>\n<tr class=\"notfirst\">\n<td>3 morceaux<\/td>\n<td>35 cm<\/td>\n<td>6,7 cm<\/td>\n<td>24kg env.<\/td>\n<td>SEB3P350150<\/td>\n<td><\/td>\n<\/tr>\n<tr class=\"notfirst\">\n<td>4 morceaux<\/td>\n<td>47,5 cm<\/td>\n<td>6,7 cm<\/td>\n<td>32kg env.<\/td>\n<td>SEB4P475150<\/td>\n<td><\/td>\n<\/tr>\n<tr class=\"notfirst\">\n<td>5 morceaux<\/td>\n<td>60 cm<\/td>\n<td>6,7 cm<\/td>\n<td>40kg env.<\/td>\n<td>SEB5P600150<\/td>\n<td><\/td>\n<\/tr>\n<tr class=\"notfirst\">\n<td>2 morceaux<\/td>\n<td>26,5 cm<\/td>\n<td>6,7 cm<\/td>\n<td>18kg env.<\/td>\n<td>SEB2P265150<\/td>\n<td><\/td>\n<\/tr>\n<tr class=\"notfirst\">\n<td>3 morceaux<\/td>\n<td>41 cm<\/td>\n<td>6,7 cm<\/td>\n<td>27kg env.<\/td>\n<td>SEB3P410150<\/td>\n<td><\/td>\n<\/tr>\n<tr class=\"notfirst\">\n<td>4 morceaux<\/td>\n<td>55,5 cm<\/td>\n<td>6,7 cm<\/td>\n<td>36kg env.<\/td>\n<td>SEB4P555150<\/td>\n<td><\/td>\n<\/tr>\n<tr class=\"notfirst\">\n<td>5 morceaux<\/td>\n<td>70 cm<\/td>\n<td>6,7 cm<\/td>\n<td>45kg env.<\/td>\n<td>SEB5P700150<\/td>\n<td><\/td>\n<\/tr>\n<\/thead>\n<\/table>\n<\/div>\n<p>&nbsp;<\/p>\n<p>[vc_empty_space height=&#8221;25px&#8221;]<\/p>\n<h6>Type Premium, long 200 cm<\/h6>\n<div class=\"datagrid\">\n<table>\n<thead>\n<tr>\n<th>Tablones<\/th>\n<th>Largeur<\/th>\n<th>\u00c9paisseur<\/th>\n<th>Poids<\/th>\n<th>R\u00e9f\u00e9rence<\/th>\n<\/tr>\n<tr class=\"notfirst\">\n<td>2 morceaux<\/td>\n<td>18,5 cm<\/td>\n<td>6,7 cm<\/td>\n<td>18kg env.<\/td>\n<td>SEB2P185200<\/td>\n<td><\/td>\n<\/tr>\n<tr class=\"notfirst\">\n<td>3 morceaux<\/td>\n<td>29 cm<\/td>\n<td>6,7 cm<\/td>\n<td>27kg env.<\/td>\n<td>SEB3P290200<\/td>\n<td><\/td>\n<\/tr>\n<tr class=\"notfirst\">\n<td>4 morceaux<\/td>\n<td>39,5 cm<\/td>\n<td>6,7 cm<\/td>\n<td>36kg env.<\/td>\n<td>SEB4P395200<\/td>\n<td><\/td>\n<\/tr>\n<tr class=\"notfirst\">\n<td>5 morceaux<\/td>\n<td>50 cm<\/td>\n<td>6,7 cm<\/td>\n<td>45kg env.<\/td>\n<td>SEB5P500200<\/td>\n<td><\/td>\n<\/tr>\n<tr class=\"notfirst\">\n<td>2 morceaux<\/td>\n<td>22,5 cm<\/td>\n<td>6,7 cm<\/td>\n<td>21kg env.<\/td>\n<td>SEB2P225200<\/td>\n<td><\/td>\n<\/tr>\n<tr class=\"notfirst\">\n<td>3 morceaux<\/td>\n<td>35 cm<\/td>\n<td>6,7 cm<\/td>\n<td>31,5kg env.<\/td>\n<td>SEB3P350200<\/td>\n<td><\/td>\n<\/tr>\n<tr class=\"notfirst\">\n<td>5 morceaux<\/td>\n<td>47,5 cm<\/td>\n<td>6,7 cm<\/td>\n<td>52,5kg env.<\/td>\n<td>SEB5P600200<\/td>\n<td><\/td>\n<\/tr>\n<tr class=\"notfirst\">\n<td>2 morceaux<\/td>\n<td>60 cm<\/td>\n<td>6,7 cm<\/td>\n<td>25kg env.<\/td>\n<td>SEB2P265200<\/td>\n<td><\/td>\n<\/tr>\n<tr class=\"notfirst\">\n<td>4 morceaux<\/td>\n<td>26,5 cm<\/td>\n<td>6,7 cm<\/td>\n<td>42kg env.<\/td>\n<td>SEB4P475200<\/td>\n<td><\/td>\n<\/tr>\n<tr class=\"notfirst\">\n<td>3 morceaux<\/td>\n<td>41 cm<\/td>\n<td>6,7 cm<\/td>\n<td>37,5kg env.<\/td>\n<td>SEB3P410200<\/td>\n<td><\/td>\n<\/tr>\n<tr class=\"notfirst\">\n<td>4 morceaux<\/td>\n<td>55,5 cm<\/td>\n<td>6,7 cm<\/td>\n<td>50kg env.<\/td>\n<td>SEB4P8555200<\/td>\n<td><\/td>\n<\/tr>\n<tr class=\"notfirst\">\n<td>5 morceaux<\/td>\n<td>70 cm<\/td>\n<td>6,7 cm<\/td>\n<td>62,5kg env.<\/td>\n<td>SEB5P700200<\/td>\n<td><\/td>\n<\/tr>\n<\/thead>\n<\/table>\n<\/div>\n<p>&nbsp;<\/p>\n<p>[vc_empty_space height=&#8221;25px&#8221;]<\/p>","protected":false},"excerpt":{"rendered":"<p><span style=\"display: inline !important; float: none; background-color: transparent; color: #768085; font-family: 'Open Sans','Helvetica Neue',Helvetica,Arial,'Lucida Grande',sans-serif; font-size: 13.93px; font-style: normal; font-variant: normal; font-weight: 500; letter-spacing: normal; orphans: 2; text-align: left; text-decoration: none; text-indent: 0px; text-transform: none; -webkit-text-stroke-width: 0px; white-space: normal; word-spacing: 0px;\">Gr\u00e2ce \u00e0 nos \u00e9l\u00e9ments en lames de banc pr\u00e9mont\u00e9s, on peut cr\u00e9er rapidement et \u00e0 peu de frais de nouveaux si\u00e8ges. Les lames sont pr\u00e9mont\u00e9es sur les profils d&#8217;aluminium en U et peuvent \u00eatre viss\u00e9es sur des sous-constructions correspondantes.<\/span><\/p>\n<p><span style=\"display: inline !important; float: none; background-color: transparent; color: #768085; font-family: 'Open Sans','Helvetica Neue',Helvetica,Arial,'Lucida Grande',sans-serif; font-size: 13.93px; font-style: normal; font-variant: normal; font-weight: 500; letter-spacing: normal; line-height: 24px; orphans: 2; text-align: left; text-decoration: none; text-indent: 0px; text-transform: none; -webkit-text-stroke-width: 0px; white-space: normal; word-spacing: 0px;\">L&#8217;espace entre les lames est de 2,5 cm. Le montage se fait sur des profils d&#8217;aluminium en U. Pour chaque \u00e9l\u00e9ment, on installe 3 solives. Pour chaque solive, il y a un trou de fixation entre chaque lame de banc ext\u00e9rieure. Solives \u00e9l\u00e9ment de 150 cm pour 20\/75\/130 cm. Solives \u00e9l\u00e9ment de 200 cm pour 20\/100\/180 cm.<\/span><\/p>\n<p><span style=\"display: inline !important; float: none; background-color: transparent; color: #333333; cursor: text; font-family: Georgia,'Times New Roman','Bitstream Charter',Times,serif; font-size: 16px; font-style: normal; font-variant: normal; font-weight: 400; letter-spacing: normal; orphans: 2; text-align: left; text-decoration: none; text-indent: 0px; text-transform: none; -webkit-text-stroke-width: 0px; white-space: normal; word-spacing: 0px;\">[vc_empty_space height=&#8221;40px&#8221;]<\/span><\/p>\n<p>Couleurs disponibles:<\/p>\n<table>\n<tbody>\n<tr>\n<td style=\"vertical-align: top; background-color: #ba94a0; height: 40px; width: 40px;\"><\/td>\n<\/tr>\n<\/tbody>\n<\/table>\n<p>[vc_empty_space height=&#8221;40px&#8221;]<\/p>\n<h4 style=\"margin-bottom: 2%;\">Types:<\/h4>\n<table style=\"background-color: white;\" cellspacing=\"2\">\n<tbody>\n<tr>\n<td style=\"vertical-align: top; background-color: #cccccc;\">150cm<\/td>\n<td style=\"vertical-align: top; background-color: #ffffff;\"><\/td>\n<td style=\"vertical-align: top; background-color: #cccccc;\">200cm<\/td>\n<\/tr>\n<\/tbody>\n<\/table>\n","protected":false},"featured_media":1501,"template":"","meta":[],"class_list":["post-1500","product","type-product","status-publish","has-post-thumbnail","hentry","product_cat-mobiliario-urbano-plastico-reciclado","product_cat-tablones-para-bancos-plastico-reciclado","product_tag-bancos-de-plastico-reiclado"],"_links":{"self":[{"href":"https:\/\/alquienvasplastic.com\/fr\/wp-json\/wp\/v2\/product\/1500"}],"collection":[{"href":"https:\/\/alquienvasplastic.com\/fr\/wp-json\/wp\/v2\/product"}],"about":[{"href":"https:\/\/alquienvasplastic.com\/fr\/wp-json\/wp\/v2\/types\/product"}],"wp:featuredmedia":[{"embeddable":true,"href":"https:\/\/alquienvasplastic.com\/fr\/wp-json\/wp\/v2\/media\/1501"}],"wp:attachment":[{"href":"https:\/\/alquienvasplastic.com\/fr\/wp-json\/wp\/v2\/media?parent=1500"}],"curies":[{"name":"wp","href":"https:\/\/api.w.org\/{rel}","templated":true}]}}