{"id":1006,"date":"2017-08-07T17:37:52","date_gmt":"2017-08-07T15:37:52","guid":{"rendered":"https:\/\/alquienvasplastic.com\/?post_type=product&#038;p=1006"},"modified":"2023-05-10T11:06:29","modified_gmt":"2023-05-10T09:06:29","slug":"pilon-con-cabeza-hemisferico-o-15-cm","status":"publish","type":"product","link":"https:\/\/alquienvasplastic.com\/fr\/catalogo\/pilon-con-cabeza-hemisferico-o-15-cm\/","title":{"rendered":"Pyl\u00f4ne t\u00eate h\u00e9misph\u00e9rique \u00d8 15 cm"},"content":{"rendered":"<p><\/p>\n<h3>MEASURES<\/h3>\n<p>[vc_empty_space height=&#8221;25px&#8221;]<\/p>\n<h3>\u00d8 15 cm<\/h3>\n<div class=\"datagrid\">\n<table>\n<thead>\n<tr>\n<th>Longueur<\/th>\n<th>Couleur<\/th>\n<th>Poids<\/th>\n<th>R\u00e9f\u00e9rence<\/th>\n<th>Unit\u00e9s par palette<\/th>\n<\/thead>\n<tbody>\n<\/tr>\n<tr class=\"notfirst\">\n<td>150 cm<\/td>\n<td>gris<\/td>\n<td>14 kg env.<\/td>\n<td>PGH15150<\/td>\n<td>30<\/td>\n<\/tr>\n<tr class=\"notfirst\">\n<td>150 cm<\/td>\n<td>marron<\/td>\n<td>14 kg env.<\/td>\n<td>PBH15150<\/td>\n<td>30<\/td>\n<\/tr>\n<\/tbody>\n<\/table>\n<\/div>\n<p>&nbsp;<\/p>\n<p>[vc_empty_space height=&#8221;25px&#8221;]<\/p>\n<h3>\u00d8 15 cm + 2 bandes r\u00e9fl\u00e9chissantes<\/h3>\n<div class=\"datagrid\">\n<table>\n<thead>\n<tr>\n<th>Longueur<\/th>\n<th>Couleur<\/th>\n<th>Poids<\/th>\n<th>R\u00e9f\u00e9rence<\/th>\n<th>Unit\u00e9s par palette<\/th>\n<\/tr>\n<\/thead>\n<tbody>\n<tr class=\"notfirst\">\n<td>150 cm<\/td>\n<td>gris<\/td>\n<td>14 kg env.<\/td>\n<td>PGH15150A<\/td>\n<td>30<\/td>\n<\/tr>\n<tr class=\"notfirst\">\n<td>150 cm<\/td>\n<td>marron<\/td>\n<td>14 kg env.<\/td>\n<td>PBH15150A<\/td>\n<td>30<\/td>\n<\/tr>\n<\/tbody>\n<\/table>\n<\/div>\n<p>&nbsp;<\/p>\n<p>[vc_empty_space height=&#8221;25px&#8221;]<\/p>","protected":false},"excerpt":{"rendered":"<p>Couleurs disponibles:<\/p>\n<table>\n<tbody>\n<tr>\n<td style=\"vertical-align: top; background-color: #473a32; height: 40px; width: 40px;\"><\/td>\n<td style=\"vertical-align: top; background-color: #575757; height: 40px; width: 40px;\"><\/td>\n<\/tr>\n<\/tbody>\n<\/table>\n<p>[vc_empty_space height=&#8221;40px&#8221;]<\/p>\n<h4 style=\"margin-bottom: 2%;\">Diam\u00e8tre \u00d8:<\/h4>\n<table style=\"background-color: white;\" cellspacing=\"2px\">\n<tbody>\n<tr>\n<td style=\"vertical-align: top; background-color: #cccccc;\">15 cm<\/td>\n<\/tr>\n<\/tbody>\n<\/table>\n","protected":false},"featured_media":2266,"template":"","meta":[],"class_list":["post-1006","product","type-product","status-publish","has-post-thumbnail","hentry","product_cat-cercados-y-vallas","product_cat-pilones-plastico-reciclado","product_tag-pilones-plastico-reciclado"],"_links":{"self":[{"href":"https:\/\/alquienvasplastic.com\/fr\/wp-json\/wp\/v2\/product\/1006"}],"collection":[{"href":"https:\/\/alquienvasplastic.com\/fr\/wp-json\/wp\/v2\/product"}],"about":[{"href":"https:\/\/alquienvasplastic.com\/fr\/wp-json\/wp\/v2\/types\/product"}],"wp:featuredmedia":[{"embeddable":true,"href":"https:\/\/alquienvasplastic.com\/fr\/wp-json\/wp\/v2\/media\/2266"}],"wp:attachment":[{"href":"https:\/\/alquienvasplastic.com\/fr\/wp-json\/wp\/v2\/media?parent=1006"}],"curies":[{"name":"wp","href":"https:\/\/api.w.org\/{rel}","templated":true}]}}