{"id":765,"date":"2017-07-15T17:14:11","date_gmt":"2017-07-15T15:14:11","guid":{"rendered":"https:\/\/alquienvasplastic.com\/?page_id=765"},"modified":"2020-07-28T14:37:00","modified_gmt":"2020-07-28T12:37:00","slug":"aviso-legal","status":"publish","type":"page","link":"https:\/\/alquienvasplastic.com\/fr\/aviso-legal\/","title":{"rendered":"Avis juridique"},"content":{"rendered":"<p>[vc_row][vc_column][vc_column_text]<\/p>\n<p style=\"text-align: justify;\">Cet avis juridique (ci-apr\u00e8s, l &#8216; \u00ab avis juridique \u00bb) r\u00e9git l&#8217;utilisation du service de portail Internet http:\/\/www.alquienvasplastic.com (ci-apr\u00e8s, le \u00ab Web \u00bb) du Alquienvas Group cr\u00e9\u00e9 en C \/ Catalunya, 4 25337 Bellcaire d&#8217;Urgell (Lleida) et CIF: B25335332<\/p>\n<h3 style=\"text-align: left;\">L\u00e9gislation<\/h3>\n<p style=\"text-align: justify;\">Dans les relations entre l&#8217;effet Alquienvas Group et les utilisateurs de ses services t\u00e9l\u00e9matiques sur le Web, ils sont soumis \u00e0 la l\u00e9gislation et la juridiction espagnole. Les parties renoncent express\u00e9ment \u00e0 la juridiction qui peut correspondre et se soumettre aux tribunaux de Lleida pour r\u00e9soudre tout diff\u00e9rend qui pourrait survenir dans l&#8217;interpr\u00e9tation ou l&#8217;ex\u00e9cution des termes du contrat.<\/p>\n<h3 style=\"text-align: left;\">Contenu et utilisation<\/h3>\n<p style=\"text-align: justify;\">L&#8217;utilisateur est inform\u00e9 et accepte que l&#8217;acc\u00e8s \u00e0 ce site n&#8217;a pas, en aucune fa\u00e7on, le d\u00e9but d&#8217;une relation d&#8217;affaires avec Alquienvas Group Le titulaire du Web n&#8217;est pas identifi\u00e9 avec les vues pour en condamn\u00e9s leur collaborateurs. La Soci\u00e9t\u00e9 se r\u00e9serve le droit d&#8217;apporter des modifications sans pr\u00e9avis qu&#8217;elle juge appropri\u00e9e sur son Web peut modifier, supprimer ou ajouter du contenu et des services fournis par la m\u00eame que la mani\u00e8re dont ceux-ci sont pr\u00e9sent\u00e9s ou localis\u00e9s sur leurs serveurs.<\/p>\n<h3>Formulaires de contact<\/h3>\n<p>Le Propri\u00e9taire demande des donn\u00e9es personnelles, qui peuvent inclure: Nom et pr\u00e9nom, adresse e-mail, num\u00e9ro de t\u00e9l\u00e9phone et adresse afin de r\u00e9pondre \u00e0 vos questions, de g\u00e9rer la liste d&#8217;abonnement, d&#8217;envoyer des newsletters, des promotions et des offres sp\u00e9ciales.<br \/>\nLes donn\u00e9es que vous fournissez \u00e0 Alquienvas seront situ\u00e9es sur les serveurs d&#8217;Alquienvas, domicili\u00e9s \u00e0 Alquienvas Espagne.<\/p>\n<h3 style=\"text-align: left;\">Propri\u00e9t\u00e9 intellectuelle<\/h3>\n<p style=\"text-align: justify;\">droits de propri\u00e9t\u00e9 intellectuelle du contenu des pages Web, la conception graphique et les codes appartiennent \u00e0 Alquienvas Group et, par cons\u00e9quent, leur reproduction, distribution, communication publique, transformation ou toute autre activit\u00e9 qui peut \u00eatre fait est interdite avec le contenu de leur site Web ou m\u00eame en citant la source, sauf accord \u00e9crit du propri\u00e9taire. Tous les noms commerciaux, marques ou signes diff\u00e9rents de toute nature figurant sur le site de la Soci\u00e9t\u00e9 sont la propri\u00e9t\u00e9 de leurs propri\u00e9taires et sont prot\u00e9g\u00e9s par la loi.<\/p>\n<h3 style=\"text-align: left;\">Liens (links)<\/h3>\n<p style=\"text-align: justify;\">La pr\u00e9sence de liens (links) sur le site sont purement informatif et en aucun cas dire une suggestion, une invitation ou une recommandation.<\/p>\n<h3 style=\"text-align: left;\">Politique de cookies (ou les cookies)<\/h3>\n<p style=\"text-align: justify;\">Le Web utilise des cookies strictement n\u00e9cessaires et que vous utilisez notre site Web et peuvent se d\u00e9placer librement, utilisez des zones s\u00e9curis\u00e9es, des options personnalis\u00e9es, etc. Il utilise \u00e9galement des cookies pour recueillir des donn\u00e9es sur l&#8217;analyse de l&#8217;utilisation du Web. Ceux-ci sont utilis\u00e9s pour aider \u00e0 am\u00e9liorer et mesurer l&#8217;utilisation et la performance pour optimiser et personnaliser la page.<br \/>\nNotre site peut aussi avoir des liens vers les r\u00e9seaux sociaux (tels que Facebook, Youtube et Linkedin).<br \/>\nAlquienvas Group ne contr\u00f4le pas les cookies utilis\u00e9s par ces sites externes.<br \/>\nPour plus d&#8217;informations sur les cookies de r\u00e9seaux sociaux ou d&#8217;autres sites \u00e0 l&#8217;ext\u00e9rieur, nous recommandons de revoir leurs politiques de cookies.<br \/>\nPlus d&#8217;informations sur les cookies dans le <a href=\"http:\/\/www.agpd.es\/portalwebAGPD\/canaldocumentacion\/publicaciones\/common\/Guias\/Guia_Cookies.pdf\" target=\"_blank\" rel=\"noopener noreferrer\">Guide sur l&#8217;utilisation des cookies<\/a> dans l&#8217;<a href=\"http:\/\/www.agpd.es\/\" target=\"_blank\" rel=\"noopener noreferrer\">Agence de protection des donn\u00e9es espagnole<\/a>.<\/p>\n<h3 style=\"text-align: left;\">Donn\u00e9es fiscales<\/h3>\n<p style=\"text-align: left;\">Alquienvas, S.L.<br \/>\nCIF: B25335332<br \/>\nC \/ Catalunya, 4<br \/>\n25337 Bellcaire d&#8217;Urgell<br \/>\nLerida<br \/>\nT\u00e9l\u00e9phone: +34 973 586 067<\/p>\n<p>[\/vc_column_text][\/vc_column][\/vc_row]<\/p>","protected":false},"excerpt":{"rendered":"<p>[vc_row][vc_column][vc_column_text] Cet avis juridique (ci-apr\u00e8s, l &#8216; \u00ab avis juridique \u00bb) r\u00e9git l&#8217;utilisation du service de portail Internet http:\/\/www.alquienvasplastic.com (ci-apr\u00e8s, le \u00ab Web \u00bb) du Alquienvas Group cr\u00e9\u00e9 en C \/ Catalunya, 4 25337 Bellcaire d&#8217;Urgell (Lleida) et CIF: B25335332 L\u00e9gislation Dans les relations entre l&#8217;effet Alquienvas Group et les utilisateurs de ses services t\u00e9l\u00e9matiques [&hellip;]<\/p>\n","protected":false},"author":3,"featured_media":0,"parent":0,"menu_order":0,"comment_status":"closed","ping_status":"closed","template":"page-single_footer.php","meta":{"footnotes":""},"class_list":["post-765","page","type-page","status-publish","hentry"],"_links":{"self":[{"href":"https:\/\/alquienvasplastic.com\/fr\/wp-json\/wp\/v2\/pages\/765"}],"collection":[{"href":"https:\/\/alquienvasplastic.com\/fr\/wp-json\/wp\/v2\/pages"}],"about":[{"href":"https:\/\/alquienvasplastic.com\/fr\/wp-json\/wp\/v2\/types\/page"}],"author":[{"embeddable":true,"href":"https:\/\/alquienvasplastic.com\/fr\/wp-json\/wp\/v2\/users\/3"}],"replies":[{"embeddable":true,"href":"https:\/\/alquienvasplastic.com\/fr\/wp-json\/wp\/v2\/comments?post=765"}],"version-history":[{"count":0,"href":"https:\/\/alquienvasplastic.com\/fr\/wp-json\/wp\/v2\/pages\/765\/revisions"}],"wp:attachment":[{"href":"https:\/\/alquienvasplastic.com\/fr\/wp-json\/wp\/v2\/media?parent=765"}],"curies":[{"name":"wp","href":"https:\/\/api.w.org\/{rel}","templated":true}]}}