{"id":600,"date":"2017-06-15T15:30:04","date_gmt":"2017-06-15T13:30:04","guid":{"rendered":"https:\/\/alquienvasplastic.com\/?page_id=600"},"modified":"2025-04-02T10:08:43","modified_gmt":"2025-04-02T08:08:43","slug":"ventajas-y-caracteristicas","status":"publish","type":"page","link":"https:\/\/alquienvasplastic.com\/fr\/ventajas-y-caracteristicas\/","title":{"rendered":"MAT\u00c9RIEL"},"content":{"rendered":"<p>[vc_row 0=&#8221;&#8221; full_width=&#8221;stretch_row_content_no_spaces&#8221;][vc_column 0=&#8221;&#8221; width=&#8221;1\/6&#8243;][\/vc_column][vc_column width=&#8221;2\/3&#8243;][vc_single_image image=&#8221;3232&#8243; img_size=&#8221;full&#8221; alignment=&#8221;center&#8221;][vc_column_text]<\/p>\n<h3 style=\"text-align: center;\"><strong>PEHD\u00a0 &#8211;\u00a0 PELD\u00a0 &#8211;\u00a0 PP\u00a0 &#8211;\u00a0 PS<\/strong><\/h3>\n<p>[\/vc_column_text][vc_empty_space][\/vc_column][vc_column width=&#8221;1\/6&#8243;][\/vc_column][\/vc_row][vc_row full_width=&#8221;stretch_row&#8221; equal_height=&#8221;yes&#8221; content_placement=&#8221;middle&#8221; css=&#8221;.vc_custom_1497533837757{border-radius: 35px !important;}&#8221;][vc_column width=&#8221;1\/3&#8243; css=&#8221;.vc_custom_1595928598785{background-color: #ffffff !important;border-radius: 30px !important;}&#8221;][vc_icon icon_fontawesome=&#8221;fa fa-leaf&#8221; color=&#8221;green&#8221; size=&#8221;xl&#8221; align=&#8221;center&#8221;]    \n    <div class=\"title_subtitle\" style=\"text-align:center\">\n        <h3 style=\"color:#327627 !important; font-size:26px\">ECOLOGIE<\/h3>\n                    <\/div>\n\n\t[\/vc_column][vc_column width=&#8221;2\/3&#8243;][vc_column_text css=&#8221;.vc_custom_1497533553315{margin-top: 0px !important;border-top-width: 0px !important;padding-top: 0px !important;border-radius: 10px !important;}&#8221;]<\/p>\n<ul>\n<li><span style=\"font-family: Lato,Raleway,'Helvetica Neue',Helvetica,Arial,sans-serif; font-size: 14pt;\"><span style=\"font-size: 12pt;\"><span style=\"font-size: 18pt;\"><span style=\"font-size: 14pt;\">Fabriqu\u00e9 avec des mat\u00e9riaux en plastique de haute qualit\u00e9<\/span><\/span><\/span><\/span><\/li>\n<li><span style=\"font-family: Lato,Raleway,'Helvetica Neue',Helvetica,Arial,sans-serif; font-size: 14pt;\"><span style=\"font-size: 12pt;\"><span style=\"font-size: 18pt;\"><span style=\"font-size: 14pt;\">100% recyclable<\/span><\/span><\/span><\/span><\/li>\n<li><span style=\"font-family: Lato,Raleway,'Helvetica Neue',Helvetica,Arial,sans-serif; font-size: 14pt;\"><span style=\"font-size: 12pt;\"><span style=\"font-size: 18pt;\"><span style=\"font-size: 14pt;\">Ils sont durables<\/span><\/span><\/span><\/span><\/li>\n<li><span style=\"font-family: Lato,Raleway,'Helvetica Neue',Helvetica,Arial,sans-serif; font-size: 14pt;\"><span style=\"font-size: 12pt;\"><span style=\"font-size: 18pt;\"><span style=\"font-size: 14pt;\">Pas d&#8217;amorces ne contiennent aucun additif<\/span><\/span><\/span><\/span><\/li>\n<li><span style=\"font-family: Lato,Raleway,'Helvetica Neue',Helvetica,Arial,sans-serif; font-size: 14pt;\"><span style=\"font-size: 12pt;\"><span style=\"font-size: 14pt;\">R\u00e9compens\u00e9 par le label \u00e9cologique Blue Angel<\/span><\/span><\/span><\/li>\n<\/ul>\n<p>[\/vc_column_text][\/vc_column][\/vc_row][vc_row 0=&#8221;&#8221;][vc_column 0=&#8221;&#8221;][vc_empty_space 0=&#8221;&#8221; height=&#8221;15&#8243;][\/vc_column][\/vc_row][vc_row full_width=&#8221;stretch_row&#8221; equal_height=&#8221;yes&#8221; content_placement=&#8221;middle&#8221; css=&#8221;.vc_custom_1497533837757{border-radius: 35px !important;}&#8221;][vc_column width=&#8221;1\/3&#8243; css=&#8221;.vc_custom_1595928638995{background-color: #ffffff !important;border-radius: 30px !important;}&#8221;][vc_icon icon_fontawesome=&#8221;fa fa-line-chart&#8221; size=&#8221;xl&#8221; align=&#8221;center&#8221;]    \n    <div class=\"title_subtitle\" style=\"text-align:center\">\n        <h3 style=\"color:#315e94 !important; font-size:26px\">\u00c9CONOMIQUE<\/h3>\n                    <\/div>\n\n\t[\/vc_column][vc_column width=&#8221;2\/3&#8243;][vc_column_text css=&#8221;.vc_custom_1497534112366{margin-top: 0px !important;border-top-width: 0px !important;padding-top: 0px !important;border-radius: 10px !important;}&#8221;]<\/p>\n<div class=\"ptsCell\">\n<div class=\"ptsEl\" data-type=\"txt\" data-el=\"table_cell_txt\">\n<ul>\n<li><span style=\"font-family: Lato,Raleway,'Helvetica Neue',Helvetica,Arial,sans-serif; font-size: 14pt;\"><span style=\"font-size: 12pt;\"><span style=\"font-size: 14pt;\">Aucun frais d&#8217;entretien<\/span><\/span><\/span><\/li>\n<li><span style=\"font-family: Lato,Raleway,'Helvetica Neue',Helvetica,Arial,sans-serif; font-size: 14pt;\"><span style=\"font-size: 12pt;\"><span style=\"font-size: 14pt;\">Longue vie, garantie 25 ans<\/span><\/span><\/span><\/li>\n<li><span style=\"font-family: Lato,Raleway,'Helvetica Neue',Helvetica,Arial,sans-serif; font-size: 14pt;\"><span style=\"font-size: 12pt;\"><span style=\"font-size: 14pt;\">Inalt\u00e9rables au fil du temps<\/span><\/span><\/span><\/li>\n<li><span style=\"font-family: Lato,Raleway,'Helvetica Neue',Helvetica,Arial,sans-serif; font-size: 14pt;\"><span style=\"font-size: 12pt;\"><span style=\"font-size: 14pt;\">\u00c9riger<\/span><br \/>\n<\/span><\/span><\/li>\n<\/ul>\n<\/div>\n<\/div>\n<p>[\/vc_column_text][\/vc_column][\/vc_row][vc_row 0=&#8221;&#8221;][vc_column 0=&#8221;&#8221;][vc_empty_space 0=&#8221;&#8221; height=&#8221;15&#8243;][\/vc_column][\/vc_row][vc_row full_width=&#8221;stretch_row&#8221; equal_height=&#8221;yes&#8221; content_placement=&#8221;middle&#8221; css=&#8221;.vc_custom_1497713610471{margin-bottom: 0px !important;border-bottom-width: 0px !important;padding-bottom: 0px !important;border-radius: 35px !important;}&#8221;][vc_column width=&#8221;1\/3&#8243; css=&#8221;.vc_custom_1595928688975{background-color: #ffffff !important;border-radius: 30px !important;}&#8221;][vc_icon icon_fontawesome=&#8221;fa fa-wrench&#8221; color=&#8221;custom&#8221; size=&#8221;xl&#8221; align=&#8221;center&#8221; custom_color=&#8221;#efef3f&#8221;]    \n    <div class=\"title_subtitle\" style=\"text-align:center\">\n        <h3 style=\"color:#efef3f !important; font-size:26px\">EXPERIMENTAL<\/h3>\n                    <\/div>\n\n\t[\/vc_column][vc_column width=&#8221;2\/3&#8243;][vc_column_text css=&#8221;.vc_custom_1497534680372{margin-top: 0px !important;border-top-width: 0px !important;padding-top: 0px !important;border-radius: 10px !important;}&#8221;]<\/p>\n<ul>\n<li><span style=\"font-family: Lato,Raleway,'Helvetica Neue',Helvetica,Arial,sans-serif; font-size: 14pt;\"><span style=\"font-size: 12pt;\"><span style=\"font-size: 18pt;\"><span style=\"font-size: 14pt;\">Produits sous contr\u00f4le constant et reconnaissance<\/span><\/span><\/span><\/span><\/li>\n<li><span style=\"font-family: Lato,Raleway,'Helvetica Neue',Helvetica,Arial,sans-serif; font-size: 14pt;\"><span style=\"font-size: 12pt;\"><span style=\"font-size: 18pt;\"><span style=\"font-size: 14pt;\">Stabilisateurs contiennent des UV<\/span><\/span><\/span><\/span><\/li>\n<li><span style=\"font-family: Lato,Raleway,'Helvetica Neue',Helvetica,Arial,sans-serif; font-size: 14pt;\"><span style=\"font-size: 12pt;\"><span style=\"font-size: 18pt;\"><span style=\"font-size: 14pt;\">R\u00e9sistant aux intemp\u00e9ries, des acides, des huiles, des sels et l&#8217;eau de mer<\/span><\/span><\/span><\/span><\/li>\n<li><span style=\"font-family: Lato,Raleway,'Helvetica Neue',Helvetica,Arial,sans-serif; font-size: 14pt;\"><span style=\"font-size: 12pt;\"><span style=\"font-size: 18pt;\"><span style=\"font-size: 14pt;\">Ne sont pas affect\u00e9es par l&#8217;humidit\u00e9<\/span><\/span><\/span><\/span><\/li>\n<li><span style=\"font-family: Lato,Raleway,'Helvetica Neue',Helvetica,Arial,sans-serif; font-size: 14pt;\"><span style=\"font-size: 12pt;\"><span style=\"font-size: 18pt;\"><span style=\"font-size: 14pt;\">Pas \u00e9caillage<\/span><\/span><\/span><\/span><\/li>\n<\/ul>\n<p>[\/vc_column_text][\/vc_column][\/vc_row][vc_row 0=&#8221;&#8221; full_width=&#8221;stretch_row_content_no_spaces&#8221;][vc_column 0=&#8221;&#8221;][vc_empty_space height=&#8221;20&#8243;][vc_row_inner content_placement=&#8221;middle&#8221;][vc_column_inner][vc_cta h2=&#8221;CERTIFICATS OBTENUS&#8221; txt_align=&#8221;center&#8221; style=&#8221;flat&#8221; add_button=&#8221;right&#8221; btn_title=&#8221;Voir la certification&#8221; btn_style=&#8221;flat&#8221; btn_color=&#8221;green&#8221; btn_align=&#8221;center&#8221; btn_i_icon_fontawesome=&#8221;fa fa-search-plus&#8221; btn_add_icon=&#8221;true&#8221; btn_link=&#8221;url:https%3A%2F%2Falquienvasplastic.com%2Fcertificacion%2F|title:%5B%3Aca%5DCERTIFICACI%C3%93%5B%3Aen%5DCERTIFICATION%5B%3Afr%5DCERTIFICATION%5B%3Aes%5DCERTIFICACI%C3%93N%5B%3Ait%5DCERTIFICAZIONE%5B%3A%5D||&#8221;]Nous nous conformons \u00e0 tous les meilleurs certificats europ\u00e9ens de garantie et de qualit\u00e9 environnementale[\/vc_cta][\/vc_column_inner][\/vc_row_inner][\/vc_column][\/vc_row][vc_row css=&#8221;.vc_custom_1497535150871{margin-bottom: 0px !important;border-bottom-width: 0px !important;padding-bottom: 0px !important;}&#8221;][vc_column 0=&#8221;&#8221;]    \n    <div class=\"title_subtitle\" style=\"text-align:center\">\n        <h3 style=\"color:#000000 !important; font-size:36px\">GRANDE VARI\u00c9T\u00c9 DE PRODUITS<\/h3>\n        <hr class=\"title_subtitle_separator\" style=\"border-bottom-color:#000000\"><\/hr>            <\/div>\n\n\t[vc_column_text css=&#8221;.vc_custom_1497535271636{margin-bottom: 0px !important;border-bottom-width: 0px !important;padding-bottom: 0px !important;}&#8221;]<\/p>\n<p>Merci aux avantages que les produits en plastique recycl\u00e9 et de polyvalence offrent l&#8217;\u00e9tude, le d\u00e9veloppement, la construction et la production de nouveaux produits sur mesure.<\/p>\n<p>[\/vc_column_text][vc_column_text css=&#8221;.vc_custom_1595928842055{margin-bottom: 0px !important;border-bottom-width: 0px !important;padding-bottom: 0px !important;}&#8221;]<\/p>\n<p style=\"text-align: center;\"><strong>Applications possibles:<\/strong><\/p>\n<p>[\/vc_column_text][vc_row_inner css=&#8221;.vc_custom_1497535119183{margin-top: 0px !important;border-top-width: 0px !important;padding-top: 0px !important;}&#8221;][vc_column_inner width=&#8221;1\/2&#8243; css=&#8221;.vc_custom_1497535216269{margin-top: 0px !important;border-top-width: 0px !important;padding-top: 0px !important;}&#8221;][vc_empty_space][vc_column_text 0=&#8221;&#8221;]<\/p>\n<ul>\n<li>Mobilier urbain<\/li>\n<li>Parcs publics<\/li>\n<li>Aires de jeux<\/li>\n<li>Panneaux de signalisation routi\u00e8re<\/li>\n<li>Protection contre le bruit<\/li>\n<li>Passerelles marins<\/li>\n<li>Horticulture et paysage<\/li>\n<li>Agriculture<\/li>\n<\/ul>\n<p>[\/vc_column_text][\/vc_column_inner][vc_column_inner width=&#8221;1\/2&#8243;][vc_column_text 0=&#8221;&#8221;]<\/p>\n<ul>\n<li>Granges et \u00e9curies<\/li>\n<li>Protection des arbres<\/li>\n<li>Lattices<\/li>\n<li>Ing\u00e9nierie hydraulique<\/li>\n<li>Industrie<\/li>\n<li>Construction<\/li>\n<li>Commerce<\/li>\n<li>Artisanat<\/li>\n<\/ul>\n<p>[\/vc_column_text][\/vc_column_inner][\/vc_row_inner][\/vc_column][\/vc_row][vc_row 0=&#8221;&#8221; full_width=&#8221;stretch_row_content_no_spaces&#8221;][vc_column 0=&#8221;&#8221;][vc_row_inner content_placement=&#8221;middle&#8221;][vc_column_inner][vc_cta h2=&#8221;R\u00c9F\u00c9RENCES PRODUISENT PLUS DE 1000 DIFFERENT&#8221; txt_align=&#8221;center&#8221; style=&#8221;flat&#8221; add_button=&#8221;right&#8221; btn_title=&#8221;Contact&#8221; btn_style=&#8221;flat&#8221; btn_color=&#8221;green&#8221; btn_align=&#8221;center&#8221; btn_i_icon_fontawesome=&#8221;fa fa-user&#8221; btn_add_icon=&#8221;true&#8221; btn_link=&#8221;url:https%3A%2F%2Falquienvasplastic.com%2Fcontacta%2F|||&#8221;]D&#8217;autres dimensions du produit sur demande, s&#8217;il vous pla\u00eet nous consulter! Ils peuvent \u00eatre faits, et vous pouvez \u00e9galement commander d&#8217;autres couleurs au-del\u00e0 de la norme.[\/vc_cta][\/vc_column_inner][\/vc_row_inner][\/vc_column][\/vc_row][vc_row 0=&#8221;&#8221; full_width=&#8221;stretch_row_content_no_spaces&#8221;][vc_column 0=&#8221;&#8221; width=&#8221;1\/6&#8243;][\/vc_column][vc_column width=&#8221;2\/3&#8243;][vc_single_image image=&#8221;2358&#8243; img_size=&#8221;large&#8221; alignment=&#8221;center&#8221;][\/vc_column][vc_column width=&#8221;1\/6&#8243;][\/vc_column][\/vc_row]<\/p>","protected":false},"excerpt":{"rendered":"<p>[vc_row 0=&#8221;&#8221; full_width=&#8221;stretch_row_content_no_spaces&#8221;][vc_column 0=&#8221;&#8221; width=&#8221;1\/6&#8243;][\/vc_column][vc_column width=&#8221;2\/3&#8243;][vc_single_image image=&#8221;3232&#8243; img_size=&#8221;full&#8221; alignment=&#8221;center&#8221;][vc_column_text] PEHD\u00a0 &#8211;\u00a0 PELD\u00a0 &#8211;\u00a0 PP\u00a0 &#8211;\u00a0 PS [\/vc_column_text][vc_empty_space][\/vc_column][vc_column width=&#8221;1\/6&#8243;][\/vc_column][\/vc_row][vc_row full_width=&#8221;stretch_row&#8221; equal_height=&#8221;yes&#8221; content_placement=&#8221;middle&#8221; css=&#8221;.vc_custom_1497533837757{border-radius: 35px !important;}&#8221;][vc_column width=&#8221;1\/3&#8243; css=&#8221;.vc_custom_1595928598785{background-color: #ffffff !important;border-radius: 30px !important;}&#8221;][vc_icon icon_fontawesome=&#8221;fa fa-leaf&#8221; color=&#8221;green&#8221; size=&#8221;xl&#8221; align=&#8221;center&#8221;][\/vc_column][vc_column width=&#8221;2\/3&#8243;][vc_column_text css=&#8221;.vc_custom_1497533553315{margin-top: 0px !important;border-top-width: 0px !important;padding-top: 0px !important;border-radius: 10px !important;}&#8221;] Fabriqu\u00e9 avec des mat\u00e9riaux en plastique de haute qualit\u00e9 100% [&hellip;]<\/p>\n","protected":false},"author":3,"featured_media":0,"parent":0,"menu_order":0,"comment_status":"closed","ping_status":"closed","template":"","meta":{"footnotes":""},"class_list":["post-600","page","type-page","status-publish","hentry"],"_links":{"self":[{"href":"https:\/\/alquienvasplastic.com\/fr\/wp-json\/wp\/v2\/pages\/600"}],"collection":[{"href":"https:\/\/alquienvasplastic.com\/fr\/wp-json\/wp\/v2\/pages"}],"about":[{"href":"https:\/\/alquienvasplastic.com\/fr\/wp-json\/wp\/v2\/types\/page"}],"author":[{"embeddable":true,"href":"https:\/\/alquienvasplastic.com\/fr\/wp-json\/wp\/v2\/users\/3"}],"replies":[{"embeddable":true,"href":"https:\/\/alquienvasplastic.com\/fr\/wp-json\/wp\/v2\/comments?post=600"}],"version-history":[{"count":29,"href":"https:\/\/alquienvasplastic.com\/fr\/wp-json\/wp\/v2\/pages\/600\/revisions"}],"predecessor-version":[{"id":4986,"href":"https:\/\/alquienvasplastic.com\/fr\/wp-json\/wp\/v2\/pages\/600\/revisions\/4986"}],"wp:attachment":[{"href":"https:\/\/alquienvasplastic.com\/fr\/wp-json\/wp\/v2\/media?parent=600"}],"curies":[{"name":"wp","href":"https:\/\/api.w.org\/{rel}","templated":true}]}}