{"id":460,"date":"2017-05-23T18:11:43","date_gmt":"2017-05-23T16:11:43","guid":{"rendered":"https:\/\/alquienvasplastic.com\/?page_id=460"},"modified":"2023-05-26T10:19:49","modified_gmt":"2023-05-26T08:19:49","slug":"certificacion","status":"publish","type":"page","link":"https:\/\/alquienvasplastic.com\/fr\/certificacion\/","title":{"rendered":"CERTIFICATION"},"content":{"rendered":"<p>[vc_row css=&#8221;.vc_custom_1497112368221{margin-bottom: 0px !important;border-bottom-width: 0px !important;padding-bottom: 0px !important;}&#8221;][vc_column]    \n    <div class=\"title_subtitle\" style=\"text-align:center\">\n        <h3 style=\"color:#000000 !important; font-size:36px\">Certificats obtenus<\/h3>\n        <hr class=\"title_subtitle_separator\" style=\"border-bottom-color:#000000\"><\/hr>            <\/div>\n\n\t[vc_row_inner][vc_column_inner width=&#8221;1\/2&#8243;][vc_single_image image=&#8221;557&#8243; img_size=&#8221;220&#215;220&#8243; alignment=&#8221;right&#8221;][\/vc_column_inner][vc_column_inner width=&#8221;1\/2&#8243;][vc_column_text]<\/p>\n<h3>Der Blaue Engel<\/h3>\n<p align=\"justify\">Ce certificat distingue les produits \u00e0 faible impact sur l&#8217;environnement au cours de leur cycle de vie.<br \/>\nIl est donn\u00e9 aux produits qui r\u00e9pondent aux crit\u00e8res de r\u00e9duction de l&#8217;impact environnemental dans les \u00e9tapes de fabrication et de recyclage, l&#8217;utilisation d&#8217;emballage, l&#8217;\u00e9mission, la collecte et le rejet. En plus des crit\u00e8res environnementaux, il int\u00e8gre la qualit\u00e9, la s\u00e9curit\u00e9, la consommation d&#8217;\u00e9nergie et d&#8217;autres. Il est l&#8217;un des labels les plus prestigieux dans le monde entier.<\/p>\n<p>[\/vc_column_text][\/vc_column_inner][\/vc_row_inner][vc_empty_space][vc_row_inner][vc_column_inner width=&#8221;1\/2&#8243;][vc_single_image image=&#8221;566&#8243; img_size=&#8221;220&#215;220&#8243; alignment=&#8221;right&#8221;][\/vc_column_inner][vc_column_inner width=&#8221;1\/2&#8243;][vc_column_text]<\/p>\n<h3>DIN EN 131<\/h3>\n<p align=\"justify\">Ceci est un certificat qui est inclus dans un projet europ\u00e9en de r\u00e9glementer les r\u00e8gles de s\u00e9curit\u00e9 g\u00e9n\u00e9rale, les exigences et l&#8217;utilisation des \u00e9chelles.<\/p>\n<p>[\/vc_column_text][\/vc_column_inner][\/vc_row_inner][vc_empty_space][vc_row_inner][vc_column_inner width=&#8221;1\/2&#8243;][vc_single_image image=&#8221;565&#8243; img_size=&#8221;220&#215;220&#8243; alignment=&#8221;right&#8221;][\/vc_column_inner][vc_column_inner width=&#8221;1\/2&#8243;][vc_column_text]<\/p>\n<h3>DIN EN 71\/3<\/h3>\n<p align=\"justify\">Ce certificat se concentre sur les conditions chimiques des mat\u00e9riaux qui font partie de la commercialisation des jouets, n\u00e9cessaires pour se conformer \u00e0 la directive europ\u00e9enne sur la s\u00e9curit\u00e9 des jouets (2009\/48 \/ CE).<\/p>\n<p>[\/vc_column_text][\/vc_column_inner][\/vc_row_inner][vc_empty_space][vc_row_inner][vc_column_inner width=&#8221;1\/2&#8243;][vc_single_image image=&#8221;568&#8243; img_size=&#8221;220&#215;220&#8243; alignment=&#8221;right&#8221;][\/vc_column_inner][vc_column_inner width=&#8221;1\/2&#8243;][vc_column_text]<\/p>\n<h3>Reach<\/h3>\n<p align=\"justify\">Ce certificat d\u00e9livr\u00e9 par l&#8217;<a href=\"https:\/\/echa.europa.eu\/\" target=\"_blank\" rel=\"noopener noreferrer\">Agence europ\u00e9enne<\/a> des produits chimiques contr\u00f4le l&#8217;enregistrement, l&#8217;\u00e9valuation, l&#8217;autorisation et la restriction des produits chimiques, afin d&#8217;assurer la s\u00e9curit\u00e9 des produits qui ont \u00e9t\u00e9 mis au point avec ceux-ci.<\/p>\n<p>[\/vc_column_text][\/vc_column_inner][\/vc_row_inner][vc_empty_space][vc_row_inner][vc_column_inner width=&#8221;1\/2&#8243;][vc_single_image image=&#8221;570&#8243; img_size=&#8221;220&#215;220&#8243; alignment=&#8221;right&#8221;][\/vc_column_inner][vc_column_inner width=&#8221;1\/2&#8243;][vc_column_text]<\/p>\n<h3>ISO 50001<\/h3>\n<p align=\"justify\">Il est une des r\u00e8gles de la norme internationale pour maintenir et am\u00e9liorer la gestion de l&#8217;alimentation du syst\u00e8me, y compris l&#8217;efficacit\u00e9 \u00e9nerg\u00e9tique, la s\u00e9curit\u00e9 \u00e9nerg\u00e9tique et l&#8217;utilisation et la consommation d&#8217;\u00e9nergie elle-m\u00eame. Cette loi encourage les entreprises \u00e0 r\u00e9duire constamment leur consommation d&#8217;\u00e9nergie, et donc leurs co\u00fbts d&#8217;\u00e9nergie et les \u00e9missions de gaz \u00e0 effet de serre.<\/p>\n<p>[\/vc_column_text][\/vc_column_inner][\/vc_row_inner][vc_row_inner][vc_column_inner width=&#8221;1\/2&#8243;][vc_single_image image=&#8221;571&#8243; img_size=&#8221;220&#215;220&#8243; alignment=&#8221;right&#8221;][\/vc_column_inner][vc_column_inner width=&#8221;1\/2&#8243;][vc_empty_space][vc_column_text]<\/p>\n<h3>ISO 14001<\/h3>\n<p align=\"justify\">Ceci est un autre r\u00e8gles de la norme internationale, qui accr\u00e9dite la certification de la protection de l&#8217;environnement, et soutient les plans environnementaux de tout organisme public ou priv\u00e9 pour assurer la protection de l&#8217;environnement.<\/p>\n<p>[\/vc_column_text][\/vc_column_inner][\/vc_row_inner][vc_row_inner][vc_column_inner width=&#8221;1\/2&#8243;][vc_single_image image=&#8221;574&#8243; img_size=&#8221;220&#215;220&#8243; alignment=&#8221;right&#8221;][\/vc_column_inner][vc_column_inner width=&#8221;1\/2&#8243;][vc_empty_space][vc_column_text]<\/p>\n<h3>Eucertplast<\/h3>\n<p align=\"justify\">Il est une certification qui suit les normes europ\u00e9ennes pour \u00e9valuer la teneur en mati\u00e8re recycl\u00e9e de recyclage des mati\u00e8res plastiques et l&#8217;assurance qualit\u00e9. Il est destin\u00e9 aux entreprises qui utilisent \u00ab post-consommation \u00bb en plastique recycl\u00e9.<\/p>\n<p>[\/vc_column_text][\/vc_column_inner][\/vc_row_inner][\/vc_column][\/vc_row]<\/p>","protected":false},"excerpt":{"rendered":"<p>[vc_row css=&#8221;.vc_custom_1497112368221{margin-bottom: 0px !important;border-bottom-width: 0px !important;padding-bottom: 0px !important;}&#8221;][vc_column][vc_row_inner][vc_column_inner width=&#8221;1\/2&#8243;][vc_single_image image=&#8221;557&#8243; img_size=&#8221;220&#215;220&#8243; alignment=&#8221;right&#8221;][\/vc_column_inner][vc_column_inner width=&#8221;1\/2&#8243;][vc_column_text] Der Blaue Engel Ce certificat distingue les produits \u00e0 faible impact sur l&#8217;environnement au cours de leur cycle de vie. Il est donn\u00e9 aux produits qui r\u00e9pondent aux crit\u00e8res de r\u00e9duction de l&#8217;impact environnemental dans les \u00e9tapes de fabrication et de recyclage, [&hellip;]<\/p>\n","protected":false},"author":3,"featured_media":0,"parent":0,"menu_order":0,"comment_status":"closed","ping_status":"closed","template":"","meta":{"footnotes":""},"class_list":["post-460","page","type-page","status-publish","hentry"],"_links":{"self":[{"href":"https:\/\/alquienvasplastic.com\/fr\/wp-json\/wp\/v2\/pages\/460"}],"collection":[{"href":"https:\/\/alquienvasplastic.com\/fr\/wp-json\/wp\/v2\/pages"}],"about":[{"href":"https:\/\/alquienvasplastic.com\/fr\/wp-json\/wp\/v2\/types\/page"}],"author":[{"embeddable":true,"href":"https:\/\/alquienvasplastic.com\/fr\/wp-json\/wp\/v2\/users\/3"}],"replies":[{"embeddable":true,"href":"https:\/\/alquienvasplastic.com\/fr\/wp-json\/wp\/v2\/comments?post=460"}],"version-history":[{"count":0,"href":"https:\/\/alquienvasplastic.com\/fr\/wp-json\/wp\/v2\/pages\/460\/revisions"}],"wp:attachment":[{"href":"https:\/\/alquienvasplastic.com\/fr\/wp-json\/wp\/v2\/media?parent=460"}],"curies":[{"name":"wp","href":"https:\/\/api.w.org\/{rel}","templated":true}]}}