{"id":458,"date":"2017-05-23T18:11:29","date_gmt":"2017-05-23T16:11:29","guid":{"rendered":"https:\/\/alquienvasplastic.com\/?page_id=458"},"modified":"2024-04-17T15:36:46","modified_gmt":"2024-04-17T13:36:46","slug":"quien-somos","status":"publish","type":"page","link":"https:\/\/alquienvasplastic.com\/fr\/quien-somos\/","title":{"rendered":"QUI NOUS SOMMES"},"content":{"rendered":"<p>[vc_row][vc_column][vc_video link=&#8221;https:\/\/www.youtube.com\/watch?v=7SrlpGr0Xrk&#8221;][\/vc_column][\/vc_row][vc_row][vc_column css=&#8221;.vc_custom_1497715235735{padding-top: 32px !important;padding-bottom: 32px !important;}&#8221;][vc_column_text]<\/p>\n<p style=\"text-align: justify;\">Le Groupe Alquienvas met \u00e0 la disposition de ses clients la gamme la plus \u00e9tendue de produits fabriqu\u00e9s \u00e0 100% avec du plastique recycl\u00e9 issu de la collecte s\u00e9lective urbaine.<br \/>\nTous les produits pr\u00e9sent\u00e9s dans ce catalogue sont le r\u00e9sultat de l&#8217;exp\u00e9rience la plus \u00e9prouv\u00e9e, tant dans leur fonctionnalit\u00e9 que dans leur conception, des 25 ann\u00e9es de travail d&#8217;Alquienvas dans ce secteur.<\/p>\n<p>[\/vc_column_text][vc_single_image image=&#8221;4188&#8243; img_size=&#8221;full&#8221; alignment=&#8221;center&#8221; style=&#8221;vc_box_border_circle&#8221;][vc_empty_space][vc_column_text]<\/p>\n<p style=\"text-align: justify;\">Le Groupe Alquienvas conseille \u00e9galement ses clients dans le choix des solutions id\u00e9ales pour chaque besoin de collecte s\u00e9lective. Un approvisionnement rapide et une s\u00e9curit\u00e9 optent toujours pour la meilleure alternative.<br \/>\nUne large s\u00e9lection d&#8217;articles promotionnels, id\u00e9ale pour les campagnes et autres actions de relations publiques et de communication, est \u00e9galement \u00e0 votre disposition.[\/vc_column_text][\/vc_column][\/vc_row][vc_row][vc_column][vc_cta h2=&#8221;Conseil + Process + Mat\u00e9riaux + Communication environnementale = SOLUTION INT\u00c9GRALE&#8221; txt_align=&#8221;center&#8221; style=&#8221;flat&#8221; color=&#8221;green&#8221; add_button=&#8221;bottom&#8221; btn_title=&#8221;Demandez-nous sans engagement&#8221; btn_align=&#8221;center&#8221; btn_link=&#8221;url:https%3A%2F%2Falquienvasplastic.com%2Fcontacta%2F|||&#8221;]Nous effectuons du conseil \u00e0 l&#8217;ex\u00e9cution de la solution finale du syst\u00e8me de collecte, du processus de r\u00e9duction des d\u00e9chets, des produits recycl\u00e9s et des campagnes de communication environnementale, en obtenant une efficacit\u00e9 et une efficience maximales pour nos clients.[\/vc_cta][\/vc_column][\/vc_row][vc_row][vc_column]    \n    <div class=\"title_subtitle\" style=\"text-align:center\">\n        <h3 style=\"color:#65ad00 !important; font-size:36px\">ENTREPRISES DU GROUPE<\/h3>\n        <hr class=\"title_subtitle_separator\" style=\"border-bottom-color:#65ad00\"><\/hr>            <\/div>\n\n\t[\/vc_column][\/vc_row][vc_row full_width=&#8221;stretch_row_content_no_spaces&#8221;][vc_column width=&#8221;1\/4&#8243;][vc_single_image image=&#8221;4559&#8243; img_size=&#8221;medium&#8221; alignment=&#8221;center&#8221; onclick=&#8221;custom_link&#8221; img_link_target=&#8221;_blank&#8221; link=&#8221;http:\/\/www.alquienvas.com&#8221;][\/vc_column][vc_column width=&#8221;1\/4&#8243;][vc_single_image image=&#8221;4561&#8243; img_size=&#8221;medium&#8221; alignment=&#8221;center&#8221; onclick=&#8221;custom_link&#8221; img_link_target=&#8221;_blank&#8221; link=&#8221;http:\/\/www.greenprojectsolutions.com&#8221;][\/vc_column][vc_column width=&#8221;1\/4&#8243;][vc_single_image image=&#8221;4562&#8243; img_size=&#8221;medium&#8221; alignment=&#8221;center&#8221; onclick=&#8221;custom_link&#8221; img_link_target=&#8221;_blank&#8221; link=&#8221;http:\/\/www.vicentsole.com&#8221;][\/vc_column][vc_column width=&#8221;1\/4&#8243;][vc_single_image image=&#8221;4557&#8243; img_size=&#8221;medium&#8221; alignment=&#8221;center&#8221; onclick=&#8221;custom_link&#8221; img_link_target=&#8221;_blank&#8221; link=&#8221;http:\/\/www.alquienvas-smart.com&#8221;][\/vc_column][\/vc_row][vc_row full_width=&#8221;stretch_row_content_no_spaces&#8221;][vc_column][vc_empty_space]    \n    <div class=\"title_subtitle\" style=\"text-align:center\">\n        <h3 style=\"color:#65ad00 !important; font-size:36px\">SERVICES SUPPL\u00c9MENTAIRES<\/h3>\n        <hr class=\"title_subtitle_separator\" style=\"border-bottom-color:#65ad00\"><\/hr>            <\/div>\n\n\t[vc_row_inner][vc_column_inner width=&#8221;1\/4&#8243;][vc_icon icon_fontawesome=&#8221;fa fa-codepen&#8221; color=&#8221;green&#8221; align=&#8221;center&#8221; css=&#8221;.vc_custom_1507061441011{margin-bottom: 0px !important;border-bottom-width: 0px !important;padding-bottom: 0px !important;}&#8221;][vc_column_text]<\/p>\n<h3 style=\"text-align: center;\">STOCKAGE<\/h3>\n<p>[\/vc_column_text][\/vc_column_inner][vc_column_inner width=&#8221;1\/4&#8243;][vc_icon icon_fontawesome=&#8221;fa fa-truck&#8221; color=&#8221;green&#8221; align=&#8221;center&#8221; css=&#8221;.vc_custom_1497715841579{margin-bottom: 0px !important;border-bottom-width: 0px !important;padding-bottom: 0px !important;}&#8221;][vc_column_text]<\/p>\n<h3 style=\"text-align: center;\">TRANSPORT<\/h3>\n<p>[\/vc_column_text][\/vc_column_inner][vc_column_inner width=&#8221;1\/4&#8243;][vc_icon icon_fontawesome=&#8221;fa fa-check-square-o&#8221; color=&#8221;green&#8221; align=&#8221;center&#8221; css=&#8221;.vc_custom_1507058697591{margin-bottom: 0px !important;padding-bottom: 0px !important;}&#8221;][vc_column_text]<\/p>\n<h3 style=\"text-align: center;\">DISTRIBUTION<\/h3>\n<p>[\/vc_column_text][\/vc_column_inner][vc_column_inner width=&#8221;1\/4&#8243;][vc_icon icon_fontawesome=&#8221;fa fa-wrench&#8221; color=&#8221;green&#8221; align=&#8221;center&#8221; css=&#8221;.vc_custom_1497716260534{margin-bottom: 0px !important;border-bottom-width: 0px !important;padding-bottom: 0px !important;}&#8221;][vc_column_text]<\/p>\n<h3 style=\"text-align: center;\">ASSEMBLAGE<\/h3>\n<p>[\/vc_column_text][\/vc_column_inner][\/vc_row_inner][vc_row_inner][vc_column_inner width=&#8221;1\/4&#8243;][vc_icon icon_fontawesome=&#8221;fa fa-history&#8221; color=&#8221;green&#8221; align=&#8221;center&#8221; css=&#8221;.vc_custom_1497716217500{margin-bottom: 0px !important;border-bottom-width: 0px !important;padding-bottom: 0px !important;}&#8221;][vc_column_text]<\/p>\n<h3 style=\"text-align: center;\">ENTRETIEN<\/h3>\n<p>[\/vc_column_text][\/vc_column_inner][vc_column_inner width=&#8221;1\/4&#8243;][vc_icon icon_fontawesome=&#8221;fa fa-envira&#8221; color=&#8221;green&#8221; align=&#8221;center&#8221; css=&#8221;.vc_custom_1497716319540{margin-bottom: 0px !important;border-bottom-width: 0px !important;padding-bottom: 0px !important;}&#8221;][vc_column_text]<\/p>\n<h3 style=\"text-align: center;\">CAMPAGNE DE SENSIBILISATION<\/h3>\n<p>[\/vc_column_text][\/vc_column_inner][vc_column_inner width=&#8221;1\/4&#8243;][vc_icon icon_fontawesome=&#8221;fa fa-tasks&#8221; color=&#8221;green&#8221; align=&#8221;center&#8221; css=&#8221;.vc_custom_1507061704510{margin-bottom: 0px !important;padding-bottom: 0px !important;}&#8221;][vc_column_text]<\/p>\n<h3 style=\"text-align: center;\">CONTR\u00d4LE DE GESTION<\/h3>\n<p>[\/vc_column_text][\/vc_column_inner][vc_column_inner width=&#8221;1\/4&#8243;][vc_icon icon_fontawesome=&#8221;fa fa-calendar&#8221; color=&#8221;green&#8221; align=&#8221;center&#8221; css=&#8221;.vc_custom_1497716505817{margin-bottom: 0px !important;border-bottom-width: 0px !important;padding-bottom: 0px !important;}&#8221;][vc_column_text]<\/p>\n<h3 style=\"text-align: center;\">FINANCEMENT<\/h3>\n<p>[\/vc_column_text][\/vc_column_inner][\/vc_row_inner][vc_empty_space height=&#8221;52px&#8221;][\/vc_column][\/vc_row][vc_row][vc_column width=&#8221;1\/2&#8243;][vc_single_image image=&#8221;4418&#8243; img_size=&#8221;600&#215;300&#8243; alignment=&#8221;center&#8221; style=&#8221;vc_box_border_circle&#8221;][\/vc_column][vc_column width=&#8221;1\/2&#8243;][vc_single_image image=&#8221;4419&#8243; img_size=&#8221;600&#215;300&#8243; alignment=&#8221;center&#8221; style=&#8221;vc_box_border_circle&#8221;][\/vc_column][\/vc_row][vc_row][vc_column][vc_empty_space]    \n    <div class=\"title_subtitle\" style=\"text-align:center\">\n        <h3 style=\"color:#65ad00 !important; font-size:36px\">CERTIFICATIONS<\/h3>\n        <hr class=\"title_subtitle_separator\" style=\"border-bottom-color:#65ad00\"><\/hr>            <\/div>\n\n\t[\/vc_column][\/vc_row][vc_row][vc_column width=&#8221;1\/3&#8243;][vc_single_image image=&#8221;4433&#8243; alignment=&#8221;center&#8221;][\/vc_column][vc_column width=&#8221;1\/3&#8243;][vc_single_image image=&#8221;4432&#8243; alignment=&#8221;center&#8221;][\/vc_column][vc_column width=&#8221;1\/3&#8243;][vc_single_image image=&#8221;4431&#8243; alignment=&#8221;center&#8221;][\/vc_column][\/vc_row]<\/p>","protected":false},"excerpt":{"rendered":"<p>[vc_row][vc_column][vc_video link=&#8221;https:\/\/www.youtube.com\/watch?v=7SrlpGr0Xrk&#8221;][\/vc_column][\/vc_row][vc_row][vc_column css=&#8221;.vc_custom_1497715235735{padding-top: 32px !important;padding-bottom: 32px !important;}&#8221;][vc_column_text] Le Groupe Alquienvas met \u00e0 la disposition de ses clients la gamme la plus \u00e9tendue de produits fabriqu\u00e9s \u00e0 100% avec du plastique recycl\u00e9 issu de la collecte s\u00e9lective urbaine. Tous les produits pr\u00e9sent\u00e9s dans ce catalogue sont le r\u00e9sultat de l&#8217;exp\u00e9rience la plus \u00e9prouv\u00e9e, tant dans leur [&hellip;]<\/p>\n","protected":false},"author":3,"featured_media":0,"parent":0,"menu_order":0,"comment_status":"closed","ping_status":"closed","template":"","meta":{"footnotes":""},"class_list":["post-458","page","type-page","status-publish","hentry"],"_links":{"self":[{"href":"https:\/\/alquienvasplastic.com\/fr\/wp-json\/wp\/v2\/pages\/458"}],"collection":[{"href":"https:\/\/alquienvasplastic.com\/fr\/wp-json\/wp\/v2\/pages"}],"about":[{"href":"https:\/\/alquienvasplastic.com\/fr\/wp-json\/wp\/v2\/types\/page"}],"author":[{"embeddable":true,"href":"https:\/\/alquienvasplastic.com\/fr\/wp-json\/wp\/v2\/users\/3"}],"replies":[{"embeddable":true,"href":"https:\/\/alquienvasplastic.com\/fr\/wp-json\/wp\/v2\/comments?post=458"}],"version-history":[{"count":42,"href":"https:\/\/alquienvasplastic.com\/fr\/wp-json\/wp\/v2\/pages\/458\/revisions"}],"predecessor-version":[{"id":4704,"href":"https:\/\/alquienvasplastic.com\/fr\/wp-json\/wp\/v2\/pages\/458\/revisions\/4704"}],"wp:attachment":[{"href":"https:\/\/alquienvasplastic.com\/fr\/wp-json\/wp\/v2\/media?parent=458"}],"curies":[{"name":"wp","href":"https:\/\/api.w.org\/{rel}","templated":true}]}}